{"id":322,"date":"2023-12-12T15:05:57","date_gmt":"2023-12-12T14:05:57","guid":{"rendered":"http:\/\/simo.advepa.eu\/maleedizioni\/?post_type=product&amp;p=322"},"modified":"2023-12-12T15:05:57","modified_gmt":"2023-12-12T14:05:57","slug":"non-me-ne-frego-la-crisi-delle-democrazie-occidentali-e-giorgia-meloni-non-centra","status":"publish","type":"product","link":"https:\/\/maleedizione.it\/negozio\/prodotto\/non-me-ne-frego-la-crisi-delle-democrazie-occidentali-e-giorgia-meloni-non-centra\/","title":{"rendered":"Non Me Ne Frego &#8211; La crisi delle democrazie occidentali (e Giorgia Meloni non c\u2019entra)"},"content":{"rendered":"<p>Le democrazie occidentali sono in crisi ma restano il miglior sistema politico che abbiamo per chi ama le libert\u00e0. Capire le ragioni di questa crisi \u00e8 il modo migliore per tentare di superarla.<\/p>\n<p>Per capirla per\u00f2 \u00e8 necessario che le stesse democrazie, le \u00e9lite, i giornali, i media e la pubblica opinione si liberino di dogmi come il politicamente corretto e del vezzo, sempre pi\u00f9 diffuso, della cancel culture.<\/p>\n<p>Essere di sinistra non significa avere ragione. Essere di destra non vuol dire avere torto. Non contano i pregiudizi ma i fatti. Perch\u00e9 la via per l\u2019inferno \u00e8 da sempre lastricata di buone intenzioni. E il manicheismo, i buoni tutti da una parte e i cattivi dall\u2019altra, pi\u00f9 che alle democrazie moderne assomiglia all\u2019Inquisizione.<\/p>\n<p>Per il resto, buona lettura.<\/p>\n","protected":false},"excerpt":{"rendered":"<p><strong>Titolo:<\/strong> Non Me Ne Frego &#8211; La crisi delle democrazie occidentali (e Giorgia Meloni non c\u2019entra)<br \/>\n<strong>Autore:<\/strong> Massimiliano Lenzi<br \/>\nCon un\u2019<strong>intervista<\/strong> a Luca Ricolfi sul politicamente corretto<br \/>\nCon una <strong>post-chiacchierata<\/strong> di Giordano Bruno Guerri<br \/>\n<strong>Male Edizioni:\u00a0<\/strong>Dicembre 2022<\/p>\n","protected":false},"featured_media":343,"comment_status":"closed","ping_status":"closed","template":"","meta":[],"product_brand":[],"product_cat":[20],"product_tag":[],"class_list":{"0":"post-322","1":"product","2":"type-product","3":"status-publish","4":"has-post-thumbnail","6":"product_cat-le-indagini","8":"first","9":"instock","10":"taxable","11":"shipping-taxable","12":"purchasable","13":"product-type-simple"},"yoast_head":"<!-- This site is optimized with the Yoast SEO plugin v24.6 - https:\/\/yoast.com\/wordpress\/plugins\/seo\/ -->\n<title>Non Me Ne Frego - La crisi delle democrazie occidentali (e Giorgia Meloni non c\u2019entra) - Male Edizioni<\/title>\n<meta name=\"robots\" content=\"index, follow, max-snippet:-1, max-image-preview:large, max-video-preview:-1\" \/>\n<link rel=\"canonical\" href=\"https:\/\/maleedizione.it\/negozio\/prodotto\/non-me-ne-frego-la-crisi-delle-democrazie-occidentali-e-giorgia-meloni-non-centra\/\" \/>\n<meta property=\"og:locale\" content=\"it_IT\" \/>\n<meta property=\"og:type\" content=\"article\" \/>\n<meta property=\"og:title\" content=\"Non Me Ne Frego - La crisi delle democrazie occidentali (e Giorgia Meloni non c\u2019entra) - Male Edizioni\" \/>\n<meta property=\"og:description\" content=\"Titolo: Non Me Ne Frego - La crisi delle democrazie occidentali (e Giorgia Meloni non c\u2019entra) Autore: Massimiliano Lenzi Con un\u2019intervista a Luca Ricolfi sul politicamente corretto Con una post-chiacchierata di Giordano Bruno Guerri Male Edizioni:\u00a0Dicembre 2022\" \/>\n<meta property=\"og:url\" content=\"https:\/\/maleedizione.it\/negozio\/prodotto\/non-me-ne-frego-la-crisi-delle-democrazie-occidentali-e-giorgia-meloni-non-centra\/\" \/>\n<meta property=\"og:site_name\" content=\"Male Edizioni\" \/>\n<meta property=\"og:image\" content=\"https:\/\/maleedizione.it\/negozio\/wp-content\/uploads\/2023\/12\/non-me-ne-frego-la-crisi-delle-democrazie-occidentali-e-giorgia-meloni-non-c-entra-libro-maleedizioni.webp\" \/>\n\t<meta property=\"og:image:width\" content=\"600\" \/>\n\t<meta property=\"og:image:height\" content=\"900\" \/>\n\t<meta property=\"og:image:type\" content=\"image\/webp\" \/>\n<meta name=\"twitter:card\" content=\"summary_large_image\" \/>\n<meta name=\"twitter:label1\" content=\"Tempo di lettura stimato\" \/>\n\t<meta name=\"twitter:data1\" content=\"1 minuto\" \/>\n<script type=\"application\/ld+json\" class=\"yoast-schema-graph\">{\"@context\":\"https:\/\/schema.org\",\"@graph\":[{\"@type\":\"WebPage\",\"@id\":\"https:\/\/maleedizione.it\/negozio\/prodotto\/non-me-ne-frego-la-crisi-delle-democrazie-occidentali-e-giorgia-meloni-non-centra\/\",\"url\":\"https:\/\/maleedizione.it\/negozio\/prodotto\/non-me-ne-frego-la-crisi-delle-democrazie-occidentali-e-giorgia-meloni-non-centra\/\",\"name\":\"Non Me Ne Frego - La crisi delle democrazie occidentali (e Giorgia Meloni non c\u2019entra) - Male Edizioni\",\"isPartOf\":{\"@id\":\"https:\/\/maleedizione.it\/negozio\/#website\"},\"primaryImageOfPage\":{\"@id\":\"https:\/\/maleedizione.it\/negozio\/prodotto\/non-me-ne-frego-la-crisi-delle-democrazie-occidentali-e-giorgia-meloni-non-centra\/#primaryimage\"},\"image\":{\"@id\":\"https:\/\/maleedizione.it\/negozio\/prodotto\/non-me-ne-frego-la-crisi-delle-democrazie-occidentali-e-giorgia-meloni-non-centra\/#primaryimage\"},\"thumbnailUrl\":\"https:\/\/maleedizione.it\/negozio\/wp-content\/uploads\/2023\/12\/non-me-ne-frego-la-crisi-delle-democrazie-occidentali-e-giorgia-meloni-non-c-entra-libro-maleedizioni.webp\",\"datePublished\":\"2023-12-12T14:05:57+00:00\",\"breadcrumb\":{\"@id\":\"https:\/\/maleedizione.it\/negozio\/prodotto\/non-me-ne-frego-la-crisi-delle-democrazie-occidentali-e-giorgia-meloni-non-centra\/#breadcrumb\"},\"inLanguage\":\"it-IT\",\"potentialAction\":[{\"@type\":\"ReadAction\",\"target\":[\"https:\/\/maleedizione.it\/negozio\/prodotto\/non-me-ne-frego-la-crisi-delle-democrazie-occidentali-e-giorgia-meloni-non-centra\/\"]}]},{\"@type\":\"ImageObject\",\"inLanguage\":\"it-IT\",\"@id\":\"https:\/\/maleedizione.it\/negozio\/prodotto\/non-me-ne-frego-la-crisi-delle-democrazie-occidentali-e-giorgia-meloni-non-centra\/#primaryimage\",\"url\":\"https:\/\/maleedizione.it\/negozio\/wp-content\/uploads\/2023\/12\/non-me-ne-frego-la-crisi-delle-democrazie-occidentali-e-giorgia-meloni-non-c-entra-libro-maleedizioni.webp\",\"contentUrl\":\"https:\/\/maleedizione.it\/negozio\/wp-content\/uploads\/2023\/12\/non-me-ne-frego-la-crisi-delle-democrazie-occidentali-e-giorgia-meloni-non-c-entra-libro-maleedizioni.webp\",\"width\":600,\"height\":900,\"caption\":\"Copertina del libro Non me ne frego, la crisi delle democrazie e Giorgia Meloni non c'entra\"},{\"@type\":\"BreadcrumbList\",\"@id\":\"https:\/\/maleedizione.it\/negozio\/prodotto\/non-me-ne-frego-la-crisi-delle-democrazie-occidentali-e-giorgia-meloni-non-centra\/#breadcrumb\",\"itemListElement\":[{\"@type\":\"ListItem\",\"position\":1,\"name\":\"Home\",\"item\":\"https:\/\/maleedizione.it\/negozio\/\"},{\"@type\":\"ListItem\",\"position\":2,\"name\":\"Shop\",\"item\":\"https:\/\/maleedizione.it\/negozio\/catalogo\/\"},{\"@type\":\"ListItem\",\"position\":3,\"name\":\"Non Me Ne Frego &#8211; La crisi delle democrazie occidentali (e Giorgia Meloni non c\u2019entra)\"}]},{\"@type\":\"WebSite\",\"@id\":\"https:\/\/maleedizione.it\/negozio\/#website\",\"url\":\"https:\/\/maleedizione.it\/negozio\/\",\"name\":\"Male Edizioni\",\"description\":\"L&#039;editoria Indipendente\",\"publisher\":{\"@id\":\"https:\/\/maleedizione.it\/negozio\/#organization\"},\"potentialAction\":[{\"@type\":\"SearchAction\",\"target\":{\"@type\":\"EntryPoint\",\"urlTemplate\":\"https:\/\/maleedizione.it\/negozio\/?s={search_term_string}\"},\"query-input\":{\"@type\":\"PropertyValueSpecification\",\"valueRequired\":true,\"valueName\":\"search_term_string\"}}],\"inLanguage\":\"it-IT\"},{\"@type\":\"Organization\",\"@id\":\"https:\/\/maleedizione.it\/negozio\/#organization\",\"name\":\"Male Edizioni\",\"url\":\"https:\/\/maleedizione.it\/negozio\/\",\"logo\":{\"@type\":\"ImageObject\",\"inLanguage\":\"it-IT\",\"@id\":\"https:\/\/maleedizione.it\/negozio\/#\/schema\/logo\/image\/\",\"url\":\"https:\/\/maleedizione.it\/negozio\/wp-content\/uploads\/2024\/01\/male-edizioni-ecommerce-logo-editoria-indipendente.webp\",\"contentUrl\":\"https:\/\/maleedizione.it\/negozio\/wp-content\/uploads\/2024\/01\/male-edizioni-ecommerce-logo-editoria-indipendente.webp\",\"width\":397,\"height\":100,\"caption\":\"Male Edizioni\"},\"image\":{\"@id\":\"https:\/\/maleedizione.it\/negozio\/#\/schema\/logo\/image\/\"}}]}<\/script>\n<!-- \/ Yoast SEO plugin. -->","yoast_head_json":{"title":"Non Me Ne Frego - La crisi delle democrazie occidentali (e Giorgia Meloni non c\u2019entra) - Male Edizioni","robots":{"index":"index","follow":"follow","max-snippet":"max-snippet:-1","max-image-preview":"max-image-preview:large","max-video-preview":"max-video-preview:-1"},"canonical":"https:\/\/maleedizione.it\/negozio\/prodotto\/non-me-ne-frego-la-crisi-delle-democrazie-occidentali-e-giorgia-meloni-non-centra\/","og_locale":"it_IT","og_type":"article","og_title":"Non Me Ne Frego - La crisi delle democrazie occidentali (e Giorgia Meloni non c\u2019entra) - Male Edizioni","og_description":"Titolo: Non Me Ne Frego - La crisi delle democrazie occidentali (e Giorgia Meloni non c\u2019entra) Autore: Massimiliano Lenzi Con un\u2019intervista a Luca Ricolfi sul politicamente corretto Con una post-chiacchierata di Giordano Bruno Guerri Male Edizioni:\u00a0Dicembre 2022","og_url":"https:\/\/maleedizione.it\/negozio\/prodotto\/non-me-ne-frego-la-crisi-delle-democrazie-occidentali-e-giorgia-meloni-non-centra\/","og_site_name":"Male Edizioni","og_image":[{"width":600,"height":900,"url":"https:\/\/maleedizione.it\/negozio\/wp-content\/uploads\/2023\/12\/non-me-ne-frego-la-crisi-delle-democrazie-occidentali-e-giorgia-meloni-non-c-entra-libro-maleedizioni.webp","type":"image\/webp"}],"twitter_card":"summary_large_image","twitter_misc":{"Tempo di lettura stimato":"1 minuto"},"schema":{"@context":"https:\/\/schema.org","@graph":[{"@type":"WebPage","@id":"https:\/\/maleedizione.it\/negozio\/prodotto\/non-me-ne-frego-la-crisi-delle-democrazie-occidentali-e-giorgia-meloni-non-centra\/","url":"https:\/\/maleedizione.it\/negozio\/prodotto\/non-me-ne-frego-la-crisi-delle-democrazie-occidentali-e-giorgia-meloni-non-centra\/","name":"Non Me Ne Frego - La crisi delle democrazie occidentali (e Giorgia Meloni non c\u2019entra) - Male Edizioni","isPartOf":{"@id":"https:\/\/maleedizione.it\/negozio\/#website"},"primaryImageOfPage":{"@id":"https:\/\/maleedizione.it\/negozio\/prodotto\/non-me-ne-frego-la-crisi-delle-democrazie-occidentali-e-giorgia-meloni-non-centra\/#primaryimage"},"image":{"@id":"https:\/\/maleedizione.it\/negozio\/prodotto\/non-me-ne-frego-la-crisi-delle-democrazie-occidentali-e-giorgia-meloni-non-centra\/#primaryimage"},"thumbnailUrl":"https:\/\/maleedizione.it\/negozio\/wp-content\/uploads\/2023\/12\/non-me-ne-frego-la-crisi-delle-democrazie-occidentali-e-giorgia-meloni-non-c-entra-libro-maleedizioni.webp","datePublished":"2023-12-12T14:05:57+00:00","breadcrumb":{"@id":"https:\/\/maleedizione.it\/negozio\/prodotto\/non-me-ne-frego-la-crisi-delle-democrazie-occidentali-e-giorgia-meloni-non-centra\/#breadcrumb"},"inLanguage":"it-IT","potentialAction":[{"@type":"ReadAction","target":["https:\/\/maleedizione.it\/negozio\/prodotto\/non-me-ne-frego-la-crisi-delle-democrazie-occidentali-e-giorgia-meloni-non-centra\/"]}]},{"@type":"ImageObject","inLanguage":"it-IT","@id":"https:\/\/maleedizione.it\/negozio\/prodotto\/non-me-ne-frego-la-crisi-delle-democrazie-occidentali-e-giorgia-meloni-non-centra\/#primaryimage","url":"https:\/\/maleedizione.it\/negozio\/wp-content\/uploads\/2023\/12\/non-me-ne-frego-la-crisi-delle-democrazie-occidentali-e-giorgia-meloni-non-c-entra-libro-maleedizioni.webp","contentUrl":"https:\/\/maleedizione.it\/negozio\/wp-content\/uploads\/2023\/12\/non-me-ne-frego-la-crisi-delle-democrazie-occidentali-e-giorgia-meloni-non-c-entra-libro-maleedizioni.webp","width":600,"height":900,"caption":"Copertina del libro Non me ne frego, la crisi delle democrazie e Giorgia Meloni non c'entra"},{"@type":"BreadcrumbList","@id":"https:\/\/maleedizione.it\/negozio\/prodotto\/non-me-ne-frego-la-crisi-delle-democrazie-occidentali-e-giorgia-meloni-non-centra\/#breadcrumb","itemListElement":[{"@type":"ListItem","position":1,"name":"Home","item":"https:\/\/maleedizione.it\/negozio\/"},{"@type":"ListItem","position":2,"name":"Shop","item":"https:\/\/maleedizione.it\/negozio\/catalogo\/"},{"@type":"ListItem","position":3,"name":"Non Me Ne Frego &#8211; La crisi delle democrazie occidentali (e Giorgia Meloni non c\u2019entra)"}]},{"@type":"WebSite","@id":"https:\/\/maleedizione.it\/negozio\/#website","url":"https:\/\/maleedizione.it\/negozio\/","name":"Male Edizioni","description":"L&#039;editoria Indipendente","publisher":{"@id":"https:\/\/maleedizione.it\/negozio\/#organization"},"potentialAction":[{"@type":"SearchAction","target":{"@type":"EntryPoint","urlTemplate":"https:\/\/maleedizione.it\/negozio\/?s={search_term_string}"},"query-input":{"@type":"PropertyValueSpecification","valueRequired":true,"valueName":"search_term_string"}}],"inLanguage":"it-IT"},{"@type":"Organization","@id":"https:\/\/maleedizione.it\/negozio\/#organization","name":"Male Edizioni","url":"https:\/\/maleedizione.it\/negozio\/","logo":{"@type":"ImageObject","inLanguage":"it-IT","@id":"https:\/\/maleedizione.it\/negozio\/#\/schema\/logo\/image\/","url":"https:\/\/maleedizione.it\/negozio\/wp-content\/uploads\/2024\/01\/male-edizioni-ecommerce-logo-editoria-indipendente.webp","contentUrl":"https:\/\/maleedizione.it\/negozio\/wp-content\/uploads\/2024\/01\/male-edizioni-ecommerce-logo-editoria-indipendente.webp","width":397,"height":100,"caption":"Male Edizioni"},"image":{"@id":"https:\/\/maleedizione.it\/negozio\/#\/schema\/logo\/image\/"}}]}},"_links":{"self":[{"href":"https:\/\/maleedizione.it\/negozio\/wp-json\/wp\/v2\/product\/322","targetHints":{"allow":["GET"]}}],"collection":[{"href":"https:\/\/maleedizione.it\/negozio\/wp-json\/wp\/v2\/product"}],"about":[{"href":"https:\/\/maleedizione.it\/negozio\/wp-json\/wp\/v2\/types\/product"}],"replies":[{"embeddable":true,"href":"https:\/\/maleedizione.it\/negozio\/wp-json\/wp\/v2\/comments?post=322"}],"wp:featuredmedia":[{"embeddable":true,"href":"https:\/\/maleedizione.it\/negozio\/wp-json\/wp\/v2\/media\/343"}],"wp:attachment":[{"href":"https:\/\/maleedizione.it\/negozio\/wp-json\/wp\/v2\/media?parent=322"}],"wp:term":[{"taxonomy":"product_brand","embeddable":true,"href":"https:\/\/maleedizione.it\/negozio\/wp-json\/wp\/v2\/product_brand?post=322"},{"taxonomy":"product_cat","embeddable":true,"href":"https:\/\/maleedizione.it\/negozio\/wp-json\/wp\/v2\/product_cat?post=322"},{"taxonomy":"product_tag","embeddable":true,"href":"https:\/\/maleedizione.it\/negozio\/wp-json\/wp\/v2\/product_tag?post=322"}],"curies":[{"name":"wp","href":"https:\/\/api.w.org\/{rel}","templated":true}]}}