{"id":320,"date":"2023-12-12T14:50:58","date_gmt":"2023-12-12T13:50:58","guid":{"rendered":"http:\/\/simo.advepa.eu\/maleedizioni\/?post_type=product&amp;p=320"},"modified":"2023-12-12T14:50:58","modified_gmt":"2023-12-12T13:50:58","slug":"la-sanita-dal-cuore-alle-mani-il-collasso-del-sistema-sanitari","status":"publish","type":"product","link":"https:\/\/maleedizione.it\/negozio\/prodotto\/la-sanita-dal-cuore-alle-mani-il-collasso-del-sistema-sanitari\/","title":{"rendered":"La sanit\u00e0 dal cuore alle mani &#8211; Il collasso del sistema sanitari"},"content":{"rendered":"<p>Fame d\u2019aria; nodo in gola. Oltre ad essere alcuni dei pi\u00f9 comuni sintomi del virus, sono divenuti i disturbi dei nostri tempi.<\/p>\n<p>Nulla sar\u00e0 come prima; la pandemia ha sconvolto le nostre vite e rimarr\u00e0 per sempre nell\u2019immaginario comune. \u00c8 il mese di Dicembre del 2020, quando in una citt\u00e0 della Cina centrale cominciano a scoppiare casi isolati di polmonite atipica.<\/p>\n<p>Fin qui nulla di rilevante. Questo virus comincia a diffondersi, a crescere, ad intensificarsi giorno per giorno. Nuovi contagi assalgono il Paese: le immagini sono ancora impresse nella nostra memoria. Ospedali al collasso, persone che hanno bisogno di aiuto, medici \u201cimmaturi\u201d e spaventati dinnanzi a questa catastrofe.<\/p>\n<p>Alla fine di Gennaio (2020), il Governo italiano, a fronte di questa emergenza, decide di emanare una circolare con la quale viene ordinato il divieto di atterraggio di tutti i voli provenienti dalla Cina negli aeroporti di Fiumicino, Ciampino, Pescara e Ancona.<\/p>\n<p>L\u2019emergenza \u00e8 sotto gli occhi di tutti e l\u2019Italia \u00e8 totalmente impreparata. Non ci sono mascherine, n\u00e9 un Piano pandemico. Oltre alle gi\u00e0 presenti carenze strutturali, si sovrappongono errori e atteggiamenti superficiali. Falli gravi nei quali il virus balzer\u00e0 piegando il nostro Paese, uccidendo l\u2019economia e pezzando migliaia di vite, che diverranno numeri alti nelle statistiche ufficiali.<\/p>\n<p>Senza tamponi; taluni senza cure, diverse persone cadranno in uno stato di prostrazione e sopraffatti dal monotono trascorrere del tempo e dall\u2019accettazione passiva della propria condizione.<\/p>\n","protected":false},"excerpt":{"rendered":"<p><strong>Titolo:<\/strong> La sanit\u00e0 dal cuore alle mani &#8211; Il collasso del sistema sanitari<br \/>\n<strong>Autore:<\/strong> Carmela Rescigno<br \/>\n<strong>Prefazione:<\/strong> Emilio Orlando<br \/>\n<strong>Male Edizioni: <\/strong>Giugno 2022<\/p>\n","protected":false},"featured_media":352,"comment_status":"closed","ping_status":"closed","template":"","meta":[],"product_brand":[],"product_cat":[20],"product_tag":[],"class_list":{"0":"post-320","1":"product","2":"type-product","3":"status-publish","4":"has-post-thumbnail","6":"product_cat-le-indagini","8":"first","9":"instock","10":"taxable","11":"shipping-taxable","12":"purchasable","13":"product-type-simple"},"yoast_head":"<!-- This site is optimized with the Yoast SEO plugin v24.6 - https:\/\/yoast.com\/wordpress\/plugins\/seo\/ -->\n<title>La sanit\u00e0 dal cuore alle mani - Il collasso del sistema sanitari - Male Edizioni<\/title>\n<meta name=\"robots\" content=\"index, follow, max-snippet:-1, max-image-preview:large, max-video-preview:-1\" \/>\n<link rel=\"canonical\" href=\"https:\/\/maleedizione.it\/negozio\/prodotto\/la-sanita-dal-cuore-alle-mani-il-collasso-del-sistema-sanitari\/\" \/>\n<meta property=\"og:locale\" content=\"it_IT\" \/>\n<meta property=\"og:type\" content=\"article\" \/>\n<meta property=\"og:title\" content=\"La sanit\u00e0 dal cuore alle mani - Il collasso del sistema sanitari - Male Edizioni\" \/>\n<meta property=\"og:description\" content=\"Titolo: La sanit\u00e0 dal cuore alle mani - Il collasso del sistema sanitari Autore: Carmela Rescigno Prefazione: Emilio Orlando Male Edizioni: Giugno 2022\" \/>\n<meta property=\"og:url\" content=\"https:\/\/maleedizione.it\/negozio\/prodotto\/la-sanita-dal-cuore-alle-mani-il-collasso-del-sistema-sanitari\/\" \/>\n<meta property=\"og:site_name\" content=\"Male Edizioni\" \/>\n<meta property=\"og:image\" content=\"https:\/\/maleedizione.it\/negozio\/wp-content\/uploads\/2023\/12\/la-sanita-dal-cuore-alle-mani-il-collasso-del-sistema-sanitario-libro-maleedizioni.webp\" \/>\n\t<meta property=\"og:image:width\" content=\"600\" \/>\n\t<meta property=\"og:image:height\" content=\"900\" \/>\n\t<meta property=\"og:image:type\" content=\"image\/webp\" \/>\n<meta name=\"twitter:card\" content=\"summary_large_image\" \/>\n<meta name=\"twitter:label1\" content=\"Tempo di lettura stimato\" \/>\n\t<meta name=\"twitter:data1\" content=\"2 minuti\" \/>\n<script type=\"application\/ld+json\" class=\"yoast-schema-graph\">{\"@context\":\"https:\/\/schema.org\",\"@graph\":[{\"@type\":\"WebPage\",\"@id\":\"https:\/\/maleedizione.it\/negozio\/prodotto\/la-sanita-dal-cuore-alle-mani-il-collasso-del-sistema-sanitari\/\",\"url\":\"https:\/\/maleedizione.it\/negozio\/prodotto\/la-sanita-dal-cuore-alle-mani-il-collasso-del-sistema-sanitari\/\",\"name\":\"La sanit\u00e0 dal cuore alle mani - Il collasso del sistema sanitari - Male Edizioni\",\"isPartOf\":{\"@id\":\"https:\/\/maleedizione.it\/negozio\/#website\"},\"primaryImageOfPage\":{\"@id\":\"https:\/\/maleedizione.it\/negozio\/prodotto\/la-sanita-dal-cuore-alle-mani-il-collasso-del-sistema-sanitari\/#primaryimage\"},\"image\":{\"@id\":\"https:\/\/maleedizione.it\/negozio\/prodotto\/la-sanita-dal-cuore-alle-mani-il-collasso-del-sistema-sanitari\/#primaryimage\"},\"thumbnailUrl\":\"https:\/\/maleedizione.it\/negozio\/wp-content\/uploads\/2023\/12\/la-sanita-dal-cuore-alle-mani-il-collasso-del-sistema-sanitario-libro-maleedizioni.webp\",\"datePublished\":\"2023-12-12T13:50:58+00:00\",\"breadcrumb\":{\"@id\":\"https:\/\/maleedizione.it\/negozio\/prodotto\/la-sanita-dal-cuore-alle-mani-il-collasso-del-sistema-sanitari\/#breadcrumb\"},\"inLanguage\":\"it-IT\",\"potentialAction\":[{\"@type\":\"ReadAction\",\"target\":[\"https:\/\/maleedizione.it\/negozio\/prodotto\/la-sanita-dal-cuore-alle-mani-il-collasso-del-sistema-sanitari\/\"]}]},{\"@type\":\"ImageObject\",\"inLanguage\":\"it-IT\",\"@id\":\"https:\/\/maleedizione.it\/negozio\/prodotto\/la-sanita-dal-cuore-alle-mani-il-collasso-del-sistema-sanitari\/#primaryimage\",\"url\":\"https:\/\/maleedizione.it\/negozio\/wp-content\/uploads\/2023\/12\/la-sanita-dal-cuore-alle-mani-il-collasso-del-sistema-sanitario-libro-maleedizioni.webp\",\"contentUrl\":\"https:\/\/maleedizione.it\/negozio\/wp-content\/uploads\/2023\/12\/la-sanita-dal-cuore-alle-mani-il-collasso-del-sistema-sanitario-libro-maleedizioni.webp\",\"width\":600,\"height\":900,\"caption\":\"Copertina del libro, la sanit\u00e0 dal cuore alle mani, il collasso del sistema sanitario\"},{\"@type\":\"BreadcrumbList\",\"@id\":\"https:\/\/maleedizione.it\/negozio\/prodotto\/la-sanita-dal-cuore-alle-mani-il-collasso-del-sistema-sanitari\/#breadcrumb\",\"itemListElement\":[{\"@type\":\"ListItem\",\"position\":1,\"name\":\"Home\",\"item\":\"https:\/\/maleedizione.it\/negozio\/\"},{\"@type\":\"ListItem\",\"position\":2,\"name\":\"Shop\",\"item\":\"https:\/\/maleedizione.it\/negozio\/catalogo\/\"},{\"@type\":\"ListItem\",\"position\":3,\"name\":\"La sanit\u00e0 dal cuore alle mani &#8211; Il collasso del sistema sanitari\"}]},{\"@type\":\"WebSite\",\"@id\":\"https:\/\/maleedizione.it\/negozio\/#website\",\"url\":\"https:\/\/maleedizione.it\/negozio\/\",\"name\":\"Male Edizioni\",\"description\":\"L&#039;editoria Indipendente\",\"publisher\":{\"@id\":\"https:\/\/maleedizione.it\/negozio\/#organization\"},\"potentialAction\":[{\"@type\":\"SearchAction\",\"target\":{\"@type\":\"EntryPoint\",\"urlTemplate\":\"https:\/\/maleedizione.it\/negozio\/?s={search_term_string}\"},\"query-input\":{\"@type\":\"PropertyValueSpecification\",\"valueRequired\":true,\"valueName\":\"search_term_string\"}}],\"inLanguage\":\"it-IT\"},{\"@type\":\"Organization\",\"@id\":\"https:\/\/maleedizione.it\/negozio\/#organization\",\"name\":\"Male Edizioni\",\"url\":\"https:\/\/maleedizione.it\/negozio\/\",\"logo\":{\"@type\":\"ImageObject\",\"inLanguage\":\"it-IT\",\"@id\":\"https:\/\/maleedizione.it\/negozio\/#\/schema\/logo\/image\/\",\"url\":\"https:\/\/maleedizione.it\/negozio\/wp-content\/uploads\/2024\/01\/male-edizioni-ecommerce-logo-editoria-indipendente.webp\",\"contentUrl\":\"https:\/\/maleedizione.it\/negozio\/wp-content\/uploads\/2024\/01\/male-edizioni-ecommerce-logo-editoria-indipendente.webp\",\"width\":397,\"height\":100,\"caption\":\"Male Edizioni\"},\"image\":{\"@id\":\"https:\/\/maleedizione.it\/negozio\/#\/schema\/logo\/image\/\"}}]}<\/script>\n<!-- \/ Yoast SEO plugin. -->","yoast_head_json":{"title":"La sanit\u00e0 dal cuore alle mani - Il collasso del sistema sanitari - Male Edizioni","robots":{"index":"index","follow":"follow","max-snippet":"max-snippet:-1","max-image-preview":"max-image-preview:large","max-video-preview":"max-video-preview:-1"},"canonical":"https:\/\/maleedizione.it\/negozio\/prodotto\/la-sanita-dal-cuore-alle-mani-il-collasso-del-sistema-sanitari\/","og_locale":"it_IT","og_type":"article","og_title":"La sanit\u00e0 dal cuore alle mani - Il collasso del sistema sanitari - Male Edizioni","og_description":"Titolo: La sanit\u00e0 dal cuore alle mani - Il collasso del sistema sanitari Autore: Carmela Rescigno Prefazione: Emilio Orlando Male Edizioni: Giugno 2022","og_url":"https:\/\/maleedizione.it\/negozio\/prodotto\/la-sanita-dal-cuore-alle-mani-il-collasso-del-sistema-sanitari\/","og_site_name":"Male Edizioni","og_image":[{"width":600,"height":900,"url":"https:\/\/maleedizione.it\/negozio\/wp-content\/uploads\/2023\/12\/la-sanita-dal-cuore-alle-mani-il-collasso-del-sistema-sanitario-libro-maleedizioni.webp","type":"image\/webp"}],"twitter_card":"summary_large_image","twitter_misc":{"Tempo di lettura stimato":"2 minuti"},"schema":{"@context":"https:\/\/schema.org","@graph":[{"@type":"WebPage","@id":"https:\/\/maleedizione.it\/negozio\/prodotto\/la-sanita-dal-cuore-alle-mani-il-collasso-del-sistema-sanitari\/","url":"https:\/\/maleedizione.it\/negozio\/prodotto\/la-sanita-dal-cuore-alle-mani-il-collasso-del-sistema-sanitari\/","name":"La sanit\u00e0 dal cuore alle mani - Il collasso del sistema sanitari - Male Edizioni","isPartOf":{"@id":"https:\/\/maleedizione.it\/negozio\/#website"},"primaryImageOfPage":{"@id":"https:\/\/maleedizione.it\/negozio\/prodotto\/la-sanita-dal-cuore-alle-mani-il-collasso-del-sistema-sanitari\/#primaryimage"},"image":{"@id":"https:\/\/maleedizione.it\/negozio\/prodotto\/la-sanita-dal-cuore-alle-mani-il-collasso-del-sistema-sanitari\/#primaryimage"},"thumbnailUrl":"https:\/\/maleedizione.it\/negozio\/wp-content\/uploads\/2023\/12\/la-sanita-dal-cuore-alle-mani-il-collasso-del-sistema-sanitario-libro-maleedizioni.webp","datePublished":"2023-12-12T13:50:58+00:00","breadcrumb":{"@id":"https:\/\/maleedizione.it\/negozio\/prodotto\/la-sanita-dal-cuore-alle-mani-il-collasso-del-sistema-sanitari\/#breadcrumb"},"inLanguage":"it-IT","potentialAction":[{"@type":"ReadAction","target":["https:\/\/maleedizione.it\/negozio\/prodotto\/la-sanita-dal-cuore-alle-mani-il-collasso-del-sistema-sanitari\/"]}]},{"@type":"ImageObject","inLanguage":"it-IT","@id":"https:\/\/maleedizione.it\/negozio\/prodotto\/la-sanita-dal-cuore-alle-mani-il-collasso-del-sistema-sanitari\/#primaryimage","url":"https:\/\/maleedizione.it\/negozio\/wp-content\/uploads\/2023\/12\/la-sanita-dal-cuore-alle-mani-il-collasso-del-sistema-sanitario-libro-maleedizioni.webp","contentUrl":"https:\/\/maleedizione.it\/negozio\/wp-content\/uploads\/2023\/12\/la-sanita-dal-cuore-alle-mani-il-collasso-del-sistema-sanitario-libro-maleedizioni.webp","width":600,"height":900,"caption":"Copertina del libro, la sanit\u00e0 dal cuore alle mani, il collasso del sistema sanitario"},{"@type":"BreadcrumbList","@id":"https:\/\/maleedizione.it\/negozio\/prodotto\/la-sanita-dal-cuore-alle-mani-il-collasso-del-sistema-sanitari\/#breadcrumb","itemListElement":[{"@type":"ListItem","position":1,"name":"Home","item":"https:\/\/maleedizione.it\/negozio\/"},{"@type":"ListItem","position":2,"name":"Shop","item":"https:\/\/maleedizione.it\/negozio\/catalogo\/"},{"@type":"ListItem","position":3,"name":"La sanit\u00e0 dal cuore alle mani &#8211; Il collasso del sistema sanitari"}]},{"@type":"WebSite","@id":"https:\/\/maleedizione.it\/negozio\/#website","url":"https:\/\/maleedizione.it\/negozio\/","name":"Male Edizioni","description":"L&#039;editoria Indipendente","publisher":{"@id":"https:\/\/maleedizione.it\/negozio\/#organization"},"potentialAction":[{"@type":"SearchAction","target":{"@type":"EntryPoint","urlTemplate":"https:\/\/maleedizione.it\/negozio\/?s={search_term_string}"},"query-input":{"@type":"PropertyValueSpecification","valueRequired":true,"valueName":"search_term_string"}}],"inLanguage":"it-IT"},{"@type":"Organization","@id":"https:\/\/maleedizione.it\/negozio\/#organization","name":"Male Edizioni","url":"https:\/\/maleedizione.it\/negozio\/","logo":{"@type":"ImageObject","inLanguage":"it-IT","@id":"https:\/\/maleedizione.it\/negozio\/#\/schema\/logo\/image\/","url":"https:\/\/maleedizione.it\/negozio\/wp-content\/uploads\/2024\/01\/male-edizioni-ecommerce-logo-editoria-indipendente.webp","contentUrl":"https:\/\/maleedizione.it\/negozio\/wp-content\/uploads\/2024\/01\/male-edizioni-ecommerce-logo-editoria-indipendente.webp","width":397,"height":100,"caption":"Male Edizioni"},"image":{"@id":"https:\/\/maleedizione.it\/negozio\/#\/schema\/logo\/image\/"}}]}},"_links":{"self":[{"href":"https:\/\/maleedizione.it\/negozio\/wp-json\/wp\/v2\/product\/320","targetHints":{"allow":["GET"]}}],"collection":[{"href":"https:\/\/maleedizione.it\/negozio\/wp-json\/wp\/v2\/product"}],"about":[{"href":"https:\/\/maleedizione.it\/negozio\/wp-json\/wp\/v2\/types\/product"}],"replies":[{"embeddable":true,"href":"https:\/\/maleedizione.it\/negozio\/wp-json\/wp\/v2\/comments?post=320"}],"wp:featuredmedia":[{"embeddable":true,"href":"https:\/\/maleedizione.it\/negozio\/wp-json\/wp\/v2\/media\/352"}],"wp:attachment":[{"href":"https:\/\/maleedizione.it\/negozio\/wp-json\/wp\/v2\/media?parent=320"}],"wp:term":[{"taxonomy":"product_brand","embeddable":true,"href":"https:\/\/maleedizione.it\/negozio\/wp-json\/wp\/v2\/product_brand?post=320"},{"taxonomy":"product_cat","embeddable":true,"href":"https:\/\/maleedizione.it\/negozio\/wp-json\/wp\/v2\/product_cat?post=320"},{"taxonomy":"product_tag","embeddable":true,"href":"https:\/\/maleedizione.it\/negozio\/wp-json\/wp\/v2\/product_tag?post=320"}],"curies":[{"name":"wp","href":"https:\/\/api.w.org\/{rel}","templated":true}]}}