{"id":317,"date":"2023-12-12T14:25:54","date_gmt":"2023-12-12T13:25:54","guid":{"rendered":"http:\/\/simo.advepa.eu\/maleedizioni\/?post_type=product&amp;p=317"},"modified":"2023-12-12T14:25:54","modified_gmt":"2023-12-12T13:25:54","slug":"la-voglia-essere-per-vincere-lincertezza","status":"publish","type":"product","link":"https:\/\/maleedizione.it\/negozio\/prodotto\/la-voglia-essere-per-vincere-lincertezza\/","title":{"rendered":"LA VOGLIA \u2013 Essere per vincere l\u2019incertezza"},"content":{"rendered":"<p>Carlo \u00e8 un ragazzo nato in un piccolo paese della provincia di Parma, chiamato Casale di Mezzani, da una famiglia di mezzadri.<\/p>\n<p>Sin da piccolo in lui divampa La Voglia di diventare qualcuno, di affermarsi sia nella vita privata che in quella lavorativa. Grazie all&#8217;iniziativa del prete del suo paese, frequenter\u00e0 l&#8217;Istituto Alberghiero di Riolo Terme e da l\u00ec, alla fine del percorso formativo, partir\u00e0 per il suo primo lavoro nella Svizzera tedesca come cameriere.<\/p>\n<p>Siamo alla fine degli anni Cinquanta e gli italiani che arrivano in Svizzera vengono visti come \u201cforestieri\u201d portatori di malattie, tanto che alla frontiera gli viene spruzzato addosso del DDT, uno spray usato ancora oggi per uccidere le larve dei parassiti.<\/p>\n<p>Ma la Voglia di farcela \u00e8 pi\u00f9 forte di tutto e la vita lo premier\u00e0 con l&#8217;incontro di un americano che, come fosse un angelo, gli far\u00e0 da guida per tutto il periodo di permanenza in Svizzera.<\/p>\n<p>Nella sua vita conoscer\u00e0 personaggi della politica mondiale, come le figlie del Presidente Kennedy e Sua Altezza il Principe Karim Aga Khan, e artisti di fama internazionale come il Maestro Uto Ughi.<\/p>\n<p>La vita di CARLO narrata dagli autori, abbraccia il lasso di anni che va dalla nascita di Carlo all&#8217;anno millenovecentocinquantacinque, anno in cui decide di cambiare in modo decisivo la propria vita e occuparsi esclusivamente del settore immobiliare in Costa Smeralda. Luogo che sceglie come sua casa e dove tuttora vive con Angela.<\/p>\n","protected":false},"excerpt":{"rendered":"<p><strong>Titolo:<\/strong> LA VOGLIA \u2013 Essere per vincere l\u2019incertezza<br \/>\n<strong>Autore:<\/strong> Marlen Adamas &amp; Carlo Panciroli<br \/>\n<strong>Male Edizioni:<\/strong> Luglio 2021<\/p>\n","protected":false},"featured_media":357,"comment_status":"closed","ping_status":"closed","template":"","meta":[],"product_brand":[],"product_cat":[20],"product_tag":[],"class_list":{"0":"post-317","1":"product","2":"type-product","3":"status-publish","4":"has-post-thumbnail","6":"product_cat-le-indagini","8":"first","9":"instock","10":"taxable","11":"shipping-taxable","12":"purchasable","13":"product-type-simple"},"yoast_head":"<!-- This site is optimized with the Yoast SEO plugin v24.6 - https:\/\/yoast.com\/wordpress\/plugins\/seo\/ -->\n<title>LA VOGLIA \u2013 Essere per vincere l\u2019incertezza - Male Edizioni<\/title>\n<meta name=\"robots\" content=\"index, follow, max-snippet:-1, max-image-preview:large, max-video-preview:-1\" \/>\n<link rel=\"canonical\" href=\"https:\/\/maleedizione.it\/negozio\/prodotto\/la-voglia-essere-per-vincere-lincertezza\/\" \/>\n<meta property=\"og:locale\" content=\"it_IT\" \/>\n<meta property=\"og:type\" content=\"article\" \/>\n<meta property=\"og:title\" content=\"LA VOGLIA \u2013 Essere per vincere l\u2019incertezza - Male Edizioni\" \/>\n<meta property=\"og:description\" content=\"Titolo: LA VOGLIA \u2013 Essere per vincere l\u2019incertezza Autore: Marlen Adamas &amp; Carlo Panciroli Male Edizioni: Luglio 2021\" \/>\n<meta property=\"og:url\" content=\"https:\/\/maleedizione.it\/negozio\/prodotto\/la-voglia-essere-per-vincere-lincertezza\/\" \/>\n<meta property=\"og:site_name\" content=\"Male Edizioni\" \/>\n<meta property=\"og:image\" content=\"https:\/\/maleedizione.it\/negozio\/wp-content\/uploads\/2023\/12\/la-voglia-essere-per-vincere-l-incertezza-libro-maleedizioni.webp\" \/>\n\t<meta property=\"og:image:width\" content=\"600\" \/>\n\t<meta property=\"og:image:height\" content=\"900\" \/>\n\t<meta property=\"og:image:type\" content=\"image\/webp\" \/>\n<meta name=\"twitter:card\" content=\"summary_large_image\" \/>\n<meta name=\"twitter:label1\" content=\"Tempo di lettura stimato\" \/>\n\t<meta name=\"twitter:data1\" content=\"2 minuti\" \/>\n<script type=\"application\/ld+json\" class=\"yoast-schema-graph\">{\"@context\":\"https:\/\/schema.org\",\"@graph\":[{\"@type\":\"WebPage\",\"@id\":\"https:\/\/maleedizione.it\/negozio\/prodotto\/la-voglia-essere-per-vincere-lincertezza\/\",\"url\":\"https:\/\/maleedizione.it\/negozio\/prodotto\/la-voglia-essere-per-vincere-lincertezza\/\",\"name\":\"LA VOGLIA \u2013 Essere per vincere l\u2019incertezza - Male Edizioni\",\"isPartOf\":{\"@id\":\"https:\/\/maleedizione.it\/negozio\/#website\"},\"primaryImageOfPage\":{\"@id\":\"https:\/\/maleedizione.it\/negozio\/prodotto\/la-voglia-essere-per-vincere-lincertezza\/#primaryimage\"},\"image\":{\"@id\":\"https:\/\/maleedizione.it\/negozio\/prodotto\/la-voglia-essere-per-vincere-lincertezza\/#primaryimage\"},\"thumbnailUrl\":\"https:\/\/maleedizione.it\/negozio\/wp-content\/uploads\/2023\/12\/la-voglia-essere-per-vincere-l-incertezza-libro-maleedizioni.webp\",\"datePublished\":\"2023-12-12T13:25:54+00:00\",\"breadcrumb\":{\"@id\":\"https:\/\/maleedizione.it\/negozio\/prodotto\/la-voglia-essere-per-vincere-lincertezza\/#breadcrumb\"},\"inLanguage\":\"it-IT\",\"potentialAction\":[{\"@type\":\"ReadAction\",\"target\":[\"https:\/\/maleedizione.it\/negozio\/prodotto\/la-voglia-essere-per-vincere-lincertezza\/\"]}]},{\"@type\":\"ImageObject\",\"inLanguage\":\"it-IT\",\"@id\":\"https:\/\/maleedizione.it\/negozio\/prodotto\/la-voglia-essere-per-vincere-lincertezza\/#primaryimage\",\"url\":\"https:\/\/maleedizione.it\/negozio\/wp-content\/uploads\/2023\/12\/la-voglia-essere-per-vincere-l-incertezza-libro-maleedizioni.webp\",\"contentUrl\":\"https:\/\/maleedizione.it\/negozio\/wp-content\/uploads\/2023\/12\/la-voglia-essere-per-vincere-l-incertezza-libro-maleedizioni.webp\",\"width\":600,\"height\":900,\"caption\":\"Copertina del libro, la voglia, essere per vincere l'incertezza\"},{\"@type\":\"BreadcrumbList\",\"@id\":\"https:\/\/maleedizione.it\/negozio\/prodotto\/la-voglia-essere-per-vincere-lincertezza\/#breadcrumb\",\"itemListElement\":[{\"@type\":\"ListItem\",\"position\":1,\"name\":\"Home\",\"item\":\"https:\/\/maleedizione.it\/negozio\/\"},{\"@type\":\"ListItem\",\"position\":2,\"name\":\"Shop\",\"item\":\"https:\/\/maleedizione.it\/negozio\/catalogo\/\"},{\"@type\":\"ListItem\",\"position\":3,\"name\":\"LA VOGLIA \u2013 Essere per vincere l\u2019incertezza\"}]},{\"@type\":\"WebSite\",\"@id\":\"https:\/\/maleedizione.it\/negozio\/#website\",\"url\":\"https:\/\/maleedizione.it\/negozio\/\",\"name\":\"Male Edizioni\",\"description\":\"L&#039;editoria Indipendente\",\"publisher\":{\"@id\":\"https:\/\/maleedizione.it\/negozio\/#organization\"},\"potentialAction\":[{\"@type\":\"SearchAction\",\"target\":{\"@type\":\"EntryPoint\",\"urlTemplate\":\"https:\/\/maleedizione.it\/negozio\/?s={search_term_string}\"},\"query-input\":{\"@type\":\"PropertyValueSpecification\",\"valueRequired\":true,\"valueName\":\"search_term_string\"}}],\"inLanguage\":\"it-IT\"},{\"@type\":\"Organization\",\"@id\":\"https:\/\/maleedizione.it\/negozio\/#organization\",\"name\":\"Male Edizioni\",\"url\":\"https:\/\/maleedizione.it\/negozio\/\",\"logo\":{\"@type\":\"ImageObject\",\"inLanguage\":\"it-IT\",\"@id\":\"https:\/\/maleedizione.it\/negozio\/#\/schema\/logo\/image\/\",\"url\":\"https:\/\/maleedizione.it\/negozio\/wp-content\/uploads\/2024\/01\/male-edizioni-ecommerce-logo-editoria-indipendente.webp\",\"contentUrl\":\"https:\/\/maleedizione.it\/negozio\/wp-content\/uploads\/2024\/01\/male-edizioni-ecommerce-logo-editoria-indipendente.webp\",\"width\":397,\"height\":100,\"caption\":\"Male Edizioni\"},\"image\":{\"@id\":\"https:\/\/maleedizione.it\/negozio\/#\/schema\/logo\/image\/\"}}]}<\/script>\n<!-- \/ Yoast SEO plugin. -->","yoast_head_json":{"title":"LA VOGLIA \u2013 Essere per vincere l\u2019incertezza - Male Edizioni","robots":{"index":"index","follow":"follow","max-snippet":"max-snippet:-1","max-image-preview":"max-image-preview:large","max-video-preview":"max-video-preview:-1"},"canonical":"https:\/\/maleedizione.it\/negozio\/prodotto\/la-voglia-essere-per-vincere-lincertezza\/","og_locale":"it_IT","og_type":"article","og_title":"LA VOGLIA \u2013 Essere per vincere l\u2019incertezza - Male Edizioni","og_description":"Titolo: LA VOGLIA \u2013 Essere per vincere l\u2019incertezza Autore: Marlen Adamas &amp; Carlo Panciroli Male Edizioni: Luglio 2021","og_url":"https:\/\/maleedizione.it\/negozio\/prodotto\/la-voglia-essere-per-vincere-lincertezza\/","og_site_name":"Male Edizioni","og_image":[{"width":600,"height":900,"url":"https:\/\/maleedizione.it\/negozio\/wp-content\/uploads\/2023\/12\/la-voglia-essere-per-vincere-l-incertezza-libro-maleedizioni.webp","type":"image\/webp"}],"twitter_card":"summary_large_image","twitter_misc":{"Tempo di lettura stimato":"2 minuti"},"schema":{"@context":"https:\/\/schema.org","@graph":[{"@type":"WebPage","@id":"https:\/\/maleedizione.it\/negozio\/prodotto\/la-voglia-essere-per-vincere-lincertezza\/","url":"https:\/\/maleedizione.it\/negozio\/prodotto\/la-voglia-essere-per-vincere-lincertezza\/","name":"LA VOGLIA \u2013 Essere per vincere l\u2019incertezza - Male Edizioni","isPartOf":{"@id":"https:\/\/maleedizione.it\/negozio\/#website"},"primaryImageOfPage":{"@id":"https:\/\/maleedizione.it\/negozio\/prodotto\/la-voglia-essere-per-vincere-lincertezza\/#primaryimage"},"image":{"@id":"https:\/\/maleedizione.it\/negozio\/prodotto\/la-voglia-essere-per-vincere-lincertezza\/#primaryimage"},"thumbnailUrl":"https:\/\/maleedizione.it\/negozio\/wp-content\/uploads\/2023\/12\/la-voglia-essere-per-vincere-l-incertezza-libro-maleedizioni.webp","datePublished":"2023-12-12T13:25:54+00:00","breadcrumb":{"@id":"https:\/\/maleedizione.it\/negozio\/prodotto\/la-voglia-essere-per-vincere-lincertezza\/#breadcrumb"},"inLanguage":"it-IT","potentialAction":[{"@type":"ReadAction","target":["https:\/\/maleedizione.it\/negozio\/prodotto\/la-voglia-essere-per-vincere-lincertezza\/"]}]},{"@type":"ImageObject","inLanguage":"it-IT","@id":"https:\/\/maleedizione.it\/negozio\/prodotto\/la-voglia-essere-per-vincere-lincertezza\/#primaryimage","url":"https:\/\/maleedizione.it\/negozio\/wp-content\/uploads\/2023\/12\/la-voglia-essere-per-vincere-l-incertezza-libro-maleedizioni.webp","contentUrl":"https:\/\/maleedizione.it\/negozio\/wp-content\/uploads\/2023\/12\/la-voglia-essere-per-vincere-l-incertezza-libro-maleedizioni.webp","width":600,"height":900,"caption":"Copertina del libro, la voglia, essere per vincere l'incertezza"},{"@type":"BreadcrumbList","@id":"https:\/\/maleedizione.it\/negozio\/prodotto\/la-voglia-essere-per-vincere-lincertezza\/#breadcrumb","itemListElement":[{"@type":"ListItem","position":1,"name":"Home","item":"https:\/\/maleedizione.it\/negozio\/"},{"@type":"ListItem","position":2,"name":"Shop","item":"https:\/\/maleedizione.it\/negozio\/catalogo\/"},{"@type":"ListItem","position":3,"name":"LA VOGLIA \u2013 Essere per vincere l\u2019incertezza"}]},{"@type":"WebSite","@id":"https:\/\/maleedizione.it\/negozio\/#website","url":"https:\/\/maleedizione.it\/negozio\/","name":"Male Edizioni","description":"L&#039;editoria Indipendente","publisher":{"@id":"https:\/\/maleedizione.it\/negozio\/#organization"},"potentialAction":[{"@type":"SearchAction","target":{"@type":"EntryPoint","urlTemplate":"https:\/\/maleedizione.it\/negozio\/?s={search_term_string}"},"query-input":{"@type":"PropertyValueSpecification","valueRequired":true,"valueName":"search_term_string"}}],"inLanguage":"it-IT"},{"@type":"Organization","@id":"https:\/\/maleedizione.it\/negozio\/#organization","name":"Male Edizioni","url":"https:\/\/maleedizione.it\/negozio\/","logo":{"@type":"ImageObject","inLanguage":"it-IT","@id":"https:\/\/maleedizione.it\/negozio\/#\/schema\/logo\/image\/","url":"https:\/\/maleedizione.it\/negozio\/wp-content\/uploads\/2024\/01\/male-edizioni-ecommerce-logo-editoria-indipendente.webp","contentUrl":"https:\/\/maleedizione.it\/negozio\/wp-content\/uploads\/2024\/01\/male-edizioni-ecommerce-logo-editoria-indipendente.webp","width":397,"height":100,"caption":"Male Edizioni"},"image":{"@id":"https:\/\/maleedizione.it\/negozio\/#\/schema\/logo\/image\/"}}]}},"_links":{"self":[{"href":"https:\/\/maleedizione.it\/negozio\/wp-json\/wp\/v2\/product\/317","targetHints":{"allow":["GET"]}}],"collection":[{"href":"https:\/\/maleedizione.it\/negozio\/wp-json\/wp\/v2\/product"}],"about":[{"href":"https:\/\/maleedizione.it\/negozio\/wp-json\/wp\/v2\/types\/product"}],"replies":[{"embeddable":true,"href":"https:\/\/maleedizione.it\/negozio\/wp-json\/wp\/v2\/comments?post=317"}],"wp:featuredmedia":[{"embeddable":true,"href":"https:\/\/maleedizione.it\/negozio\/wp-json\/wp\/v2\/media\/357"}],"wp:attachment":[{"href":"https:\/\/maleedizione.it\/negozio\/wp-json\/wp\/v2\/media?parent=317"}],"wp:term":[{"taxonomy":"product_brand","embeddable":true,"href":"https:\/\/maleedizione.it\/negozio\/wp-json\/wp\/v2\/product_brand?post=317"},{"taxonomy":"product_cat","embeddable":true,"href":"https:\/\/maleedizione.it\/negozio\/wp-json\/wp\/v2\/product_cat?post=317"},{"taxonomy":"product_tag","embeddable":true,"href":"https:\/\/maleedizione.it\/negozio\/wp-json\/wp\/v2\/product_tag?post=317"}],"curies":[{"name":"wp","href":"https:\/\/api.w.org\/{rel}","templated":true}]}}