{"id":314,"date":"2023-12-11T17:59:43","date_gmt":"2023-12-11T16:59:43","guid":{"rendered":"http:\/\/simo.advepa.eu\/maleedizioni\/?post_type=product&#038;p=314"},"modified":"2024-04-24T13:34:25","modified_gmt":"2024-04-24T13:34:25","slug":"e-t-unextraterrestre-alla-difesa-intervista-ad-elisabetta-trenta","status":"publish","type":"product","link":"https:\/\/maleedizione.it\/negozio\/prodotto\/e-t-unextraterrestre-alla-difesa-intervista-ad-elisabetta-trenta\/","title":{"rendered":"E.T. &#8211; Un\u2019extraterrestre alla difesa (Monica Macchioni intervista Elisabetta Trenta)"},"content":{"rendered":"<p>\u201cDal giorno in cui sono diventata ministro, ho tolto la casacca dei 5 Stelle e ho lavorato per gli italiani. E forse \u00e8 questa la cosa che una parte dei grillini non mi ha perdonato, aver messo il bene del Paese, e quello dei militari, davanti agli interessi del Movimento&#8221;.<\/p>\n<p>Elisabetta Trenta E.T.: una donna forte con una visione del mondo che si fonda su una politica<br \/>\nincentrata sulle persone e libera dagli schemi del potere e del clientelismo. Un ministro che alla Difesa ha cercato di rendere importante anche l\u2019ultimo militare in coda alla linea di comando e i veterani che hanno servito lo Stato e sono stati dimenticati.<\/p>\n<p>Parlando con lei mi sono subito resa conto di quanto il suo sentire fosse distante dai proclami<br \/>\ndei 5 Stelle e ho capito che il suo attivismo nel Movimento era mosso dagli ideali di democrazia e partecipazione, perch\u00e9 non \u00e8 riuscita a trovarli in altre forze. C\u2019\u00e8 una frase che lei mi ha detto e che, intrinsecamente, dice chi \u00e8 Elisabetta Trenta: tra tutti i 5 Stelle io sono la pi\u00f9 5 Stelle di tutti.<\/p>\n<p>Perch\u00e9 lei nei valori meno integralisti del M5S ci ha creduto davvero e oggi che si \u00e8 resa conto di quanto i grillini siano mossi da personalismi ha deciso di chiudere un capitolo che per lei era un sogno.<\/p>\n","protected":false},"excerpt":{"rendered":"<p><strong>Titolo:<\/strong> E.T. &#8211; Un\u2019extraterrestre alla difesa<br \/>\n<strong>Autore:<\/strong> Monica Macchioni, Elisabetta Trenta<br \/>\n<strong>Male Edizioni:<\/strong> Giugno 2021<\/p>\n","protected":false},"featured_media":359,"comment_status":"closed","ping_status":"closed","template":"","meta":[],"product_brand":[],"product_cat":[20],"product_tag":[],"class_list":{"0":"post-314","1":"product","2":"type-product","3":"status-publish","4":"has-post-thumbnail","6":"product_cat-le-indagini","8":"first","9":"instock","10":"taxable","11":"shipping-taxable","12":"purchasable","13":"product-type-simple"},"yoast_head":"<!-- This site is optimized with the Yoast SEO plugin v24.6 - https:\/\/yoast.com\/wordpress\/plugins\/seo\/ -->\n<title>E.T. - Un\u2019extraterrestre alla difesa (Monica Macchioni intervista Elisabetta Trenta) - Male Edizioni<\/title>\n<meta name=\"robots\" content=\"index, follow, max-snippet:-1, max-image-preview:large, max-video-preview:-1\" \/>\n<link rel=\"canonical\" href=\"https:\/\/maleedizione.it\/negozio\/prodotto\/e-t-unextraterrestre-alla-difesa-intervista-ad-elisabetta-trenta\/\" \/>\n<meta property=\"og:locale\" content=\"it_IT\" \/>\n<meta property=\"og:type\" content=\"article\" \/>\n<meta property=\"og:title\" content=\"E.T. - Un\u2019extraterrestre alla difesa (Monica Macchioni intervista Elisabetta Trenta) - Male Edizioni\" \/>\n<meta property=\"og:description\" content=\"Titolo: E.T. - Un\u2019extraterrestre alla difesa Autore: Monica Macchioni, Elisabetta Trenta Male Edizioni: Giugno 2021\" \/>\n<meta property=\"og:url\" content=\"https:\/\/maleedizione.it\/negozio\/prodotto\/e-t-unextraterrestre-alla-difesa-intervista-ad-elisabetta-trenta\/\" \/>\n<meta property=\"og:site_name\" content=\"Male Edizioni\" \/>\n<meta property=\"article:modified_time\" content=\"2024-04-24T13:34:25+00:00\" \/>\n<meta property=\"og:image\" content=\"https:\/\/maleedizione.it\/negozio\/wp-content\/uploads\/2023\/12\/e-t-un-extraterrestre-alla-difesa-intervista-ad-elisabetta-trenta-libro-maleedizioni.webp\" \/>\n\t<meta property=\"og:image:width\" content=\"600\" \/>\n\t<meta property=\"og:image:height\" content=\"900\" \/>\n\t<meta property=\"og:image:type\" content=\"image\/webp\" \/>\n<meta name=\"twitter:card\" content=\"summary_large_image\" \/>\n<meta name=\"twitter:label1\" content=\"Tempo di lettura stimato\" \/>\n\t<meta name=\"twitter:data1\" content=\"2 minuti\" \/>\n<script type=\"application\/ld+json\" class=\"yoast-schema-graph\">{\"@context\":\"https:\/\/schema.org\",\"@graph\":[{\"@type\":\"WebPage\",\"@id\":\"https:\/\/maleedizione.it\/negozio\/prodotto\/e-t-unextraterrestre-alla-difesa-intervista-ad-elisabetta-trenta\/\",\"url\":\"https:\/\/maleedizione.it\/negozio\/prodotto\/e-t-unextraterrestre-alla-difesa-intervista-ad-elisabetta-trenta\/\",\"name\":\"E.T. - Un\u2019extraterrestre alla difesa (Monica Macchioni intervista Elisabetta Trenta) - Male Edizioni\",\"isPartOf\":{\"@id\":\"https:\/\/maleedizione.it\/negozio\/#website\"},\"primaryImageOfPage\":{\"@id\":\"https:\/\/maleedizione.it\/negozio\/prodotto\/e-t-unextraterrestre-alla-difesa-intervista-ad-elisabetta-trenta\/#primaryimage\"},\"image\":{\"@id\":\"https:\/\/maleedizione.it\/negozio\/prodotto\/e-t-unextraterrestre-alla-difesa-intervista-ad-elisabetta-trenta\/#primaryimage\"},\"thumbnailUrl\":\"https:\/\/maleedizione.it\/negozio\/wp-content\/uploads\/2023\/12\/e-t-un-extraterrestre-alla-difesa-intervista-ad-elisabetta-trenta-libro-maleedizioni.webp\",\"datePublished\":\"2023-12-11T16:59:43+00:00\",\"dateModified\":\"2024-04-24T13:34:25+00:00\",\"breadcrumb\":{\"@id\":\"https:\/\/maleedizione.it\/negozio\/prodotto\/e-t-unextraterrestre-alla-difesa-intervista-ad-elisabetta-trenta\/#breadcrumb\"},\"inLanguage\":\"it-IT\",\"potentialAction\":[{\"@type\":\"ReadAction\",\"target\":[\"https:\/\/maleedizione.it\/negozio\/prodotto\/e-t-unextraterrestre-alla-difesa-intervista-ad-elisabetta-trenta\/\"]}]},{\"@type\":\"ImageObject\",\"inLanguage\":\"it-IT\",\"@id\":\"https:\/\/maleedizione.it\/negozio\/prodotto\/e-t-unextraterrestre-alla-difesa-intervista-ad-elisabetta-trenta\/#primaryimage\",\"url\":\"https:\/\/maleedizione.it\/negozio\/wp-content\/uploads\/2023\/12\/e-t-un-extraterrestre-alla-difesa-intervista-ad-elisabetta-trenta-libro-maleedizioni.webp\",\"contentUrl\":\"https:\/\/maleedizione.it\/negozio\/wp-content\/uploads\/2023\/12\/e-t-un-extraterrestre-alla-difesa-intervista-ad-elisabetta-trenta-libro-maleedizioni.webp\",\"width\":600,\"height\":900,\"caption\":\"Copertina del libro, E.T. un extraterrestre alla difesa, intervista ad Elisabetta Trenta\"},{\"@type\":\"BreadcrumbList\",\"@id\":\"https:\/\/maleedizione.it\/negozio\/prodotto\/e-t-unextraterrestre-alla-difesa-intervista-ad-elisabetta-trenta\/#breadcrumb\",\"itemListElement\":[{\"@type\":\"ListItem\",\"position\":1,\"name\":\"Home\",\"item\":\"https:\/\/maleedizione.it\/negozio\/\"},{\"@type\":\"ListItem\",\"position\":2,\"name\":\"Shop\",\"item\":\"https:\/\/maleedizione.it\/negozio\/catalogo\/\"},{\"@type\":\"ListItem\",\"position\":3,\"name\":\"E.T. &#8211; Un\u2019extraterrestre alla difesa (Monica Macchioni intervista Elisabetta Trenta)\"}]},{\"@type\":\"WebSite\",\"@id\":\"https:\/\/maleedizione.it\/negozio\/#website\",\"url\":\"https:\/\/maleedizione.it\/negozio\/\",\"name\":\"Male Edizioni\",\"description\":\"L&#039;editoria Indipendente\",\"publisher\":{\"@id\":\"https:\/\/maleedizione.it\/negozio\/#organization\"},\"potentialAction\":[{\"@type\":\"SearchAction\",\"target\":{\"@type\":\"EntryPoint\",\"urlTemplate\":\"https:\/\/maleedizione.it\/negozio\/?s={search_term_string}\"},\"query-input\":{\"@type\":\"PropertyValueSpecification\",\"valueRequired\":true,\"valueName\":\"search_term_string\"}}],\"inLanguage\":\"it-IT\"},{\"@type\":\"Organization\",\"@id\":\"https:\/\/maleedizione.it\/negozio\/#organization\",\"name\":\"Male Edizioni\",\"url\":\"https:\/\/maleedizione.it\/negozio\/\",\"logo\":{\"@type\":\"ImageObject\",\"inLanguage\":\"it-IT\",\"@id\":\"https:\/\/maleedizione.it\/negozio\/#\/schema\/logo\/image\/\",\"url\":\"https:\/\/maleedizione.it\/negozio\/wp-content\/uploads\/2024\/01\/male-edizioni-ecommerce-logo-editoria-indipendente.webp\",\"contentUrl\":\"https:\/\/maleedizione.it\/negozio\/wp-content\/uploads\/2024\/01\/male-edizioni-ecommerce-logo-editoria-indipendente.webp\",\"width\":397,\"height\":100,\"caption\":\"Male Edizioni\"},\"image\":{\"@id\":\"https:\/\/maleedizione.it\/negozio\/#\/schema\/logo\/image\/\"}}]}<\/script>\n<!-- \/ Yoast SEO plugin. -->","yoast_head_json":{"title":"E.T. - Un\u2019extraterrestre alla difesa (Monica Macchioni intervista Elisabetta Trenta) - Male Edizioni","robots":{"index":"index","follow":"follow","max-snippet":"max-snippet:-1","max-image-preview":"max-image-preview:large","max-video-preview":"max-video-preview:-1"},"canonical":"https:\/\/maleedizione.it\/negozio\/prodotto\/e-t-unextraterrestre-alla-difesa-intervista-ad-elisabetta-trenta\/","og_locale":"it_IT","og_type":"article","og_title":"E.T. - Un\u2019extraterrestre alla difesa (Monica Macchioni intervista Elisabetta Trenta) - Male Edizioni","og_description":"Titolo: E.T. - Un\u2019extraterrestre alla difesa Autore: Monica Macchioni, Elisabetta Trenta Male Edizioni: Giugno 2021","og_url":"https:\/\/maleedizione.it\/negozio\/prodotto\/e-t-unextraterrestre-alla-difesa-intervista-ad-elisabetta-trenta\/","og_site_name":"Male Edizioni","article_modified_time":"2024-04-24T13:34:25+00:00","og_image":[{"width":600,"height":900,"url":"https:\/\/maleedizione.it\/negozio\/wp-content\/uploads\/2023\/12\/e-t-un-extraterrestre-alla-difesa-intervista-ad-elisabetta-trenta-libro-maleedizioni.webp","type":"image\/webp"}],"twitter_card":"summary_large_image","twitter_misc":{"Tempo di lettura stimato":"2 minuti"},"schema":{"@context":"https:\/\/schema.org","@graph":[{"@type":"WebPage","@id":"https:\/\/maleedizione.it\/negozio\/prodotto\/e-t-unextraterrestre-alla-difesa-intervista-ad-elisabetta-trenta\/","url":"https:\/\/maleedizione.it\/negozio\/prodotto\/e-t-unextraterrestre-alla-difesa-intervista-ad-elisabetta-trenta\/","name":"E.T. - Un\u2019extraterrestre alla difesa (Monica Macchioni intervista Elisabetta Trenta) - Male Edizioni","isPartOf":{"@id":"https:\/\/maleedizione.it\/negozio\/#website"},"primaryImageOfPage":{"@id":"https:\/\/maleedizione.it\/negozio\/prodotto\/e-t-unextraterrestre-alla-difesa-intervista-ad-elisabetta-trenta\/#primaryimage"},"image":{"@id":"https:\/\/maleedizione.it\/negozio\/prodotto\/e-t-unextraterrestre-alla-difesa-intervista-ad-elisabetta-trenta\/#primaryimage"},"thumbnailUrl":"https:\/\/maleedizione.it\/negozio\/wp-content\/uploads\/2023\/12\/e-t-un-extraterrestre-alla-difesa-intervista-ad-elisabetta-trenta-libro-maleedizioni.webp","datePublished":"2023-12-11T16:59:43+00:00","dateModified":"2024-04-24T13:34:25+00:00","breadcrumb":{"@id":"https:\/\/maleedizione.it\/negozio\/prodotto\/e-t-unextraterrestre-alla-difesa-intervista-ad-elisabetta-trenta\/#breadcrumb"},"inLanguage":"it-IT","potentialAction":[{"@type":"ReadAction","target":["https:\/\/maleedizione.it\/negozio\/prodotto\/e-t-unextraterrestre-alla-difesa-intervista-ad-elisabetta-trenta\/"]}]},{"@type":"ImageObject","inLanguage":"it-IT","@id":"https:\/\/maleedizione.it\/negozio\/prodotto\/e-t-unextraterrestre-alla-difesa-intervista-ad-elisabetta-trenta\/#primaryimage","url":"https:\/\/maleedizione.it\/negozio\/wp-content\/uploads\/2023\/12\/e-t-un-extraterrestre-alla-difesa-intervista-ad-elisabetta-trenta-libro-maleedizioni.webp","contentUrl":"https:\/\/maleedizione.it\/negozio\/wp-content\/uploads\/2023\/12\/e-t-un-extraterrestre-alla-difesa-intervista-ad-elisabetta-trenta-libro-maleedizioni.webp","width":600,"height":900,"caption":"Copertina del libro, E.T. un extraterrestre alla difesa, intervista ad Elisabetta Trenta"},{"@type":"BreadcrumbList","@id":"https:\/\/maleedizione.it\/negozio\/prodotto\/e-t-unextraterrestre-alla-difesa-intervista-ad-elisabetta-trenta\/#breadcrumb","itemListElement":[{"@type":"ListItem","position":1,"name":"Home","item":"https:\/\/maleedizione.it\/negozio\/"},{"@type":"ListItem","position":2,"name":"Shop","item":"https:\/\/maleedizione.it\/negozio\/catalogo\/"},{"@type":"ListItem","position":3,"name":"E.T. &#8211; Un\u2019extraterrestre alla difesa (Monica Macchioni intervista Elisabetta Trenta)"}]},{"@type":"WebSite","@id":"https:\/\/maleedizione.it\/negozio\/#website","url":"https:\/\/maleedizione.it\/negozio\/","name":"Male Edizioni","description":"L&#039;editoria Indipendente","publisher":{"@id":"https:\/\/maleedizione.it\/negozio\/#organization"},"potentialAction":[{"@type":"SearchAction","target":{"@type":"EntryPoint","urlTemplate":"https:\/\/maleedizione.it\/negozio\/?s={search_term_string}"},"query-input":{"@type":"PropertyValueSpecification","valueRequired":true,"valueName":"search_term_string"}}],"inLanguage":"it-IT"},{"@type":"Organization","@id":"https:\/\/maleedizione.it\/negozio\/#organization","name":"Male Edizioni","url":"https:\/\/maleedizione.it\/negozio\/","logo":{"@type":"ImageObject","inLanguage":"it-IT","@id":"https:\/\/maleedizione.it\/negozio\/#\/schema\/logo\/image\/","url":"https:\/\/maleedizione.it\/negozio\/wp-content\/uploads\/2024\/01\/male-edizioni-ecommerce-logo-editoria-indipendente.webp","contentUrl":"https:\/\/maleedizione.it\/negozio\/wp-content\/uploads\/2024\/01\/male-edizioni-ecommerce-logo-editoria-indipendente.webp","width":397,"height":100,"caption":"Male Edizioni"},"image":{"@id":"https:\/\/maleedizione.it\/negozio\/#\/schema\/logo\/image\/"}}]}},"_links":{"self":[{"href":"https:\/\/maleedizione.it\/negozio\/wp-json\/wp\/v2\/product\/314","targetHints":{"allow":["GET"]}}],"collection":[{"href":"https:\/\/maleedizione.it\/negozio\/wp-json\/wp\/v2\/product"}],"about":[{"href":"https:\/\/maleedizione.it\/negozio\/wp-json\/wp\/v2\/types\/product"}],"replies":[{"embeddable":true,"href":"https:\/\/maleedizione.it\/negozio\/wp-json\/wp\/v2\/comments?post=314"}],"wp:featuredmedia":[{"embeddable":true,"href":"https:\/\/maleedizione.it\/negozio\/wp-json\/wp\/v2\/media\/359"}],"wp:attachment":[{"href":"https:\/\/maleedizione.it\/negozio\/wp-json\/wp\/v2\/media?parent=314"}],"wp:term":[{"taxonomy":"product_brand","embeddable":true,"href":"https:\/\/maleedizione.it\/negozio\/wp-json\/wp\/v2\/product_brand?post=314"},{"taxonomy":"product_cat","embeddable":true,"href":"https:\/\/maleedizione.it\/negozio\/wp-json\/wp\/v2\/product_cat?post=314"},{"taxonomy":"product_tag","embeddable":true,"href":"https:\/\/maleedizione.it\/negozio\/wp-json\/wp\/v2\/product_tag?post=314"}],"curies":[{"name":"wp","href":"https:\/\/api.w.org\/{rel}","templated":true}]}}