{"id":313,"date":"2023-12-11T17:55:01","date_gmt":"2023-12-11T16:55:01","guid":{"rendered":"http:\/\/simo.advepa.eu\/maleedizioni\/?post_type=product&amp;p=313"},"modified":"2023-12-11T17:55:01","modified_gmt":"2023-12-11T16:55:01","slug":"lucean-le-stelle-manifesto-per-i-lavoratori-dello-spettacolo","status":"publish","type":"product","link":"https:\/\/maleedizione.it\/negozio\/prodotto\/lucean-le-stelle-manifesto-per-i-lavoratori-dello-spettacolo\/","title":{"rendered":"Lucean le stelle &#8211; Manifesto per i lavoratori dello spettacolo"},"content":{"rendered":"<p>Le proteste dei lavoratori dello spettacolo in piena epoca di pandemia, con i teatri occupati in Francia e Italia, manifestazioni, dai Bauli all\u2019appello di Fedez, concerti di protesta, rimandano a una storia di conflitti e di discriminazioni che si tramandano gi\u00e0 dai tempi della Roma Repubblicana.<\/p>\n<p>I lavoratori dello spettacolo, intermittenti per definizione, non godono del riconoscimento di diritti di base del lavoro. Questo volume vuol essere un \u201cj\u2019accuse\u201d di fronte ad una ulteriore svolta reazionaria, contenuta anche nel PNRR, che, non solo non prevede gli investimenti necessari per tutelare i lavoratori dello spettacolo dal vivo, ma che non protegge nemmeno il Paese dalla spaventosa povert\u00e0 educativa e analfabetismo culturale in cui \u00e8 sempre pi\u00f9 immerso.<\/p>\n<p>Ecco allora un manifesto per la cultura in 10 punti: nuova Rai riformata, una Agenzia per la diffusione culturale, investimenti per strumenti, sale prova e auditorium per scuole, nuove compagnie, bande e accademie, un nuovo sistema di welfare, contrastare la privatizzazione della cultura e il controllo feudale di potenti \u201cboiardi di Stato\u201d, creare un nuovo esercito di \u201cculturator\u201d al posto di quello da riformare dei \u201cnavigator&#8221;.<\/p>\n","protected":false},"excerpt":{"rendered":"<p><strong>Titolo:<\/strong> Lucean le stelle &#8211; Manifesto per i lavoratori dello spettacolo<br \/>\n<strong>Autore:<\/strong> Alberto Veronesi<br \/>\n<strong>Male Edizioni:<\/strong> Maggio 2021<br \/>\n<strong>Prefazione:<\/strong> Stefania Sandrelli<\/p>\n","protected":false},"featured_media":360,"comment_status":"closed","ping_status":"closed","template":"","meta":[],"product_brand":[],"product_cat":[20],"product_tag":[],"class_list":{"0":"post-313","1":"product","2":"type-product","3":"status-publish","4":"has-post-thumbnail","6":"product_cat-le-indagini","8":"first","9":"instock","10":"taxable","11":"shipping-taxable","12":"purchasable","13":"product-type-simple"},"yoast_head":"<!-- This site is optimized with the Yoast SEO plugin v24.6 - https:\/\/yoast.com\/wordpress\/plugins\/seo\/ -->\n<title>Lucean le stelle - Manifesto per i lavoratori dello spettacolo - Male Edizioni<\/title>\n<meta name=\"robots\" content=\"index, follow, max-snippet:-1, max-image-preview:large, max-video-preview:-1\" \/>\n<link rel=\"canonical\" href=\"https:\/\/maleedizione.it\/negozio\/prodotto\/lucean-le-stelle-manifesto-per-i-lavoratori-dello-spettacolo\/\" \/>\n<meta property=\"og:locale\" content=\"it_IT\" \/>\n<meta property=\"og:type\" content=\"article\" \/>\n<meta property=\"og:title\" content=\"Lucean le stelle - Manifesto per i lavoratori dello spettacolo - Male Edizioni\" \/>\n<meta property=\"og:description\" content=\"Titolo: Lucean le stelle - Manifesto per i lavoratori dello spettacolo Autore: Alberto Veronesi Male Edizioni: Maggio 2021 Prefazione: Stefania Sandrelli\" \/>\n<meta property=\"og:url\" content=\"https:\/\/maleedizione.it\/negozio\/prodotto\/lucean-le-stelle-manifesto-per-i-lavoratori-dello-spettacolo\/\" \/>\n<meta property=\"og:site_name\" content=\"Male Edizioni\" \/>\n<meta property=\"og:image\" content=\"https:\/\/maleedizione.it\/negozio\/wp-content\/uploads\/2023\/12\/lucean-le-stelle-manifesto-per-i-lavoratori-dello-spettacolo.webp\" \/>\n\t<meta property=\"og:image:width\" content=\"962\" \/>\n\t<meta property=\"og:image:height\" content=\"1500\" \/>\n\t<meta property=\"og:image:type\" content=\"image\/webp\" \/>\n<meta name=\"twitter:card\" content=\"summary_large_image\" \/>\n<meta name=\"twitter:label1\" content=\"Tempo di lettura stimato\" \/>\n\t<meta name=\"twitter:data1\" content=\"2 minuti\" \/>\n<script type=\"application\/ld+json\" class=\"yoast-schema-graph\">{\"@context\":\"https:\/\/schema.org\",\"@graph\":[{\"@type\":\"WebPage\",\"@id\":\"https:\/\/maleedizione.it\/negozio\/prodotto\/lucean-le-stelle-manifesto-per-i-lavoratori-dello-spettacolo\/\",\"url\":\"https:\/\/maleedizione.it\/negozio\/prodotto\/lucean-le-stelle-manifesto-per-i-lavoratori-dello-spettacolo\/\",\"name\":\"Lucean le stelle - Manifesto per i lavoratori dello spettacolo - Male Edizioni\",\"isPartOf\":{\"@id\":\"https:\/\/maleedizione.it\/negozio\/#website\"},\"primaryImageOfPage\":{\"@id\":\"https:\/\/maleedizione.it\/negozio\/prodotto\/lucean-le-stelle-manifesto-per-i-lavoratori-dello-spettacolo\/#primaryimage\"},\"image\":{\"@id\":\"https:\/\/maleedizione.it\/negozio\/prodotto\/lucean-le-stelle-manifesto-per-i-lavoratori-dello-spettacolo\/#primaryimage\"},\"thumbnailUrl\":\"https:\/\/maleedizione.it\/negozio\/wp-content\/uploads\/2023\/12\/lucean-le-stelle-manifesto-per-i-lavoratori-dello-spettacolo.webp\",\"datePublished\":\"2023-12-11T16:55:01+00:00\",\"breadcrumb\":{\"@id\":\"https:\/\/maleedizione.it\/negozio\/prodotto\/lucean-le-stelle-manifesto-per-i-lavoratori-dello-spettacolo\/#breadcrumb\"},\"inLanguage\":\"it-IT\",\"potentialAction\":[{\"@type\":\"ReadAction\",\"target\":[\"https:\/\/maleedizione.it\/negozio\/prodotto\/lucean-le-stelle-manifesto-per-i-lavoratori-dello-spettacolo\/\"]}]},{\"@type\":\"ImageObject\",\"inLanguage\":\"it-IT\",\"@id\":\"https:\/\/maleedizione.it\/negozio\/prodotto\/lucean-le-stelle-manifesto-per-i-lavoratori-dello-spettacolo\/#primaryimage\",\"url\":\"https:\/\/maleedizione.it\/negozio\/wp-content\/uploads\/2023\/12\/lucean-le-stelle-manifesto-per-i-lavoratori-dello-spettacolo.webp\",\"contentUrl\":\"https:\/\/maleedizione.it\/negozio\/wp-content\/uploads\/2023\/12\/lucean-le-stelle-manifesto-per-i-lavoratori-dello-spettacolo.webp\",\"width\":962,\"height\":1500,\"caption\":\"Copertina del libro, lucean le stelle, manifesto per i lavoratori dello spettacolo\"},{\"@type\":\"BreadcrumbList\",\"@id\":\"https:\/\/maleedizione.it\/negozio\/prodotto\/lucean-le-stelle-manifesto-per-i-lavoratori-dello-spettacolo\/#breadcrumb\",\"itemListElement\":[{\"@type\":\"ListItem\",\"position\":1,\"name\":\"Home\",\"item\":\"https:\/\/maleedizione.it\/negozio\/\"},{\"@type\":\"ListItem\",\"position\":2,\"name\":\"Shop\",\"item\":\"https:\/\/maleedizione.it\/negozio\/catalogo\/\"},{\"@type\":\"ListItem\",\"position\":3,\"name\":\"Lucean le stelle &#8211; Manifesto per i lavoratori dello spettacolo\"}]},{\"@type\":\"WebSite\",\"@id\":\"https:\/\/maleedizione.it\/negozio\/#website\",\"url\":\"https:\/\/maleedizione.it\/negozio\/\",\"name\":\"Male Edizioni\",\"description\":\"L&#039;editoria Indipendente\",\"publisher\":{\"@id\":\"https:\/\/maleedizione.it\/negozio\/#organization\"},\"potentialAction\":[{\"@type\":\"SearchAction\",\"target\":{\"@type\":\"EntryPoint\",\"urlTemplate\":\"https:\/\/maleedizione.it\/negozio\/?s={search_term_string}\"},\"query-input\":{\"@type\":\"PropertyValueSpecification\",\"valueRequired\":true,\"valueName\":\"search_term_string\"}}],\"inLanguage\":\"it-IT\"},{\"@type\":\"Organization\",\"@id\":\"https:\/\/maleedizione.it\/negozio\/#organization\",\"name\":\"Male Edizioni\",\"url\":\"https:\/\/maleedizione.it\/negozio\/\",\"logo\":{\"@type\":\"ImageObject\",\"inLanguage\":\"it-IT\",\"@id\":\"https:\/\/maleedizione.it\/negozio\/#\/schema\/logo\/image\/\",\"url\":\"https:\/\/maleedizione.it\/negozio\/wp-content\/uploads\/2024\/01\/male-edizioni-ecommerce-logo-editoria-indipendente.webp\",\"contentUrl\":\"https:\/\/maleedizione.it\/negozio\/wp-content\/uploads\/2024\/01\/male-edizioni-ecommerce-logo-editoria-indipendente.webp\",\"width\":397,\"height\":100,\"caption\":\"Male Edizioni\"},\"image\":{\"@id\":\"https:\/\/maleedizione.it\/negozio\/#\/schema\/logo\/image\/\"}}]}<\/script>\n<!-- \/ Yoast SEO plugin. -->","yoast_head_json":{"title":"Lucean le stelle - Manifesto per i lavoratori dello spettacolo - Male Edizioni","robots":{"index":"index","follow":"follow","max-snippet":"max-snippet:-1","max-image-preview":"max-image-preview:large","max-video-preview":"max-video-preview:-1"},"canonical":"https:\/\/maleedizione.it\/negozio\/prodotto\/lucean-le-stelle-manifesto-per-i-lavoratori-dello-spettacolo\/","og_locale":"it_IT","og_type":"article","og_title":"Lucean le stelle - Manifesto per i lavoratori dello spettacolo - Male Edizioni","og_description":"Titolo: Lucean le stelle - Manifesto per i lavoratori dello spettacolo Autore: Alberto Veronesi Male Edizioni: Maggio 2021 Prefazione: Stefania Sandrelli","og_url":"https:\/\/maleedizione.it\/negozio\/prodotto\/lucean-le-stelle-manifesto-per-i-lavoratori-dello-spettacolo\/","og_site_name":"Male Edizioni","og_image":[{"width":962,"height":1500,"url":"https:\/\/maleedizione.it\/negozio\/wp-content\/uploads\/2023\/12\/lucean-le-stelle-manifesto-per-i-lavoratori-dello-spettacolo.webp","type":"image\/webp"}],"twitter_card":"summary_large_image","twitter_misc":{"Tempo di lettura stimato":"2 minuti"},"schema":{"@context":"https:\/\/schema.org","@graph":[{"@type":"WebPage","@id":"https:\/\/maleedizione.it\/negozio\/prodotto\/lucean-le-stelle-manifesto-per-i-lavoratori-dello-spettacolo\/","url":"https:\/\/maleedizione.it\/negozio\/prodotto\/lucean-le-stelle-manifesto-per-i-lavoratori-dello-spettacolo\/","name":"Lucean le stelle - Manifesto per i lavoratori dello spettacolo - Male Edizioni","isPartOf":{"@id":"https:\/\/maleedizione.it\/negozio\/#website"},"primaryImageOfPage":{"@id":"https:\/\/maleedizione.it\/negozio\/prodotto\/lucean-le-stelle-manifesto-per-i-lavoratori-dello-spettacolo\/#primaryimage"},"image":{"@id":"https:\/\/maleedizione.it\/negozio\/prodotto\/lucean-le-stelle-manifesto-per-i-lavoratori-dello-spettacolo\/#primaryimage"},"thumbnailUrl":"https:\/\/maleedizione.it\/negozio\/wp-content\/uploads\/2023\/12\/lucean-le-stelle-manifesto-per-i-lavoratori-dello-spettacolo.webp","datePublished":"2023-12-11T16:55:01+00:00","breadcrumb":{"@id":"https:\/\/maleedizione.it\/negozio\/prodotto\/lucean-le-stelle-manifesto-per-i-lavoratori-dello-spettacolo\/#breadcrumb"},"inLanguage":"it-IT","potentialAction":[{"@type":"ReadAction","target":["https:\/\/maleedizione.it\/negozio\/prodotto\/lucean-le-stelle-manifesto-per-i-lavoratori-dello-spettacolo\/"]}]},{"@type":"ImageObject","inLanguage":"it-IT","@id":"https:\/\/maleedizione.it\/negozio\/prodotto\/lucean-le-stelle-manifesto-per-i-lavoratori-dello-spettacolo\/#primaryimage","url":"https:\/\/maleedizione.it\/negozio\/wp-content\/uploads\/2023\/12\/lucean-le-stelle-manifesto-per-i-lavoratori-dello-spettacolo.webp","contentUrl":"https:\/\/maleedizione.it\/negozio\/wp-content\/uploads\/2023\/12\/lucean-le-stelle-manifesto-per-i-lavoratori-dello-spettacolo.webp","width":962,"height":1500,"caption":"Copertina del libro, lucean le stelle, manifesto per i lavoratori dello spettacolo"},{"@type":"BreadcrumbList","@id":"https:\/\/maleedizione.it\/negozio\/prodotto\/lucean-le-stelle-manifesto-per-i-lavoratori-dello-spettacolo\/#breadcrumb","itemListElement":[{"@type":"ListItem","position":1,"name":"Home","item":"https:\/\/maleedizione.it\/negozio\/"},{"@type":"ListItem","position":2,"name":"Shop","item":"https:\/\/maleedizione.it\/negozio\/catalogo\/"},{"@type":"ListItem","position":3,"name":"Lucean le stelle &#8211; Manifesto per i lavoratori dello spettacolo"}]},{"@type":"WebSite","@id":"https:\/\/maleedizione.it\/negozio\/#website","url":"https:\/\/maleedizione.it\/negozio\/","name":"Male Edizioni","description":"L&#039;editoria Indipendente","publisher":{"@id":"https:\/\/maleedizione.it\/negozio\/#organization"},"potentialAction":[{"@type":"SearchAction","target":{"@type":"EntryPoint","urlTemplate":"https:\/\/maleedizione.it\/negozio\/?s={search_term_string}"},"query-input":{"@type":"PropertyValueSpecification","valueRequired":true,"valueName":"search_term_string"}}],"inLanguage":"it-IT"},{"@type":"Organization","@id":"https:\/\/maleedizione.it\/negozio\/#organization","name":"Male Edizioni","url":"https:\/\/maleedizione.it\/negozio\/","logo":{"@type":"ImageObject","inLanguage":"it-IT","@id":"https:\/\/maleedizione.it\/negozio\/#\/schema\/logo\/image\/","url":"https:\/\/maleedizione.it\/negozio\/wp-content\/uploads\/2024\/01\/male-edizioni-ecommerce-logo-editoria-indipendente.webp","contentUrl":"https:\/\/maleedizione.it\/negozio\/wp-content\/uploads\/2024\/01\/male-edizioni-ecommerce-logo-editoria-indipendente.webp","width":397,"height":100,"caption":"Male Edizioni"},"image":{"@id":"https:\/\/maleedizione.it\/negozio\/#\/schema\/logo\/image\/"}}]}},"_links":{"self":[{"href":"https:\/\/maleedizione.it\/negozio\/wp-json\/wp\/v2\/product\/313","targetHints":{"allow":["GET"]}}],"collection":[{"href":"https:\/\/maleedizione.it\/negozio\/wp-json\/wp\/v2\/product"}],"about":[{"href":"https:\/\/maleedizione.it\/negozio\/wp-json\/wp\/v2\/types\/product"}],"replies":[{"embeddable":true,"href":"https:\/\/maleedizione.it\/negozio\/wp-json\/wp\/v2\/comments?post=313"}],"wp:featuredmedia":[{"embeddable":true,"href":"https:\/\/maleedizione.it\/negozio\/wp-json\/wp\/v2\/media\/360"}],"wp:attachment":[{"href":"https:\/\/maleedizione.it\/negozio\/wp-json\/wp\/v2\/media?parent=313"}],"wp:term":[{"taxonomy":"product_brand","embeddable":true,"href":"https:\/\/maleedizione.it\/negozio\/wp-json\/wp\/v2\/product_brand?post=313"},{"taxonomy":"product_cat","embeddable":true,"href":"https:\/\/maleedizione.it\/negozio\/wp-json\/wp\/v2\/product_cat?post=313"},{"taxonomy":"product_tag","embeddable":true,"href":"https:\/\/maleedizione.it\/negozio\/wp-json\/wp\/v2\/product_tag?post=313"}],"curies":[{"name":"wp","href":"https:\/\/api.w.org\/{rel}","templated":true}]}}