{"id":308,"date":"2023-12-11T17:26:03","date_gmt":"2023-12-11T16:26:03","guid":{"rendered":"http:\/\/simo.advepa.eu\/maleedizioni\/?post_type=product&amp;p=308"},"modified":"2023-12-11T17:26:03","modified_gmt":"2023-12-11T16:26:03","slug":"il-caso-crespi-il-caso-giudiziario-del-regista-ambrogio-crespi","status":"publish","type":"product","link":"https:\/\/maleedizione.it\/negozio\/prodotto\/il-caso-crespi-il-caso-giudiziario-del-regista-ambrogio-crespi\/","title":{"rendered":"Il caso Crespi \u2013 Il caso giudiziario del regista Ambrogio Crespi"},"content":{"rendered":"<p>Quanto valgono tre telefonate ricevute dalla persona sbagliata? Dodici o sei anni, a seconda del grado di giudizio.<\/p>\n<p>Una strana accolita di personaggi coinvolti con la \u2018ndrangheta e la peggiore politica viene intercettata mentre parla di te come se fossi un vero boss della malavita e ti ritrovi in un incubo che inizia con 200 giorni di carcere preventivo e continua per anni di processi in aula e sulle pagine dei giornali, accusato di far parte della \u2018ndrangheta, condannato in primo e secondo grado solo per aver detto di no a un tuo conoscente a quel mondo legato.<\/p>\n<p>Se ti chiami Ambrogio Crespi, riesci a fartene una ragione e non molli. Continui a lavorare, a lottare con i radicali per grandi cause civili, a fare documentari contro le mafie, a confidare in una giustizia che sia giusta anche per te, almeno in Cassazione.<\/p>\n<p>Cerchi di non farti domande su quel che \u00e8 stato e insisti ad avere fiducia nel sistema che difendi con il tuo lavoro e con la tua testimonianza, sicuro della tua innocenza. Le domande se le \u00e8 poste invece Marco Del Freo. Scettico come tutti i giornalisti, proprio perch\u00e9 amico dei fratelli Crespi, Del Freo si \u00e8 chiesto come fosse possibile che Ambrogio fosse uno \u2018ndranghetista. Dopo aver letto centinaia di pagine di sentenza e di atti processuali, Del Freo continua a chiedersi come sia stato possibile condannare Ambrogio Crespi con quel che \u00e8 stato appurato in dibattimento.<\/p>\n<p>Rimane la domanda: a quanti altri italiani \u00e8 capitato (e potrebbe capitare) quel che \u00e8 capitato ad Ambrogio Crespi?<\/p>\n","protected":false},"excerpt":{"rendered":"<p><strong>Titolo:<\/strong> Il caso Crespi \u2013 Il caso giudiziario del regista Ambrogio Crespi<br \/>\n<strong>Autore:<\/strong> Marco Del Freo<br \/>\n<strong>Male Edizioni:<\/strong> Febbraio 2020<br \/>\n<strong>Prefazione<\/strong>: Alfonso Giordano<\/p>\n","protected":false},"featured_media":369,"comment_status":"closed","ping_status":"closed","template":"","meta":[],"product_brand":[],"product_cat":[20],"product_tag":[],"class_list":{"0":"post-308","1":"product","2":"type-product","3":"status-publish","4":"has-post-thumbnail","6":"product_cat-le-indagini","8":"first","9":"instock","10":"taxable","11":"shipping-taxable","12":"purchasable","13":"product-type-simple"},"yoast_head":"<!-- This site is optimized with the Yoast SEO plugin v24.6 - https:\/\/yoast.com\/wordpress\/plugins\/seo\/ -->\n<title>Il caso Crespi \u2013 Il caso giudiziario del regista Ambrogio Crespi - Male Edizioni<\/title>\n<meta name=\"robots\" content=\"index, follow, max-snippet:-1, max-image-preview:large, max-video-preview:-1\" \/>\n<link rel=\"canonical\" href=\"https:\/\/maleedizione.it\/negozio\/prodotto\/il-caso-crespi-il-caso-giudiziario-del-regista-ambrogio-crespi\/\" \/>\n<meta property=\"og:locale\" content=\"it_IT\" \/>\n<meta property=\"og:type\" content=\"article\" \/>\n<meta property=\"og:title\" content=\"Il caso Crespi \u2013 Il caso giudiziario del regista Ambrogio Crespi - Male Edizioni\" \/>\n<meta property=\"og:description\" content=\"Titolo: Il caso Crespi \u2013 Il caso giudiziario del regista Ambrogio Crespi Autore: Marco Del Freo Male Edizioni: Febbraio 2020 Prefazione: Alfonso Giordano\" \/>\n<meta property=\"og:url\" content=\"https:\/\/maleedizione.it\/negozio\/prodotto\/il-caso-crespi-il-caso-giudiziario-del-regista-ambrogio-crespi\/\" \/>\n<meta property=\"og:site_name\" content=\"Male Edizioni\" \/>\n<meta property=\"og:image\" content=\"https:\/\/maleedizione.it\/negozio\/wp-content\/uploads\/2023\/12\/il-caso-crespi-il-caso-giudiziario-del-regista-ambrogio-crespi-libro-maleedizioni.webp\" \/>\n\t<meta property=\"og:image:width\" content=\"600\" \/>\n\t<meta property=\"og:image:height\" content=\"903\" \/>\n\t<meta property=\"og:image:type\" content=\"image\/webp\" \/>\n<meta name=\"twitter:card\" content=\"summary_large_image\" \/>\n<meta name=\"twitter:label1\" content=\"Tempo di lettura stimato\" \/>\n\t<meta name=\"twitter:data1\" content=\"2 minuti\" \/>\n<script type=\"application\/ld+json\" class=\"yoast-schema-graph\">{\"@context\":\"https:\/\/schema.org\",\"@graph\":[{\"@type\":\"WebPage\",\"@id\":\"https:\/\/maleedizione.it\/negozio\/prodotto\/il-caso-crespi-il-caso-giudiziario-del-regista-ambrogio-crespi\/\",\"url\":\"https:\/\/maleedizione.it\/negozio\/prodotto\/il-caso-crespi-il-caso-giudiziario-del-regista-ambrogio-crespi\/\",\"name\":\"Il caso Crespi \u2013 Il caso giudiziario del regista Ambrogio Crespi - Male Edizioni\",\"isPartOf\":{\"@id\":\"https:\/\/maleedizione.it\/negozio\/#website\"},\"primaryImageOfPage\":{\"@id\":\"https:\/\/maleedizione.it\/negozio\/prodotto\/il-caso-crespi-il-caso-giudiziario-del-regista-ambrogio-crespi\/#primaryimage\"},\"image\":{\"@id\":\"https:\/\/maleedizione.it\/negozio\/prodotto\/il-caso-crespi-il-caso-giudiziario-del-regista-ambrogio-crespi\/#primaryimage\"},\"thumbnailUrl\":\"https:\/\/maleedizione.it\/negozio\/wp-content\/uploads\/2023\/12\/il-caso-crespi-il-caso-giudiziario-del-regista-ambrogio-crespi-libro-maleedizioni.webp\",\"datePublished\":\"2023-12-11T16:26:03+00:00\",\"breadcrumb\":{\"@id\":\"https:\/\/maleedizione.it\/negozio\/prodotto\/il-caso-crespi-il-caso-giudiziario-del-regista-ambrogio-crespi\/#breadcrumb\"},\"inLanguage\":\"it-IT\",\"potentialAction\":[{\"@type\":\"ReadAction\",\"target\":[\"https:\/\/maleedizione.it\/negozio\/prodotto\/il-caso-crespi-il-caso-giudiziario-del-regista-ambrogio-crespi\/\"]}]},{\"@type\":\"ImageObject\",\"inLanguage\":\"it-IT\",\"@id\":\"https:\/\/maleedizione.it\/negozio\/prodotto\/il-caso-crespi-il-caso-giudiziario-del-regista-ambrogio-crespi\/#primaryimage\",\"url\":\"https:\/\/maleedizione.it\/negozio\/wp-content\/uploads\/2023\/12\/il-caso-crespi-il-caso-giudiziario-del-regista-ambrogio-crespi-libro-maleedizioni.webp\",\"contentUrl\":\"https:\/\/maleedizione.it\/negozio\/wp-content\/uploads\/2023\/12\/il-caso-crespi-il-caso-giudiziario-del-regista-ambrogio-crespi-libro-maleedizioni.webp\",\"width\":600,\"height\":903,\"caption\":\"Copertina del libro, il caso Crespi, il caso giudiziario del regista Ambrogio Crespi\"},{\"@type\":\"BreadcrumbList\",\"@id\":\"https:\/\/maleedizione.it\/negozio\/prodotto\/il-caso-crespi-il-caso-giudiziario-del-regista-ambrogio-crespi\/#breadcrumb\",\"itemListElement\":[{\"@type\":\"ListItem\",\"position\":1,\"name\":\"Home\",\"item\":\"https:\/\/maleedizione.it\/negozio\/\"},{\"@type\":\"ListItem\",\"position\":2,\"name\":\"Shop\",\"item\":\"https:\/\/maleedizione.it\/negozio\/catalogo\/\"},{\"@type\":\"ListItem\",\"position\":3,\"name\":\"Il caso Crespi \u2013 Il caso giudiziario del regista Ambrogio Crespi\"}]},{\"@type\":\"WebSite\",\"@id\":\"https:\/\/maleedizione.it\/negozio\/#website\",\"url\":\"https:\/\/maleedizione.it\/negozio\/\",\"name\":\"Male Edizioni\",\"description\":\"L&#039;editoria Indipendente\",\"publisher\":{\"@id\":\"https:\/\/maleedizione.it\/negozio\/#organization\"},\"potentialAction\":[{\"@type\":\"SearchAction\",\"target\":{\"@type\":\"EntryPoint\",\"urlTemplate\":\"https:\/\/maleedizione.it\/negozio\/?s={search_term_string}\"},\"query-input\":{\"@type\":\"PropertyValueSpecification\",\"valueRequired\":true,\"valueName\":\"search_term_string\"}}],\"inLanguage\":\"it-IT\"},{\"@type\":\"Organization\",\"@id\":\"https:\/\/maleedizione.it\/negozio\/#organization\",\"name\":\"Male Edizioni\",\"url\":\"https:\/\/maleedizione.it\/negozio\/\",\"logo\":{\"@type\":\"ImageObject\",\"inLanguage\":\"it-IT\",\"@id\":\"https:\/\/maleedizione.it\/negozio\/#\/schema\/logo\/image\/\",\"url\":\"https:\/\/maleedizione.it\/negozio\/wp-content\/uploads\/2024\/01\/male-edizioni-ecommerce-logo-editoria-indipendente.webp\",\"contentUrl\":\"https:\/\/maleedizione.it\/negozio\/wp-content\/uploads\/2024\/01\/male-edizioni-ecommerce-logo-editoria-indipendente.webp\",\"width\":397,\"height\":100,\"caption\":\"Male Edizioni\"},\"image\":{\"@id\":\"https:\/\/maleedizione.it\/negozio\/#\/schema\/logo\/image\/\"}}]}<\/script>\n<!-- \/ Yoast SEO plugin. -->","yoast_head_json":{"title":"Il caso Crespi \u2013 Il caso giudiziario del regista Ambrogio Crespi - Male Edizioni","robots":{"index":"index","follow":"follow","max-snippet":"max-snippet:-1","max-image-preview":"max-image-preview:large","max-video-preview":"max-video-preview:-1"},"canonical":"https:\/\/maleedizione.it\/negozio\/prodotto\/il-caso-crespi-il-caso-giudiziario-del-regista-ambrogio-crespi\/","og_locale":"it_IT","og_type":"article","og_title":"Il caso Crespi \u2013 Il caso giudiziario del regista Ambrogio Crespi - Male Edizioni","og_description":"Titolo: Il caso Crespi \u2013 Il caso giudiziario del regista Ambrogio Crespi Autore: Marco Del Freo Male Edizioni: Febbraio 2020 Prefazione: Alfonso Giordano","og_url":"https:\/\/maleedizione.it\/negozio\/prodotto\/il-caso-crespi-il-caso-giudiziario-del-regista-ambrogio-crespi\/","og_site_name":"Male Edizioni","og_image":[{"width":600,"height":903,"url":"https:\/\/maleedizione.it\/negozio\/wp-content\/uploads\/2023\/12\/il-caso-crespi-il-caso-giudiziario-del-regista-ambrogio-crespi-libro-maleedizioni.webp","type":"image\/webp"}],"twitter_card":"summary_large_image","twitter_misc":{"Tempo di lettura stimato":"2 minuti"},"schema":{"@context":"https:\/\/schema.org","@graph":[{"@type":"WebPage","@id":"https:\/\/maleedizione.it\/negozio\/prodotto\/il-caso-crespi-il-caso-giudiziario-del-regista-ambrogio-crespi\/","url":"https:\/\/maleedizione.it\/negozio\/prodotto\/il-caso-crespi-il-caso-giudiziario-del-regista-ambrogio-crespi\/","name":"Il caso Crespi \u2013 Il caso giudiziario del regista Ambrogio Crespi - Male Edizioni","isPartOf":{"@id":"https:\/\/maleedizione.it\/negozio\/#website"},"primaryImageOfPage":{"@id":"https:\/\/maleedizione.it\/negozio\/prodotto\/il-caso-crespi-il-caso-giudiziario-del-regista-ambrogio-crespi\/#primaryimage"},"image":{"@id":"https:\/\/maleedizione.it\/negozio\/prodotto\/il-caso-crespi-il-caso-giudiziario-del-regista-ambrogio-crespi\/#primaryimage"},"thumbnailUrl":"https:\/\/maleedizione.it\/negozio\/wp-content\/uploads\/2023\/12\/il-caso-crespi-il-caso-giudiziario-del-regista-ambrogio-crespi-libro-maleedizioni.webp","datePublished":"2023-12-11T16:26:03+00:00","breadcrumb":{"@id":"https:\/\/maleedizione.it\/negozio\/prodotto\/il-caso-crespi-il-caso-giudiziario-del-regista-ambrogio-crespi\/#breadcrumb"},"inLanguage":"it-IT","potentialAction":[{"@type":"ReadAction","target":["https:\/\/maleedizione.it\/negozio\/prodotto\/il-caso-crespi-il-caso-giudiziario-del-regista-ambrogio-crespi\/"]}]},{"@type":"ImageObject","inLanguage":"it-IT","@id":"https:\/\/maleedizione.it\/negozio\/prodotto\/il-caso-crespi-il-caso-giudiziario-del-regista-ambrogio-crespi\/#primaryimage","url":"https:\/\/maleedizione.it\/negozio\/wp-content\/uploads\/2023\/12\/il-caso-crespi-il-caso-giudiziario-del-regista-ambrogio-crespi-libro-maleedizioni.webp","contentUrl":"https:\/\/maleedizione.it\/negozio\/wp-content\/uploads\/2023\/12\/il-caso-crespi-il-caso-giudiziario-del-regista-ambrogio-crespi-libro-maleedizioni.webp","width":600,"height":903,"caption":"Copertina del libro, il caso Crespi, il caso giudiziario del regista Ambrogio Crespi"},{"@type":"BreadcrumbList","@id":"https:\/\/maleedizione.it\/negozio\/prodotto\/il-caso-crespi-il-caso-giudiziario-del-regista-ambrogio-crespi\/#breadcrumb","itemListElement":[{"@type":"ListItem","position":1,"name":"Home","item":"https:\/\/maleedizione.it\/negozio\/"},{"@type":"ListItem","position":2,"name":"Shop","item":"https:\/\/maleedizione.it\/negozio\/catalogo\/"},{"@type":"ListItem","position":3,"name":"Il caso Crespi \u2013 Il caso giudiziario del regista Ambrogio Crespi"}]},{"@type":"WebSite","@id":"https:\/\/maleedizione.it\/negozio\/#website","url":"https:\/\/maleedizione.it\/negozio\/","name":"Male Edizioni","description":"L&#039;editoria Indipendente","publisher":{"@id":"https:\/\/maleedizione.it\/negozio\/#organization"},"potentialAction":[{"@type":"SearchAction","target":{"@type":"EntryPoint","urlTemplate":"https:\/\/maleedizione.it\/negozio\/?s={search_term_string}"},"query-input":{"@type":"PropertyValueSpecification","valueRequired":true,"valueName":"search_term_string"}}],"inLanguage":"it-IT"},{"@type":"Organization","@id":"https:\/\/maleedizione.it\/negozio\/#organization","name":"Male Edizioni","url":"https:\/\/maleedizione.it\/negozio\/","logo":{"@type":"ImageObject","inLanguage":"it-IT","@id":"https:\/\/maleedizione.it\/negozio\/#\/schema\/logo\/image\/","url":"https:\/\/maleedizione.it\/negozio\/wp-content\/uploads\/2024\/01\/male-edizioni-ecommerce-logo-editoria-indipendente.webp","contentUrl":"https:\/\/maleedizione.it\/negozio\/wp-content\/uploads\/2024\/01\/male-edizioni-ecommerce-logo-editoria-indipendente.webp","width":397,"height":100,"caption":"Male Edizioni"},"image":{"@id":"https:\/\/maleedizione.it\/negozio\/#\/schema\/logo\/image\/"}}]}},"_links":{"self":[{"href":"https:\/\/maleedizione.it\/negozio\/wp-json\/wp\/v2\/product\/308","targetHints":{"allow":["GET"]}}],"collection":[{"href":"https:\/\/maleedizione.it\/negozio\/wp-json\/wp\/v2\/product"}],"about":[{"href":"https:\/\/maleedizione.it\/negozio\/wp-json\/wp\/v2\/types\/product"}],"replies":[{"embeddable":true,"href":"https:\/\/maleedizione.it\/negozio\/wp-json\/wp\/v2\/comments?post=308"}],"wp:featuredmedia":[{"embeddable":true,"href":"https:\/\/maleedizione.it\/negozio\/wp-json\/wp\/v2\/media\/369"}],"wp:attachment":[{"href":"https:\/\/maleedizione.it\/negozio\/wp-json\/wp\/v2\/media?parent=308"}],"wp:term":[{"taxonomy":"product_brand","embeddable":true,"href":"https:\/\/maleedizione.it\/negozio\/wp-json\/wp\/v2\/product_brand?post=308"},{"taxonomy":"product_cat","embeddable":true,"href":"https:\/\/maleedizione.it\/negozio\/wp-json\/wp\/v2\/product_cat?post=308"},{"taxonomy":"product_tag","embeddable":true,"href":"https:\/\/maleedizione.it\/negozio\/wp-json\/wp\/v2\/product_tag?post=308"}],"curies":[{"name":"wp","href":"https:\/\/api.w.org\/{rel}","templated":true}]}}