{"id":306,"date":"2023-12-11T17:09:45","date_gmt":"2023-12-11T16:09:45","guid":{"rendered":"http:\/\/simo.advepa.eu\/maleedizioni\/?post_type=product&amp;p=306"},"modified":"2023-12-11T17:09:45","modified_gmt":"2023-12-11T16:09:45","slug":"nel-nome-del-sangue","status":"publish","type":"product","link":"https:\/\/maleedizione.it\/negozio\/prodotto\/nel-nome-del-sangue\/","title":{"rendered":"Nel Nome del Sangue"},"content":{"rendered":"<p>Lo scenario: l\u2019Europa del 1300. I protagonisti: Guglielmo il templare e Bastiano l&#8217;alchimista le cui figure, dense e misteriose, si intrecciano nel basso medioevo delle guerre e degli intrighi di potere. Sullo sfondo, la sede della Santa Romana Chiesa relegata ad Avignone, i Re, pi\u00f9 despoti che governanti, che hanno dimenticato la sacralit\u00e0 della loro funzione, la peste nera, che chiude l\u2019era delle crociate, flagellando met\u00e0 del continente.<\/p>\n<p>In questa cornice, scienza e magia si rivelano l\u2019essenza profonda degli Alchimisti e dei Templari, che cavalcano questa fase della storia consegnandosi ad essa in veste di leggenda. I primi, uomini di studio come Bastiano, a volte venerati e voluti da Re e Imperatori e talvolta allontanati o derisi, per il loro presunto potere di trasmutare ogni cosa, persino il piombo in oro e i morti in vivi. I secondi, guerrieri come Guglielmo, la cui storia si conclude temporalmente con le Crociate, ma inizia esattamente da l\u00ec, seguendo il fluire della leggenda attraverso i \u201ctesori\u201d che scoprirono: le reliquie del Cristianesimo dalle quali trassero il loro potere.<\/p>\n<p>Un filo invisibile lega cos\u00ec il mito alla realt\u00e0, e i destini incrociati di Guglielmo e Bastiano sono narrati con la forza della leggenda che si incunea nella storia. Un libro che sviluppa una narrazione a doppia faccia, che unisce ci\u00f2 che \u00e8 con ci\u00f2 che avremmo voluto, offrendo ai lettori alcuni tra gli strumenti possibili per costruire la \u201cverit\u00e0\u201d. Quella verit\u00e0 cos\u00ec ben celata nella penombra della storia, che forse, come diceva Lovercraft, non esiste.<\/p>\n","protected":false},"excerpt":{"rendered":"<p><strong>Titolo:<\/strong> Nel Nome del Sangue<br \/>\n<strong>Autore:<\/strong> Matteo Scarrone<br \/>\n<strong>Male Edizioni:<\/strong> Gennaio 2020<\/p>\n","protected":false},"featured_media":371,"comment_status":"closed","ping_status":"closed","template":"","meta":[],"product_brand":[],"product_cat":[20],"product_tag":[],"class_list":{"0":"post-306","1":"product","2":"type-product","3":"status-publish","4":"has-post-thumbnail","6":"product_cat-le-indagini","8":"first","9":"instock","10":"taxable","11":"shipping-taxable","12":"purchasable","13":"product-type-simple"},"yoast_head":"<!-- This site is optimized with the Yoast SEO plugin v24.6 - https:\/\/yoast.com\/wordpress\/plugins\/seo\/ -->\n<title>Nel Nome del Sangue - Male Edizioni<\/title>\n<meta name=\"robots\" content=\"index, follow, max-snippet:-1, max-image-preview:large, max-video-preview:-1\" \/>\n<link rel=\"canonical\" href=\"https:\/\/maleedizione.it\/negozio\/prodotto\/nel-nome-del-sangue\/\" \/>\n<meta property=\"og:locale\" content=\"it_IT\" \/>\n<meta property=\"og:type\" content=\"article\" \/>\n<meta property=\"og:title\" content=\"Nel Nome del Sangue - Male Edizioni\" \/>\n<meta property=\"og:description\" content=\"Titolo: Nel Nome del Sangue Autore: Matteo Scarrone Male Edizioni: Gennaio 2020\" \/>\n<meta property=\"og:url\" content=\"https:\/\/maleedizione.it\/negozio\/prodotto\/nel-nome-del-sangue\/\" \/>\n<meta property=\"og:site_name\" content=\"Male Edizioni\" \/>\n<meta property=\"og:image\" content=\"https:\/\/maleedizione.it\/negozio\/wp-content\/uploads\/2023\/12\/nel-nome-del-sangue-libro-maleedizioni.webp\" \/>\n\t<meta property=\"og:image:width\" content=\"600\" \/>\n\t<meta property=\"og:image:height\" content=\"900\" \/>\n\t<meta property=\"og:image:type\" content=\"image\/webp\" \/>\n<meta name=\"twitter:card\" content=\"summary_large_image\" \/>\n<meta name=\"twitter:label1\" content=\"Tempo di lettura stimato\" \/>\n\t<meta name=\"twitter:data1\" content=\"2 minuti\" \/>\n<script type=\"application\/ld+json\" class=\"yoast-schema-graph\">{\"@context\":\"https:\/\/schema.org\",\"@graph\":[{\"@type\":\"WebPage\",\"@id\":\"https:\/\/maleedizione.it\/negozio\/prodotto\/nel-nome-del-sangue\/\",\"url\":\"https:\/\/maleedizione.it\/negozio\/prodotto\/nel-nome-del-sangue\/\",\"name\":\"Nel Nome del Sangue - Male Edizioni\",\"isPartOf\":{\"@id\":\"https:\/\/maleedizione.it\/negozio\/#website\"},\"primaryImageOfPage\":{\"@id\":\"https:\/\/maleedizione.it\/negozio\/prodotto\/nel-nome-del-sangue\/#primaryimage\"},\"image\":{\"@id\":\"https:\/\/maleedizione.it\/negozio\/prodotto\/nel-nome-del-sangue\/#primaryimage\"},\"thumbnailUrl\":\"https:\/\/maleedizione.it\/negozio\/wp-content\/uploads\/2023\/12\/nel-nome-del-sangue-libro-maleedizioni.webp\",\"datePublished\":\"2023-12-11T16:09:45+00:00\",\"breadcrumb\":{\"@id\":\"https:\/\/maleedizione.it\/negozio\/prodotto\/nel-nome-del-sangue\/#breadcrumb\"},\"inLanguage\":\"it-IT\",\"potentialAction\":[{\"@type\":\"ReadAction\",\"target\":[\"https:\/\/maleedizione.it\/negozio\/prodotto\/nel-nome-del-sangue\/\"]}]},{\"@type\":\"ImageObject\",\"inLanguage\":\"it-IT\",\"@id\":\"https:\/\/maleedizione.it\/negozio\/prodotto\/nel-nome-del-sangue\/#primaryimage\",\"url\":\"https:\/\/maleedizione.it\/negozio\/wp-content\/uploads\/2023\/12\/nel-nome-del-sangue-libro-maleedizioni.webp\",\"contentUrl\":\"https:\/\/maleedizione.it\/negozio\/wp-content\/uploads\/2023\/12\/nel-nome-del-sangue-libro-maleedizioni.webp\",\"width\":600,\"height\":900,\"caption\":\"Copertina del libro, nel nome del sangue\"},{\"@type\":\"BreadcrumbList\",\"@id\":\"https:\/\/maleedizione.it\/negozio\/prodotto\/nel-nome-del-sangue\/#breadcrumb\",\"itemListElement\":[{\"@type\":\"ListItem\",\"position\":1,\"name\":\"Home\",\"item\":\"https:\/\/maleedizione.it\/negozio\/\"},{\"@type\":\"ListItem\",\"position\":2,\"name\":\"Shop\",\"item\":\"https:\/\/maleedizione.it\/negozio\/catalogo\/\"},{\"@type\":\"ListItem\",\"position\":3,\"name\":\"Nel Nome del Sangue\"}]},{\"@type\":\"WebSite\",\"@id\":\"https:\/\/maleedizione.it\/negozio\/#website\",\"url\":\"https:\/\/maleedizione.it\/negozio\/\",\"name\":\"Male Edizioni\",\"description\":\"L&#039;editoria Indipendente\",\"publisher\":{\"@id\":\"https:\/\/maleedizione.it\/negozio\/#organization\"},\"potentialAction\":[{\"@type\":\"SearchAction\",\"target\":{\"@type\":\"EntryPoint\",\"urlTemplate\":\"https:\/\/maleedizione.it\/negozio\/?s={search_term_string}\"},\"query-input\":{\"@type\":\"PropertyValueSpecification\",\"valueRequired\":true,\"valueName\":\"search_term_string\"}}],\"inLanguage\":\"it-IT\"},{\"@type\":\"Organization\",\"@id\":\"https:\/\/maleedizione.it\/negozio\/#organization\",\"name\":\"Male Edizioni\",\"url\":\"https:\/\/maleedizione.it\/negozio\/\",\"logo\":{\"@type\":\"ImageObject\",\"inLanguage\":\"it-IT\",\"@id\":\"https:\/\/maleedizione.it\/negozio\/#\/schema\/logo\/image\/\",\"url\":\"https:\/\/maleedizione.it\/negozio\/wp-content\/uploads\/2024\/01\/male-edizioni-ecommerce-logo-editoria-indipendente.webp\",\"contentUrl\":\"https:\/\/maleedizione.it\/negozio\/wp-content\/uploads\/2024\/01\/male-edizioni-ecommerce-logo-editoria-indipendente.webp\",\"width\":397,\"height\":100,\"caption\":\"Male Edizioni\"},\"image\":{\"@id\":\"https:\/\/maleedizione.it\/negozio\/#\/schema\/logo\/image\/\"}}]}<\/script>\n<!-- \/ Yoast SEO plugin. -->","yoast_head_json":{"title":"Nel Nome del Sangue - Male Edizioni","robots":{"index":"index","follow":"follow","max-snippet":"max-snippet:-1","max-image-preview":"max-image-preview:large","max-video-preview":"max-video-preview:-1"},"canonical":"https:\/\/maleedizione.it\/negozio\/prodotto\/nel-nome-del-sangue\/","og_locale":"it_IT","og_type":"article","og_title":"Nel Nome del Sangue - Male Edizioni","og_description":"Titolo: Nel Nome del Sangue Autore: Matteo Scarrone Male Edizioni: Gennaio 2020","og_url":"https:\/\/maleedizione.it\/negozio\/prodotto\/nel-nome-del-sangue\/","og_site_name":"Male Edizioni","og_image":[{"width":600,"height":900,"url":"https:\/\/maleedizione.it\/negozio\/wp-content\/uploads\/2023\/12\/nel-nome-del-sangue-libro-maleedizioni.webp","type":"image\/webp"}],"twitter_card":"summary_large_image","twitter_misc":{"Tempo di lettura stimato":"2 minuti"},"schema":{"@context":"https:\/\/schema.org","@graph":[{"@type":"WebPage","@id":"https:\/\/maleedizione.it\/negozio\/prodotto\/nel-nome-del-sangue\/","url":"https:\/\/maleedizione.it\/negozio\/prodotto\/nel-nome-del-sangue\/","name":"Nel Nome del Sangue - Male Edizioni","isPartOf":{"@id":"https:\/\/maleedizione.it\/negozio\/#website"},"primaryImageOfPage":{"@id":"https:\/\/maleedizione.it\/negozio\/prodotto\/nel-nome-del-sangue\/#primaryimage"},"image":{"@id":"https:\/\/maleedizione.it\/negozio\/prodotto\/nel-nome-del-sangue\/#primaryimage"},"thumbnailUrl":"https:\/\/maleedizione.it\/negozio\/wp-content\/uploads\/2023\/12\/nel-nome-del-sangue-libro-maleedizioni.webp","datePublished":"2023-12-11T16:09:45+00:00","breadcrumb":{"@id":"https:\/\/maleedizione.it\/negozio\/prodotto\/nel-nome-del-sangue\/#breadcrumb"},"inLanguage":"it-IT","potentialAction":[{"@type":"ReadAction","target":["https:\/\/maleedizione.it\/negozio\/prodotto\/nel-nome-del-sangue\/"]}]},{"@type":"ImageObject","inLanguage":"it-IT","@id":"https:\/\/maleedizione.it\/negozio\/prodotto\/nel-nome-del-sangue\/#primaryimage","url":"https:\/\/maleedizione.it\/negozio\/wp-content\/uploads\/2023\/12\/nel-nome-del-sangue-libro-maleedizioni.webp","contentUrl":"https:\/\/maleedizione.it\/negozio\/wp-content\/uploads\/2023\/12\/nel-nome-del-sangue-libro-maleedizioni.webp","width":600,"height":900,"caption":"Copertina del libro, nel nome del sangue"},{"@type":"BreadcrumbList","@id":"https:\/\/maleedizione.it\/negozio\/prodotto\/nel-nome-del-sangue\/#breadcrumb","itemListElement":[{"@type":"ListItem","position":1,"name":"Home","item":"https:\/\/maleedizione.it\/negozio\/"},{"@type":"ListItem","position":2,"name":"Shop","item":"https:\/\/maleedizione.it\/negozio\/catalogo\/"},{"@type":"ListItem","position":3,"name":"Nel Nome del Sangue"}]},{"@type":"WebSite","@id":"https:\/\/maleedizione.it\/negozio\/#website","url":"https:\/\/maleedizione.it\/negozio\/","name":"Male Edizioni","description":"L&#039;editoria Indipendente","publisher":{"@id":"https:\/\/maleedizione.it\/negozio\/#organization"},"potentialAction":[{"@type":"SearchAction","target":{"@type":"EntryPoint","urlTemplate":"https:\/\/maleedizione.it\/negozio\/?s={search_term_string}"},"query-input":{"@type":"PropertyValueSpecification","valueRequired":true,"valueName":"search_term_string"}}],"inLanguage":"it-IT"},{"@type":"Organization","@id":"https:\/\/maleedizione.it\/negozio\/#organization","name":"Male Edizioni","url":"https:\/\/maleedizione.it\/negozio\/","logo":{"@type":"ImageObject","inLanguage":"it-IT","@id":"https:\/\/maleedizione.it\/negozio\/#\/schema\/logo\/image\/","url":"https:\/\/maleedizione.it\/negozio\/wp-content\/uploads\/2024\/01\/male-edizioni-ecommerce-logo-editoria-indipendente.webp","contentUrl":"https:\/\/maleedizione.it\/negozio\/wp-content\/uploads\/2024\/01\/male-edizioni-ecommerce-logo-editoria-indipendente.webp","width":397,"height":100,"caption":"Male Edizioni"},"image":{"@id":"https:\/\/maleedizione.it\/negozio\/#\/schema\/logo\/image\/"}}]}},"_links":{"self":[{"href":"https:\/\/maleedizione.it\/negozio\/wp-json\/wp\/v2\/product\/306","targetHints":{"allow":["GET"]}}],"collection":[{"href":"https:\/\/maleedizione.it\/negozio\/wp-json\/wp\/v2\/product"}],"about":[{"href":"https:\/\/maleedizione.it\/negozio\/wp-json\/wp\/v2\/types\/product"}],"replies":[{"embeddable":true,"href":"https:\/\/maleedizione.it\/negozio\/wp-json\/wp\/v2\/comments?post=306"}],"wp:featuredmedia":[{"embeddable":true,"href":"https:\/\/maleedizione.it\/negozio\/wp-json\/wp\/v2\/media\/371"}],"wp:attachment":[{"href":"https:\/\/maleedizione.it\/negozio\/wp-json\/wp\/v2\/media?parent=306"}],"wp:term":[{"taxonomy":"product_brand","embeddable":true,"href":"https:\/\/maleedizione.it\/negozio\/wp-json\/wp\/v2\/product_brand?post=306"},{"taxonomy":"product_cat","embeddable":true,"href":"https:\/\/maleedizione.it\/negozio\/wp-json\/wp\/v2\/product_cat?post=306"},{"taxonomy":"product_tag","embeddable":true,"href":"https:\/\/maleedizione.it\/negozio\/wp-json\/wp\/v2\/product_tag?post=306"}],"curies":[{"name":"wp","href":"https:\/\/api.w.org\/{rel}","templated":true}]}}