{"id":172,"date":"2023-11-14T11:43:50","date_gmt":"2023-11-14T10:43:50","guid":{"rendered":"http:\/\/simo.advepa.eu\/maleedizioni\/?post_type=product&amp;p=172"},"modified":"2023-11-14T11:43:50","modified_gmt":"2023-11-14T10:43:50","slug":"22-gradini-per-linferno-dal-mostro-di-nerola-al-depezzatore-di-roma-i-serial-killer-italiani-nella-scala-del-male","status":"publish","type":"product","link":"https:\/\/maleedizione.it\/negozio\/prodotto\/22-gradini-per-linferno-dal-mostro-di-nerola-al-depezzatore-di-roma-i-serial-killer-italiani-nella-scala-del-male\/","title":{"rendered":"22 gradini per l\u2019inferno \u2013 dal mostro di nerola al depezzatore di roma \u2013 i serial killer italiani nella scala del male"},"content":{"rendered":"<p>Un viaggio negli abissi pi\u00f9 profondi e bui della mente umana, attraverso i serial killer italiani pi\u00f9 spietati.<\/p>\n<p>Dal mostro di Nerola al Landru della Bassa, dalla Saponificatrice di Correggio al killer delle prostitute, fino al mostro di Firenze e tanti altri.<\/p>\n<p>Gli autori non raccontano solo gli orrendi crimini di cui si sono macchiati questi individui, ma per la prima volta entrano nella testa del serial killer, per misurarne il grado di crudelt\u00e0. Sulla base delle irresistibili pulsioni criminali, del modus operandi e del movente, scoprirete la vera natura del male, misurata sui ventidue livelli della Scala della malvagit\u00e0, inventata dallo psichiatra forense della Columbia University, Michael Stone.<\/p>\n<p>Vi troverete faccia a faccia con criminali torturatori, impulsivi, sadici e feticisti. Ma cosa li ha portati a compiere i pi\u00f9 efferati delitti? Dall&#8217;infanzia all&#8217;adolescenza, conoscerete le esperienze che hanno sconvolto le loro coscienze fino a spingerli ad uccidere.<\/p>\n<p>Pi\u00f9 atroci sono stati i loro crimini, pi\u00f9 alta sar\u00e0 la loro posizione nella classifica dell&#8217;Inferno, nei gironi dei dannati in cui bruceranno per l&#8217;eternit\u00e0, insieme con i pi\u00f9 crudeli serial killer che hanno terrorizzato gli Stati Uniti d&#8217;America.<\/p>\n","protected":false},"excerpt":{"rendered":"<p><strong>Titolo:<\/strong> 22 gradini per l\u2019inferno \u2013 dal mostro di nerola al depezzatore di Roma \u2013 i serial killer italiani nella scala del male<br \/>\n<strong>Autore:<\/strong> Rita Cavallaro \u2013 Emilio Orlando<br \/>\n<strong>Male Edizioni:<\/strong> Dicembre 2019<br \/>\n<strong>Prefazione:<\/strong> Gino Saladini<br \/>\n<strong>Postfazione:<\/strong> Valerio De Gioia<\/p>\n","protected":false},"featured_media":381,"comment_status":"closed","ping_status":"closed","template":"","meta":[],"product_brand":[],"product_cat":[20],"product_tag":[],"class_list":{"0":"post-172","1":"product","2":"type-product","3":"status-publish","4":"has-post-thumbnail","6":"product_cat-le-indagini","8":"first","9":"instock","10":"taxable","11":"shipping-taxable","12":"purchasable","13":"product-type-simple"},"yoast_head":"<!-- This site is optimized with the Yoast SEO plugin v24.6 - https:\/\/yoast.com\/wordpress\/plugins\/seo\/ -->\n<title>22 gradini per l\u2019inferno \u2013 dal mostro di nerola al depezzatore di roma \u2013 i serial killer italiani nella scala del male - Male Edizioni<\/title>\n<meta name=\"robots\" content=\"index, follow, max-snippet:-1, max-image-preview:large, max-video-preview:-1\" \/>\n<link rel=\"canonical\" href=\"https:\/\/maleedizione.it\/negozio\/prodotto\/22-gradini-per-linferno-dal-mostro-di-nerola-al-depezzatore-di-roma-i-serial-killer-italiani-nella-scala-del-male\/\" \/>\n<meta property=\"og:locale\" content=\"it_IT\" \/>\n<meta property=\"og:type\" content=\"article\" \/>\n<meta property=\"og:title\" content=\"22 gradini per l\u2019inferno \u2013 dal mostro di nerola al depezzatore di roma \u2013 i serial killer italiani nella scala del male - Male Edizioni\" \/>\n<meta property=\"og:description\" content=\"Titolo: 22 gradini per l\u2019inferno \u2013 dal mostro di nerola al depezzatore di Roma \u2013 i serial killer italiani nella scala del male Autore: Rita Cavallaro \u2013 Emilio Orlando Male Edizioni: Dicembre 2019 Prefazione: Gino Saladini Postfazione: Valerio De Gioia\" \/>\n<meta property=\"og:url\" content=\"https:\/\/maleedizione.it\/negozio\/prodotto\/22-gradini-per-linferno-dal-mostro-di-nerola-al-depezzatore-di-roma-i-serial-killer-italiani-nella-scala-del-male\/\" \/>\n<meta property=\"og:site_name\" content=\"Male Edizioni\" \/>\n<meta property=\"og:image\" content=\"https:\/\/maleedizione.it\/negozio\/wp-content\/uploads\/2023\/11\/22-gradini-per-l-inferno-dal-mostro-di-nerola-al-depezzatore-di-roma-i-serial-killer-italiani-nella-scala-del-male.webp\" \/>\n\t<meta property=\"og:image:width\" content=\"600\" \/>\n\t<meta property=\"og:image:height\" content=\"900\" \/>\n\t<meta property=\"og:image:type\" content=\"image\/webp\" \/>\n<meta name=\"twitter:card\" content=\"summary_large_image\" \/>\n<meta name=\"twitter:label1\" content=\"Tempo di lettura stimato\" \/>\n\t<meta name=\"twitter:data1\" content=\"2 minuti\" \/>\n<script type=\"application\/ld+json\" class=\"yoast-schema-graph\">{\"@context\":\"https:\/\/schema.org\",\"@graph\":[{\"@type\":\"WebPage\",\"@id\":\"https:\/\/maleedizione.it\/negozio\/prodotto\/22-gradini-per-linferno-dal-mostro-di-nerola-al-depezzatore-di-roma-i-serial-killer-italiani-nella-scala-del-male\/\",\"url\":\"https:\/\/maleedizione.it\/negozio\/prodotto\/22-gradini-per-linferno-dal-mostro-di-nerola-al-depezzatore-di-roma-i-serial-killer-italiani-nella-scala-del-male\/\",\"name\":\"22 gradini per l\u2019inferno \u2013 dal mostro di nerola al depezzatore di roma \u2013 i serial killer italiani nella scala del male - Male Edizioni\",\"isPartOf\":{\"@id\":\"https:\/\/maleedizione.it\/negozio\/#website\"},\"primaryImageOfPage\":{\"@id\":\"https:\/\/maleedizione.it\/negozio\/prodotto\/22-gradini-per-linferno-dal-mostro-di-nerola-al-depezzatore-di-roma-i-serial-killer-italiani-nella-scala-del-male\/#primaryimage\"},\"image\":{\"@id\":\"https:\/\/maleedizione.it\/negozio\/prodotto\/22-gradini-per-linferno-dal-mostro-di-nerola-al-depezzatore-di-roma-i-serial-killer-italiani-nella-scala-del-male\/#primaryimage\"},\"thumbnailUrl\":\"https:\/\/maleedizione.it\/negozio\/wp-content\/uploads\/2023\/11\/22-gradini-per-l-inferno-dal-mostro-di-nerola-al-depezzatore-di-roma-i-serial-killer-italiani-nella-scala-del-male.webp\",\"datePublished\":\"2023-11-14T10:43:50+00:00\",\"breadcrumb\":{\"@id\":\"https:\/\/maleedizione.it\/negozio\/prodotto\/22-gradini-per-linferno-dal-mostro-di-nerola-al-depezzatore-di-roma-i-serial-killer-italiani-nella-scala-del-male\/#breadcrumb\"},\"inLanguage\":\"it-IT\",\"potentialAction\":[{\"@type\":\"ReadAction\",\"target\":[\"https:\/\/maleedizione.it\/negozio\/prodotto\/22-gradini-per-linferno-dal-mostro-di-nerola-al-depezzatore-di-roma-i-serial-killer-italiani-nella-scala-del-male\/\"]}]},{\"@type\":\"ImageObject\",\"inLanguage\":\"it-IT\",\"@id\":\"https:\/\/maleedizione.it\/negozio\/prodotto\/22-gradini-per-linferno-dal-mostro-di-nerola-al-depezzatore-di-roma-i-serial-killer-italiani-nella-scala-del-male\/#primaryimage\",\"url\":\"https:\/\/maleedizione.it\/negozio\/wp-content\/uploads\/2023\/11\/22-gradini-per-l-inferno-dal-mostro-di-nerola-al-depezzatore-di-roma-i-serial-killer-italiani-nella-scala-del-male.webp\",\"contentUrl\":\"https:\/\/maleedizione.it\/negozio\/wp-content\/uploads\/2023\/11\/22-gradini-per-l-inferno-dal-mostro-di-nerola-al-depezzatore-di-roma-i-serial-killer-italiani-nella-scala-del-male.webp\",\"width\":600,\"height\":900,\"caption\":\"Copertina del libro, 22 gradini per l'inferno, dal mostro di nerola al depezzatore di Roma, i serial killer italiani nella scala del male\"},{\"@type\":\"BreadcrumbList\",\"@id\":\"https:\/\/maleedizione.it\/negozio\/prodotto\/22-gradini-per-linferno-dal-mostro-di-nerola-al-depezzatore-di-roma-i-serial-killer-italiani-nella-scala-del-male\/#breadcrumb\",\"itemListElement\":[{\"@type\":\"ListItem\",\"position\":1,\"name\":\"Home\",\"item\":\"https:\/\/maleedizione.it\/negozio\/\"},{\"@type\":\"ListItem\",\"position\":2,\"name\":\"Shop\",\"item\":\"https:\/\/maleedizione.it\/negozio\/catalogo\/\"},{\"@type\":\"ListItem\",\"position\":3,\"name\":\"22 gradini per l\u2019inferno \u2013 dal mostro di nerola al depezzatore di roma \u2013 i serial killer italiani nella scala del male\"}]},{\"@type\":\"WebSite\",\"@id\":\"https:\/\/maleedizione.it\/negozio\/#website\",\"url\":\"https:\/\/maleedizione.it\/negozio\/\",\"name\":\"Male Edizioni\",\"description\":\"L&#039;editoria Indipendente\",\"publisher\":{\"@id\":\"https:\/\/maleedizione.it\/negozio\/#organization\"},\"potentialAction\":[{\"@type\":\"SearchAction\",\"target\":{\"@type\":\"EntryPoint\",\"urlTemplate\":\"https:\/\/maleedizione.it\/negozio\/?s={search_term_string}\"},\"query-input\":{\"@type\":\"PropertyValueSpecification\",\"valueRequired\":true,\"valueName\":\"search_term_string\"}}],\"inLanguage\":\"it-IT\"},{\"@type\":\"Organization\",\"@id\":\"https:\/\/maleedizione.it\/negozio\/#organization\",\"name\":\"Male Edizioni\",\"url\":\"https:\/\/maleedizione.it\/negozio\/\",\"logo\":{\"@type\":\"ImageObject\",\"inLanguage\":\"it-IT\",\"@id\":\"https:\/\/maleedizione.it\/negozio\/#\/schema\/logo\/image\/\",\"url\":\"https:\/\/maleedizione.it\/negozio\/wp-content\/uploads\/2024\/01\/male-edizioni-ecommerce-logo-editoria-indipendente.webp\",\"contentUrl\":\"https:\/\/maleedizione.it\/negozio\/wp-content\/uploads\/2024\/01\/male-edizioni-ecommerce-logo-editoria-indipendente.webp\",\"width\":397,\"height\":100,\"caption\":\"Male Edizioni\"},\"image\":{\"@id\":\"https:\/\/maleedizione.it\/negozio\/#\/schema\/logo\/image\/\"}}]}<\/script>\n<!-- \/ Yoast SEO plugin. -->","yoast_head_json":{"title":"22 gradini per l\u2019inferno \u2013 dal mostro di nerola al depezzatore di roma \u2013 i serial killer italiani nella scala del male - Male Edizioni","robots":{"index":"index","follow":"follow","max-snippet":"max-snippet:-1","max-image-preview":"max-image-preview:large","max-video-preview":"max-video-preview:-1"},"canonical":"https:\/\/maleedizione.it\/negozio\/prodotto\/22-gradini-per-linferno-dal-mostro-di-nerola-al-depezzatore-di-roma-i-serial-killer-italiani-nella-scala-del-male\/","og_locale":"it_IT","og_type":"article","og_title":"22 gradini per l\u2019inferno \u2013 dal mostro di nerola al depezzatore di roma \u2013 i serial killer italiani nella scala del male - Male Edizioni","og_description":"Titolo: 22 gradini per l\u2019inferno \u2013 dal mostro di nerola al depezzatore di Roma \u2013 i serial killer italiani nella scala del male Autore: Rita Cavallaro \u2013 Emilio Orlando Male Edizioni: Dicembre 2019 Prefazione: Gino Saladini Postfazione: Valerio De Gioia","og_url":"https:\/\/maleedizione.it\/negozio\/prodotto\/22-gradini-per-linferno-dal-mostro-di-nerola-al-depezzatore-di-roma-i-serial-killer-italiani-nella-scala-del-male\/","og_site_name":"Male Edizioni","og_image":[{"width":600,"height":900,"url":"https:\/\/maleedizione.it\/negozio\/wp-content\/uploads\/2023\/11\/22-gradini-per-l-inferno-dal-mostro-di-nerola-al-depezzatore-di-roma-i-serial-killer-italiani-nella-scala-del-male.webp","type":"image\/webp"}],"twitter_card":"summary_large_image","twitter_misc":{"Tempo di lettura stimato":"2 minuti"},"schema":{"@context":"https:\/\/schema.org","@graph":[{"@type":"WebPage","@id":"https:\/\/maleedizione.it\/negozio\/prodotto\/22-gradini-per-linferno-dal-mostro-di-nerola-al-depezzatore-di-roma-i-serial-killer-italiani-nella-scala-del-male\/","url":"https:\/\/maleedizione.it\/negozio\/prodotto\/22-gradini-per-linferno-dal-mostro-di-nerola-al-depezzatore-di-roma-i-serial-killer-italiani-nella-scala-del-male\/","name":"22 gradini per l\u2019inferno \u2013 dal mostro di nerola al depezzatore di roma \u2013 i serial killer italiani nella scala del male - Male Edizioni","isPartOf":{"@id":"https:\/\/maleedizione.it\/negozio\/#website"},"primaryImageOfPage":{"@id":"https:\/\/maleedizione.it\/negozio\/prodotto\/22-gradini-per-linferno-dal-mostro-di-nerola-al-depezzatore-di-roma-i-serial-killer-italiani-nella-scala-del-male\/#primaryimage"},"image":{"@id":"https:\/\/maleedizione.it\/negozio\/prodotto\/22-gradini-per-linferno-dal-mostro-di-nerola-al-depezzatore-di-roma-i-serial-killer-italiani-nella-scala-del-male\/#primaryimage"},"thumbnailUrl":"https:\/\/maleedizione.it\/negozio\/wp-content\/uploads\/2023\/11\/22-gradini-per-l-inferno-dal-mostro-di-nerola-al-depezzatore-di-roma-i-serial-killer-italiani-nella-scala-del-male.webp","datePublished":"2023-11-14T10:43:50+00:00","breadcrumb":{"@id":"https:\/\/maleedizione.it\/negozio\/prodotto\/22-gradini-per-linferno-dal-mostro-di-nerola-al-depezzatore-di-roma-i-serial-killer-italiani-nella-scala-del-male\/#breadcrumb"},"inLanguage":"it-IT","potentialAction":[{"@type":"ReadAction","target":["https:\/\/maleedizione.it\/negozio\/prodotto\/22-gradini-per-linferno-dal-mostro-di-nerola-al-depezzatore-di-roma-i-serial-killer-italiani-nella-scala-del-male\/"]}]},{"@type":"ImageObject","inLanguage":"it-IT","@id":"https:\/\/maleedizione.it\/negozio\/prodotto\/22-gradini-per-linferno-dal-mostro-di-nerola-al-depezzatore-di-roma-i-serial-killer-italiani-nella-scala-del-male\/#primaryimage","url":"https:\/\/maleedizione.it\/negozio\/wp-content\/uploads\/2023\/11\/22-gradini-per-l-inferno-dal-mostro-di-nerola-al-depezzatore-di-roma-i-serial-killer-italiani-nella-scala-del-male.webp","contentUrl":"https:\/\/maleedizione.it\/negozio\/wp-content\/uploads\/2023\/11\/22-gradini-per-l-inferno-dal-mostro-di-nerola-al-depezzatore-di-roma-i-serial-killer-italiani-nella-scala-del-male.webp","width":600,"height":900,"caption":"Copertina del libro, 22 gradini per l'inferno, dal mostro di nerola al depezzatore di Roma, i serial killer italiani nella scala del male"},{"@type":"BreadcrumbList","@id":"https:\/\/maleedizione.it\/negozio\/prodotto\/22-gradini-per-linferno-dal-mostro-di-nerola-al-depezzatore-di-roma-i-serial-killer-italiani-nella-scala-del-male\/#breadcrumb","itemListElement":[{"@type":"ListItem","position":1,"name":"Home","item":"https:\/\/maleedizione.it\/negozio\/"},{"@type":"ListItem","position":2,"name":"Shop","item":"https:\/\/maleedizione.it\/negozio\/catalogo\/"},{"@type":"ListItem","position":3,"name":"22 gradini per l\u2019inferno \u2013 dal mostro di nerola al depezzatore di roma \u2013 i serial killer italiani nella scala del male"}]},{"@type":"WebSite","@id":"https:\/\/maleedizione.it\/negozio\/#website","url":"https:\/\/maleedizione.it\/negozio\/","name":"Male Edizioni","description":"L&#039;editoria Indipendente","publisher":{"@id":"https:\/\/maleedizione.it\/negozio\/#organization"},"potentialAction":[{"@type":"SearchAction","target":{"@type":"EntryPoint","urlTemplate":"https:\/\/maleedizione.it\/negozio\/?s={search_term_string}"},"query-input":{"@type":"PropertyValueSpecification","valueRequired":true,"valueName":"search_term_string"}}],"inLanguage":"it-IT"},{"@type":"Organization","@id":"https:\/\/maleedizione.it\/negozio\/#organization","name":"Male Edizioni","url":"https:\/\/maleedizione.it\/negozio\/","logo":{"@type":"ImageObject","inLanguage":"it-IT","@id":"https:\/\/maleedizione.it\/negozio\/#\/schema\/logo\/image\/","url":"https:\/\/maleedizione.it\/negozio\/wp-content\/uploads\/2024\/01\/male-edizioni-ecommerce-logo-editoria-indipendente.webp","contentUrl":"https:\/\/maleedizione.it\/negozio\/wp-content\/uploads\/2024\/01\/male-edizioni-ecommerce-logo-editoria-indipendente.webp","width":397,"height":100,"caption":"Male Edizioni"},"image":{"@id":"https:\/\/maleedizione.it\/negozio\/#\/schema\/logo\/image\/"}}]}},"_links":{"self":[{"href":"https:\/\/maleedizione.it\/negozio\/wp-json\/wp\/v2\/product\/172","targetHints":{"allow":["GET"]}}],"collection":[{"href":"https:\/\/maleedizione.it\/negozio\/wp-json\/wp\/v2\/product"}],"about":[{"href":"https:\/\/maleedizione.it\/negozio\/wp-json\/wp\/v2\/types\/product"}],"replies":[{"embeddable":true,"href":"https:\/\/maleedizione.it\/negozio\/wp-json\/wp\/v2\/comments?post=172"}],"wp:featuredmedia":[{"embeddable":true,"href":"https:\/\/maleedizione.it\/negozio\/wp-json\/wp\/v2\/media\/381"}],"wp:attachment":[{"href":"https:\/\/maleedizione.it\/negozio\/wp-json\/wp\/v2\/media?parent=172"}],"wp:term":[{"taxonomy":"product_brand","embeddable":true,"href":"https:\/\/maleedizione.it\/negozio\/wp-json\/wp\/v2\/product_brand?post=172"},{"taxonomy":"product_cat","embeddable":true,"href":"https:\/\/maleedizione.it\/negozio\/wp-json\/wp\/v2\/product_cat?post=172"},{"taxonomy":"product_tag","embeddable":true,"href":"https:\/\/maleedizione.it\/negozio\/wp-json\/wp\/v2\/product_tag?post=172"}],"curies":[{"name":"wp","href":"https:\/\/api.w.org\/{rel}","templated":true}]}}