{"id":171,"date":"2023-11-14T11:39:44","date_gmt":"2023-11-14T10:39:44","guid":{"rendered":"http:\/\/simo.advepa.eu\/maleedizioni\/?post_type=product&amp;p=171"},"modified":"2023-11-14T11:39:44","modified_gmt":"2023-11-14T10:39:44","slug":"na-vita-in-tuta-confessioni-delluomo-del-backstage","status":"publish","type":"product","link":"https:\/\/maleedizione.it\/negozio\/prodotto\/na-vita-in-tuta-confessioni-delluomo-del-backstage\/","title":{"rendered":"\u2019na vita in tuta \u2013 confessioni dell\u2019uomo del backstage"},"content":{"rendered":"<p>Questo libro \u00e8 un viaggio alla ricerca di s\u00e9, alla scoperta dell\u2019io pi\u00f9 recondito. Un lungo percorso, dall\u2019infanzia alla maturit\u00e0, costellato di successi e di difficolt\u00e0. Ma sempre vissuto con coraggio,rialzando ogni volta la testa e andando avanti con tenacia. Attraverso le esperienze personali normali e allo stesso tempo straordinarie del protagonista, che consentono all\u2019autore di trasmettere la consapevolezza che la felicit\u00e0, quella pi\u00f9 vera, non \u00e8 legata al denaro, n\u00e9 alla qualificazione sociale o al potere,ma alla capacit\u00e0 di essere sempre se stessi.<\/p>\n<p>Liberi da convenzioni o da condizionamenti, all\u2019inseguimento dell\u2019amore e dell\u2019anima gemella: I\u2019m chasing Love.<\/p>\n<p>Felicit\u00e0 \u00e8 saper cogliere gli attimi di serenit\u00e0 e riuscire ad assecondare i sentimenti ascoltando le ragioni del cuore. Felicit\u00e0 \u00e8 essere liberi.<\/p>\n","protected":false},"excerpt":{"rendered":"<p><strong>Titolo:<\/strong> \u2019na vita in tuta \u2013 confessioni dell\u2019uomo del backstage<br \/>\n<strong>Autore:<\/strong> Carlo Cancellieri<br \/>\n<strong>Male Edizioni:<\/strong> Dicembre 2019<\/p>\n","protected":false},"featured_media":383,"comment_status":"closed","ping_status":"closed","template":"","meta":[],"product_brand":[],"product_cat":[20],"product_tag":[],"class_list":{"0":"post-171","1":"product","2":"type-product","3":"status-publish","4":"has-post-thumbnail","6":"product_cat-le-indagini","8":"first","9":"instock","10":"taxable","11":"shipping-taxable","12":"purchasable","13":"product-type-simple"},"yoast_head":"<!-- This site is optimized with the Yoast SEO plugin v24.6 - https:\/\/yoast.com\/wordpress\/plugins\/seo\/ -->\n<title>\u2019na vita in tuta \u2013 confessioni dell\u2019uomo del backstage - Male Edizioni<\/title>\n<meta name=\"robots\" content=\"index, follow, max-snippet:-1, max-image-preview:large, max-video-preview:-1\" \/>\n<link rel=\"canonical\" href=\"https:\/\/maleedizione.it\/negozio\/prodotto\/na-vita-in-tuta-confessioni-delluomo-del-backstage\/\" \/>\n<meta property=\"og:locale\" content=\"it_IT\" \/>\n<meta property=\"og:type\" content=\"article\" \/>\n<meta property=\"og:title\" content=\"\u2019na vita in tuta \u2013 confessioni dell\u2019uomo del backstage - Male Edizioni\" \/>\n<meta property=\"og:description\" content=\"Titolo: \u2019na vita in tuta \u2013 confessioni dell\u2019uomo del backstage Autore: Carlo Cancellieri Male Edizioni: Dicembre 2019\" \/>\n<meta property=\"og:url\" content=\"https:\/\/maleedizione.it\/negozio\/prodotto\/na-vita-in-tuta-confessioni-delluomo-del-backstage\/\" \/>\n<meta property=\"og:site_name\" content=\"Male Edizioni\" \/>\n<meta property=\"og:image\" content=\"https:\/\/maleedizione.it\/negozio\/wp-content\/uploads\/2023\/11\/na-vita-in-tuta-confessioni-dell-uomo-del-backstage-libro-maledizioni.webp\" \/>\n\t<meta property=\"og:image:width\" content=\"600\" \/>\n\t<meta property=\"og:image:height\" content=\"900\" \/>\n\t<meta property=\"og:image:type\" content=\"image\/webp\" \/>\n<meta name=\"twitter:card\" content=\"summary_large_image\" \/>\n<meta name=\"twitter:label1\" content=\"Tempo di lettura stimato\" \/>\n\t<meta name=\"twitter:data1\" content=\"1 minuto\" \/>\n<script type=\"application\/ld+json\" class=\"yoast-schema-graph\">{\"@context\":\"https:\/\/schema.org\",\"@graph\":[{\"@type\":\"WebPage\",\"@id\":\"https:\/\/maleedizione.it\/negozio\/prodotto\/na-vita-in-tuta-confessioni-delluomo-del-backstage\/\",\"url\":\"https:\/\/maleedizione.it\/negozio\/prodotto\/na-vita-in-tuta-confessioni-delluomo-del-backstage\/\",\"name\":\"\u2019na vita in tuta \u2013 confessioni dell\u2019uomo del backstage - Male Edizioni\",\"isPartOf\":{\"@id\":\"https:\/\/maleedizione.it\/negozio\/#website\"},\"primaryImageOfPage\":{\"@id\":\"https:\/\/maleedizione.it\/negozio\/prodotto\/na-vita-in-tuta-confessioni-delluomo-del-backstage\/#primaryimage\"},\"image\":{\"@id\":\"https:\/\/maleedizione.it\/negozio\/prodotto\/na-vita-in-tuta-confessioni-delluomo-del-backstage\/#primaryimage\"},\"thumbnailUrl\":\"https:\/\/maleedizione.it\/negozio\/wp-content\/uploads\/2023\/11\/na-vita-in-tuta-confessioni-dell-uomo-del-backstage-libro-maledizioni.webp\",\"datePublished\":\"2023-11-14T10:39:44+00:00\",\"breadcrumb\":{\"@id\":\"https:\/\/maleedizione.it\/negozio\/prodotto\/na-vita-in-tuta-confessioni-delluomo-del-backstage\/#breadcrumb\"},\"inLanguage\":\"it-IT\",\"potentialAction\":[{\"@type\":\"ReadAction\",\"target\":[\"https:\/\/maleedizione.it\/negozio\/prodotto\/na-vita-in-tuta-confessioni-delluomo-del-backstage\/\"]}]},{\"@type\":\"ImageObject\",\"inLanguage\":\"it-IT\",\"@id\":\"https:\/\/maleedizione.it\/negozio\/prodotto\/na-vita-in-tuta-confessioni-delluomo-del-backstage\/#primaryimage\",\"url\":\"https:\/\/maleedizione.it\/negozio\/wp-content\/uploads\/2023\/11\/na-vita-in-tuta-confessioni-dell-uomo-del-backstage-libro-maledizioni.webp\",\"contentUrl\":\"https:\/\/maleedizione.it\/negozio\/wp-content\/uploads\/2023\/11\/na-vita-in-tuta-confessioni-dell-uomo-del-backstage-libro-maledizioni.webp\",\"width\":600,\"height\":900,\"caption\":\"Copertina del libro, 'na vita in tuta, confessioni dell'uomo del backstage\"},{\"@type\":\"BreadcrumbList\",\"@id\":\"https:\/\/maleedizione.it\/negozio\/prodotto\/na-vita-in-tuta-confessioni-delluomo-del-backstage\/#breadcrumb\",\"itemListElement\":[{\"@type\":\"ListItem\",\"position\":1,\"name\":\"Home\",\"item\":\"https:\/\/maleedizione.it\/negozio\/\"},{\"@type\":\"ListItem\",\"position\":2,\"name\":\"Shop\",\"item\":\"https:\/\/maleedizione.it\/negozio\/catalogo\/\"},{\"@type\":\"ListItem\",\"position\":3,\"name\":\"\u2019na vita in tuta \u2013 confessioni dell\u2019uomo del backstage\"}]},{\"@type\":\"WebSite\",\"@id\":\"https:\/\/maleedizione.it\/negozio\/#website\",\"url\":\"https:\/\/maleedizione.it\/negozio\/\",\"name\":\"Male Edizioni\",\"description\":\"L&#039;editoria Indipendente\",\"publisher\":{\"@id\":\"https:\/\/maleedizione.it\/negozio\/#organization\"},\"potentialAction\":[{\"@type\":\"SearchAction\",\"target\":{\"@type\":\"EntryPoint\",\"urlTemplate\":\"https:\/\/maleedizione.it\/negozio\/?s={search_term_string}\"},\"query-input\":{\"@type\":\"PropertyValueSpecification\",\"valueRequired\":true,\"valueName\":\"search_term_string\"}}],\"inLanguage\":\"it-IT\"},{\"@type\":\"Organization\",\"@id\":\"https:\/\/maleedizione.it\/negozio\/#organization\",\"name\":\"Male Edizioni\",\"url\":\"https:\/\/maleedizione.it\/negozio\/\",\"logo\":{\"@type\":\"ImageObject\",\"inLanguage\":\"it-IT\",\"@id\":\"https:\/\/maleedizione.it\/negozio\/#\/schema\/logo\/image\/\",\"url\":\"https:\/\/maleedizione.it\/negozio\/wp-content\/uploads\/2024\/01\/male-edizioni-ecommerce-logo-editoria-indipendente.webp\",\"contentUrl\":\"https:\/\/maleedizione.it\/negozio\/wp-content\/uploads\/2024\/01\/male-edizioni-ecommerce-logo-editoria-indipendente.webp\",\"width\":397,\"height\":100,\"caption\":\"Male Edizioni\"},\"image\":{\"@id\":\"https:\/\/maleedizione.it\/negozio\/#\/schema\/logo\/image\/\"}}]}<\/script>\n<!-- \/ Yoast SEO plugin. -->","yoast_head_json":{"title":"\u2019na vita in tuta \u2013 confessioni dell\u2019uomo del backstage - Male Edizioni","robots":{"index":"index","follow":"follow","max-snippet":"max-snippet:-1","max-image-preview":"max-image-preview:large","max-video-preview":"max-video-preview:-1"},"canonical":"https:\/\/maleedizione.it\/negozio\/prodotto\/na-vita-in-tuta-confessioni-delluomo-del-backstage\/","og_locale":"it_IT","og_type":"article","og_title":"\u2019na vita in tuta \u2013 confessioni dell\u2019uomo del backstage - Male Edizioni","og_description":"Titolo: \u2019na vita in tuta \u2013 confessioni dell\u2019uomo del backstage Autore: Carlo Cancellieri Male Edizioni: Dicembre 2019","og_url":"https:\/\/maleedizione.it\/negozio\/prodotto\/na-vita-in-tuta-confessioni-delluomo-del-backstage\/","og_site_name":"Male Edizioni","og_image":[{"width":600,"height":900,"url":"https:\/\/maleedizione.it\/negozio\/wp-content\/uploads\/2023\/11\/na-vita-in-tuta-confessioni-dell-uomo-del-backstage-libro-maledizioni.webp","type":"image\/webp"}],"twitter_card":"summary_large_image","twitter_misc":{"Tempo di lettura stimato":"1 minuto"},"schema":{"@context":"https:\/\/schema.org","@graph":[{"@type":"WebPage","@id":"https:\/\/maleedizione.it\/negozio\/prodotto\/na-vita-in-tuta-confessioni-delluomo-del-backstage\/","url":"https:\/\/maleedizione.it\/negozio\/prodotto\/na-vita-in-tuta-confessioni-delluomo-del-backstage\/","name":"\u2019na vita in tuta \u2013 confessioni dell\u2019uomo del backstage - Male Edizioni","isPartOf":{"@id":"https:\/\/maleedizione.it\/negozio\/#website"},"primaryImageOfPage":{"@id":"https:\/\/maleedizione.it\/negozio\/prodotto\/na-vita-in-tuta-confessioni-delluomo-del-backstage\/#primaryimage"},"image":{"@id":"https:\/\/maleedizione.it\/negozio\/prodotto\/na-vita-in-tuta-confessioni-delluomo-del-backstage\/#primaryimage"},"thumbnailUrl":"https:\/\/maleedizione.it\/negozio\/wp-content\/uploads\/2023\/11\/na-vita-in-tuta-confessioni-dell-uomo-del-backstage-libro-maledizioni.webp","datePublished":"2023-11-14T10:39:44+00:00","breadcrumb":{"@id":"https:\/\/maleedizione.it\/negozio\/prodotto\/na-vita-in-tuta-confessioni-delluomo-del-backstage\/#breadcrumb"},"inLanguage":"it-IT","potentialAction":[{"@type":"ReadAction","target":["https:\/\/maleedizione.it\/negozio\/prodotto\/na-vita-in-tuta-confessioni-delluomo-del-backstage\/"]}]},{"@type":"ImageObject","inLanguage":"it-IT","@id":"https:\/\/maleedizione.it\/negozio\/prodotto\/na-vita-in-tuta-confessioni-delluomo-del-backstage\/#primaryimage","url":"https:\/\/maleedizione.it\/negozio\/wp-content\/uploads\/2023\/11\/na-vita-in-tuta-confessioni-dell-uomo-del-backstage-libro-maledizioni.webp","contentUrl":"https:\/\/maleedizione.it\/negozio\/wp-content\/uploads\/2023\/11\/na-vita-in-tuta-confessioni-dell-uomo-del-backstage-libro-maledizioni.webp","width":600,"height":900,"caption":"Copertina del libro, 'na vita in tuta, confessioni dell'uomo del backstage"},{"@type":"BreadcrumbList","@id":"https:\/\/maleedizione.it\/negozio\/prodotto\/na-vita-in-tuta-confessioni-delluomo-del-backstage\/#breadcrumb","itemListElement":[{"@type":"ListItem","position":1,"name":"Home","item":"https:\/\/maleedizione.it\/negozio\/"},{"@type":"ListItem","position":2,"name":"Shop","item":"https:\/\/maleedizione.it\/negozio\/catalogo\/"},{"@type":"ListItem","position":3,"name":"\u2019na vita in tuta \u2013 confessioni dell\u2019uomo del backstage"}]},{"@type":"WebSite","@id":"https:\/\/maleedizione.it\/negozio\/#website","url":"https:\/\/maleedizione.it\/negozio\/","name":"Male Edizioni","description":"L&#039;editoria Indipendente","publisher":{"@id":"https:\/\/maleedizione.it\/negozio\/#organization"},"potentialAction":[{"@type":"SearchAction","target":{"@type":"EntryPoint","urlTemplate":"https:\/\/maleedizione.it\/negozio\/?s={search_term_string}"},"query-input":{"@type":"PropertyValueSpecification","valueRequired":true,"valueName":"search_term_string"}}],"inLanguage":"it-IT"},{"@type":"Organization","@id":"https:\/\/maleedizione.it\/negozio\/#organization","name":"Male Edizioni","url":"https:\/\/maleedizione.it\/negozio\/","logo":{"@type":"ImageObject","inLanguage":"it-IT","@id":"https:\/\/maleedizione.it\/negozio\/#\/schema\/logo\/image\/","url":"https:\/\/maleedizione.it\/negozio\/wp-content\/uploads\/2024\/01\/male-edizioni-ecommerce-logo-editoria-indipendente.webp","contentUrl":"https:\/\/maleedizione.it\/negozio\/wp-content\/uploads\/2024\/01\/male-edizioni-ecommerce-logo-editoria-indipendente.webp","width":397,"height":100,"caption":"Male Edizioni"},"image":{"@id":"https:\/\/maleedizione.it\/negozio\/#\/schema\/logo\/image\/"}}]}},"_links":{"self":[{"href":"https:\/\/maleedizione.it\/negozio\/wp-json\/wp\/v2\/product\/171","targetHints":{"allow":["GET"]}}],"collection":[{"href":"https:\/\/maleedizione.it\/negozio\/wp-json\/wp\/v2\/product"}],"about":[{"href":"https:\/\/maleedizione.it\/negozio\/wp-json\/wp\/v2\/types\/product"}],"replies":[{"embeddable":true,"href":"https:\/\/maleedizione.it\/negozio\/wp-json\/wp\/v2\/comments?post=171"}],"wp:featuredmedia":[{"embeddable":true,"href":"https:\/\/maleedizione.it\/negozio\/wp-json\/wp\/v2\/media\/383"}],"wp:attachment":[{"href":"https:\/\/maleedizione.it\/negozio\/wp-json\/wp\/v2\/media?parent=171"}],"wp:term":[{"taxonomy":"product_brand","embeddable":true,"href":"https:\/\/maleedizione.it\/negozio\/wp-json\/wp\/v2\/product_brand?post=171"},{"taxonomy":"product_cat","embeddable":true,"href":"https:\/\/maleedizione.it\/negozio\/wp-json\/wp\/v2\/product_cat?post=171"},{"taxonomy":"product_tag","embeddable":true,"href":"https:\/\/maleedizione.it\/negozio\/wp-json\/wp\/v2\/product_tag?post=171"}],"curies":[{"name":"wp","href":"https:\/\/api.w.org\/{rel}","templated":true}]}}