{"id":170,"date":"2023-11-14T11:37:24","date_gmt":"2023-11-14T10:37:24","guid":{"rendered":"http:\/\/simo.advepa.eu\/maleedizioni\/?post_type=product&amp;p=170"},"modified":"2023-11-14T11:37:24","modified_gmt":"2023-11-14T10:37:24","slug":"il-bisturi-della-felicita","status":"publish","type":"product","link":"https:\/\/maleedizione.it\/negozio\/prodotto\/il-bisturi-della-felicita\/","title":{"rendered":"Il Bisturi Della Felicit\u00e0"},"content":{"rendered":"<p>Qual \u00e8 la forma della felicit\u00e0? La forma del tuo corpo, la forma della tua anima.<\/p>\n<p>Il professor Silvio Smeraglia, chirurgo estetico dei Vip, svela segreti e retroscena del suo mestiere affascinante con questo libro divertente, ricco di aneddoti e di storie reali in cui ciascun lettore potr\u00e0 immedesimarsi. Una scrittura brillante e piacevole, che spiega perch\u00e9 diventare pi\u00f9 belli e sexy rende felici se stessi e gli altri intorno a noi. La nostra vita \u00e8 un viaggio.<\/p>\n<p>Viviamocelo bello. Perch\u00e9 vivercelo con una pancia che ci ingombra, con delle palpebre cadenti e con un seno flaccido che ci disturbano nel profondo del nostro io e ci infastidiscono nel quotidiano? Il nostro corpo \u00e8 sempre in cammino e ogni tanto richiede un tagliando di bellezza che serve a darci la carica per lo sprint successivo. Non si pu\u00f2 tornare indietro: allora andiamo avanti nel migliore dei modi. Il libro spiega nel dettaglio, con semplicit\u00e0 e franchezza, anche le pi\u00f9 diffuse tecniche estetiche, con l\u2019ausilio di rappresentazioni grafiche per soddisfare ogni tipo di curiosit\u00e0. Autoironico e irriverente, il professor Silvio Smeraglia non risparmia stoccatine costruttive ai personaggi di successo che potrebbero beneficiare di qualche piccolo aiuto in pi\u00f9.<\/p>\n","protected":false},"excerpt":{"rendered":"<p><strong>Titolo:<\/strong> Il Bisturi Della Felicit\u00e0<br \/>\n<strong>Autore:<\/strong> Silvio Smeraglia<br \/>\n<strong>Male Edizioni:<\/strong> Settembre 2019<br \/>\n<strong>Prefazione:<\/strong> Vittorio Sgarbi<\/p>\n","protected":false},"featured_media":384,"comment_status":"closed","ping_status":"closed","template":"","meta":[],"product_brand":[],"product_cat":[20],"product_tag":[],"class_list":{"0":"post-170","1":"product","2":"type-product","3":"status-publish","4":"has-post-thumbnail","6":"product_cat-le-indagini","8":"first","9":"instock","10":"taxable","11":"shipping-taxable","12":"purchasable","13":"product-type-simple"},"yoast_head":"<!-- This site is optimized with the Yoast SEO plugin v24.6 - https:\/\/yoast.com\/wordpress\/plugins\/seo\/ -->\n<title>Il Bisturi Della Felicit\u00e0 - Male Edizioni<\/title>\n<meta name=\"robots\" content=\"index, follow, max-snippet:-1, max-image-preview:large, max-video-preview:-1\" \/>\n<link rel=\"canonical\" href=\"https:\/\/maleedizione.it\/negozio\/prodotto\/il-bisturi-della-felicita\/\" \/>\n<meta property=\"og:locale\" content=\"it_IT\" \/>\n<meta property=\"og:type\" content=\"article\" \/>\n<meta property=\"og:title\" content=\"Il Bisturi Della Felicit\u00e0 - Male Edizioni\" \/>\n<meta property=\"og:description\" content=\"Titolo: Il Bisturi Della Felicit\u00e0 Autore: Silvio Smeraglia Male Edizioni: Settembre 2019 Prefazione: Vittorio Sgarbi\" \/>\n<meta property=\"og:url\" content=\"https:\/\/maleedizione.it\/negozio\/prodotto\/il-bisturi-della-felicita\/\" \/>\n<meta property=\"og:site_name\" content=\"Male Edizioni\" \/>\n<meta property=\"og:image\" content=\"https:\/\/maleedizione.it\/negozio\/wp-content\/uploads\/2023\/11\/il-bisturi-della-felicita-libro-maledizioni.webp\" \/>\n\t<meta property=\"og:image:width\" content=\"600\" \/>\n\t<meta property=\"og:image:height\" content=\"900\" \/>\n\t<meta property=\"og:image:type\" content=\"image\/webp\" \/>\n<meta name=\"twitter:card\" content=\"summary_large_image\" \/>\n<meta name=\"twitter:label1\" content=\"Tempo di lettura stimato\" \/>\n\t<meta name=\"twitter:data1\" content=\"2 minuti\" \/>\n<script type=\"application\/ld+json\" class=\"yoast-schema-graph\">{\"@context\":\"https:\/\/schema.org\",\"@graph\":[{\"@type\":\"WebPage\",\"@id\":\"https:\/\/maleedizione.it\/negozio\/prodotto\/il-bisturi-della-felicita\/\",\"url\":\"https:\/\/maleedizione.it\/negozio\/prodotto\/il-bisturi-della-felicita\/\",\"name\":\"Il Bisturi Della Felicit\u00e0 - Male Edizioni\",\"isPartOf\":{\"@id\":\"https:\/\/maleedizione.it\/negozio\/#website\"},\"primaryImageOfPage\":{\"@id\":\"https:\/\/maleedizione.it\/negozio\/prodotto\/il-bisturi-della-felicita\/#primaryimage\"},\"image\":{\"@id\":\"https:\/\/maleedizione.it\/negozio\/prodotto\/il-bisturi-della-felicita\/#primaryimage\"},\"thumbnailUrl\":\"https:\/\/maleedizione.it\/negozio\/wp-content\/uploads\/2023\/11\/il-bisturi-della-felicita-libro-maledizioni.webp\",\"datePublished\":\"2023-11-14T10:37:24+00:00\",\"breadcrumb\":{\"@id\":\"https:\/\/maleedizione.it\/negozio\/prodotto\/il-bisturi-della-felicita\/#breadcrumb\"},\"inLanguage\":\"it-IT\",\"potentialAction\":[{\"@type\":\"ReadAction\",\"target\":[\"https:\/\/maleedizione.it\/negozio\/prodotto\/il-bisturi-della-felicita\/\"]}]},{\"@type\":\"ImageObject\",\"inLanguage\":\"it-IT\",\"@id\":\"https:\/\/maleedizione.it\/negozio\/prodotto\/il-bisturi-della-felicita\/#primaryimage\",\"url\":\"https:\/\/maleedizione.it\/negozio\/wp-content\/uploads\/2023\/11\/il-bisturi-della-felicita-libro-maledizioni.webp\",\"contentUrl\":\"https:\/\/maleedizione.it\/negozio\/wp-content\/uploads\/2023\/11\/il-bisturi-della-felicita-libro-maledizioni.webp\",\"width\":600,\"height\":900,\"caption\":\"Copertina del libro, il bisturi della felicit\u00e0\"},{\"@type\":\"BreadcrumbList\",\"@id\":\"https:\/\/maleedizione.it\/negozio\/prodotto\/il-bisturi-della-felicita\/#breadcrumb\",\"itemListElement\":[{\"@type\":\"ListItem\",\"position\":1,\"name\":\"Home\",\"item\":\"https:\/\/maleedizione.it\/negozio\/\"},{\"@type\":\"ListItem\",\"position\":2,\"name\":\"Shop\",\"item\":\"https:\/\/maleedizione.it\/negozio\/catalogo\/\"},{\"@type\":\"ListItem\",\"position\":3,\"name\":\"Il Bisturi Della Felicit\u00e0\"}]},{\"@type\":\"WebSite\",\"@id\":\"https:\/\/maleedizione.it\/negozio\/#website\",\"url\":\"https:\/\/maleedizione.it\/negozio\/\",\"name\":\"Male Edizioni\",\"description\":\"L&#039;editoria Indipendente\",\"publisher\":{\"@id\":\"https:\/\/maleedizione.it\/negozio\/#organization\"},\"potentialAction\":[{\"@type\":\"SearchAction\",\"target\":{\"@type\":\"EntryPoint\",\"urlTemplate\":\"https:\/\/maleedizione.it\/negozio\/?s={search_term_string}\"},\"query-input\":{\"@type\":\"PropertyValueSpecification\",\"valueRequired\":true,\"valueName\":\"search_term_string\"}}],\"inLanguage\":\"it-IT\"},{\"@type\":\"Organization\",\"@id\":\"https:\/\/maleedizione.it\/negozio\/#organization\",\"name\":\"Male Edizioni\",\"url\":\"https:\/\/maleedizione.it\/negozio\/\",\"logo\":{\"@type\":\"ImageObject\",\"inLanguage\":\"it-IT\",\"@id\":\"https:\/\/maleedizione.it\/negozio\/#\/schema\/logo\/image\/\",\"url\":\"https:\/\/maleedizione.it\/negozio\/wp-content\/uploads\/2024\/01\/male-edizioni-ecommerce-logo-editoria-indipendente.webp\",\"contentUrl\":\"https:\/\/maleedizione.it\/negozio\/wp-content\/uploads\/2024\/01\/male-edizioni-ecommerce-logo-editoria-indipendente.webp\",\"width\":397,\"height\":100,\"caption\":\"Male Edizioni\"},\"image\":{\"@id\":\"https:\/\/maleedizione.it\/negozio\/#\/schema\/logo\/image\/\"}}]}<\/script>\n<!-- \/ Yoast SEO plugin. -->","yoast_head_json":{"title":"Il Bisturi Della Felicit\u00e0 - Male Edizioni","robots":{"index":"index","follow":"follow","max-snippet":"max-snippet:-1","max-image-preview":"max-image-preview:large","max-video-preview":"max-video-preview:-1"},"canonical":"https:\/\/maleedizione.it\/negozio\/prodotto\/il-bisturi-della-felicita\/","og_locale":"it_IT","og_type":"article","og_title":"Il Bisturi Della Felicit\u00e0 - Male Edizioni","og_description":"Titolo: Il Bisturi Della Felicit\u00e0 Autore: Silvio Smeraglia Male Edizioni: Settembre 2019 Prefazione: Vittorio Sgarbi","og_url":"https:\/\/maleedizione.it\/negozio\/prodotto\/il-bisturi-della-felicita\/","og_site_name":"Male Edizioni","og_image":[{"width":600,"height":900,"url":"https:\/\/maleedizione.it\/negozio\/wp-content\/uploads\/2023\/11\/il-bisturi-della-felicita-libro-maledizioni.webp","type":"image\/webp"}],"twitter_card":"summary_large_image","twitter_misc":{"Tempo di lettura stimato":"2 minuti"},"schema":{"@context":"https:\/\/schema.org","@graph":[{"@type":"WebPage","@id":"https:\/\/maleedizione.it\/negozio\/prodotto\/il-bisturi-della-felicita\/","url":"https:\/\/maleedizione.it\/negozio\/prodotto\/il-bisturi-della-felicita\/","name":"Il Bisturi Della Felicit\u00e0 - Male Edizioni","isPartOf":{"@id":"https:\/\/maleedizione.it\/negozio\/#website"},"primaryImageOfPage":{"@id":"https:\/\/maleedizione.it\/negozio\/prodotto\/il-bisturi-della-felicita\/#primaryimage"},"image":{"@id":"https:\/\/maleedizione.it\/negozio\/prodotto\/il-bisturi-della-felicita\/#primaryimage"},"thumbnailUrl":"https:\/\/maleedizione.it\/negozio\/wp-content\/uploads\/2023\/11\/il-bisturi-della-felicita-libro-maledizioni.webp","datePublished":"2023-11-14T10:37:24+00:00","breadcrumb":{"@id":"https:\/\/maleedizione.it\/negozio\/prodotto\/il-bisturi-della-felicita\/#breadcrumb"},"inLanguage":"it-IT","potentialAction":[{"@type":"ReadAction","target":["https:\/\/maleedizione.it\/negozio\/prodotto\/il-bisturi-della-felicita\/"]}]},{"@type":"ImageObject","inLanguage":"it-IT","@id":"https:\/\/maleedizione.it\/negozio\/prodotto\/il-bisturi-della-felicita\/#primaryimage","url":"https:\/\/maleedizione.it\/negozio\/wp-content\/uploads\/2023\/11\/il-bisturi-della-felicita-libro-maledizioni.webp","contentUrl":"https:\/\/maleedizione.it\/negozio\/wp-content\/uploads\/2023\/11\/il-bisturi-della-felicita-libro-maledizioni.webp","width":600,"height":900,"caption":"Copertina del libro, il bisturi della felicit\u00e0"},{"@type":"BreadcrumbList","@id":"https:\/\/maleedizione.it\/negozio\/prodotto\/il-bisturi-della-felicita\/#breadcrumb","itemListElement":[{"@type":"ListItem","position":1,"name":"Home","item":"https:\/\/maleedizione.it\/negozio\/"},{"@type":"ListItem","position":2,"name":"Shop","item":"https:\/\/maleedizione.it\/negozio\/catalogo\/"},{"@type":"ListItem","position":3,"name":"Il Bisturi Della Felicit\u00e0"}]},{"@type":"WebSite","@id":"https:\/\/maleedizione.it\/negozio\/#website","url":"https:\/\/maleedizione.it\/negozio\/","name":"Male Edizioni","description":"L&#039;editoria Indipendente","publisher":{"@id":"https:\/\/maleedizione.it\/negozio\/#organization"},"potentialAction":[{"@type":"SearchAction","target":{"@type":"EntryPoint","urlTemplate":"https:\/\/maleedizione.it\/negozio\/?s={search_term_string}"},"query-input":{"@type":"PropertyValueSpecification","valueRequired":true,"valueName":"search_term_string"}}],"inLanguage":"it-IT"},{"@type":"Organization","@id":"https:\/\/maleedizione.it\/negozio\/#organization","name":"Male Edizioni","url":"https:\/\/maleedizione.it\/negozio\/","logo":{"@type":"ImageObject","inLanguage":"it-IT","@id":"https:\/\/maleedizione.it\/negozio\/#\/schema\/logo\/image\/","url":"https:\/\/maleedizione.it\/negozio\/wp-content\/uploads\/2024\/01\/male-edizioni-ecommerce-logo-editoria-indipendente.webp","contentUrl":"https:\/\/maleedizione.it\/negozio\/wp-content\/uploads\/2024\/01\/male-edizioni-ecommerce-logo-editoria-indipendente.webp","width":397,"height":100,"caption":"Male Edizioni"},"image":{"@id":"https:\/\/maleedizione.it\/negozio\/#\/schema\/logo\/image\/"}}]}},"_links":{"self":[{"href":"https:\/\/maleedizione.it\/negozio\/wp-json\/wp\/v2\/product\/170","targetHints":{"allow":["GET"]}}],"collection":[{"href":"https:\/\/maleedizione.it\/negozio\/wp-json\/wp\/v2\/product"}],"about":[{"href":"https:\/\/maleedizione.it\/negozio\/wp-json\/wp\/v2\/types\/product"}],"replies":[{"embeddable":true,"href":"https:\/\/maleedizione.it\/negozio\/wp-json\/wp\/v2\/comments?post=170"}],"wp:featuredmedia":[{"embeddable":true,"href":"https:\/\/maleedizione.it\/negozio\/wp-json\/wp\/v2\/media\/384"}],"wp:attachment":[{"href":"https:\/\/maleedizione.it\/negozio\/wp-json\/wp\/v2\/media?parent=170"}],"wp:term":[{"taxonomy":"product_brand","embeddable":true,"href":"https:\/\/maleedizione.it\/negozio\/wp-json\/wp\/v2\/product_brand?post=170"},{"taxonomy":"product_cat","embeddable":true,"href":"https:\/\/maleedizione.it\/negozio\/wp-json\/wp\/v2\/product_cat?post=170"},{"taxonomy":"product_tag","embeddable":true,"href":"https:\/\/maleedizione.it\/negozio\/wp-json\/wp\/v2\/product_tag?post=170"}],"curies":[{"name":"wp","href":"https:\/\/api.w.org\/{rel}","templated":true}]}}