{"id":165,"date":"2023-11-14T11:01:46","date_gmt":"2023-11-14T10:01:46","guid":{"rendered":"http:\/\/simo.advepa.eu\/maleedizioni\/?post_type=product&amp;p=165"},"modified":"2023-11-14T11:01:46","modified_gmt":"2023-11-14T10:01:46","slug":"se-i-conti-non-tornano-uninchiesta-sulla-statistica-pubblica","status":"publish","type":"product","link":"https:\/\/maleedizione.it\/negozio\/prodotto\/se-i-conti-non-tornano-uninchiesta-sulla-statistica-pubblica\/","title":{"rendered":"Se i conti non tornano \u2013 un\u2019inchiesta sulla statistica pubblica"},"content":{"rendered":"<p>Affidabili, autorevoli, indipendenti. Sono le qualit\u00e0 indispensabili per i dati della statistica pubblica.<br \/>\nNecessari per il buon governo del Paese perch\u00e9 bisogna prima conoscere per deliberare; fondamentali per l\u2019immagine dell\u2019Italia all\u2019estero, per la fiducia dei mercati e degli investitori. Insomma, i dati della<br \/>\nstatistica pubblica devono essere senza macchia.<\/p>\n<p>E se cos\u00ec non fosse? Se anche solo un\u2019ombra velasse la loro autorevolezza? Se ci fosse anche solo un minimo dubbio che non corrispondano alla realt\u00e0 del Paese? Cosa succederebbe per esempio se fosse pubblica la notizia che praticamente nessuno controlla la qualit\u00e0 della produzione statistica perch\u00e9 per legge il controllato paga il controllore? O se si scoprisse che il personale che elabora i dati della statistica pubblica non capisce nulla di dati e algoritmi perch\u00e9 non ha mai messo piede all\u2019universit\u00e0? Oppure se si scoprisse che disseminati in una miriade di uffici, gli addetti alla statistica fanno tutt\u2019altro che il loro lavoro? E se ancora fosse accertato che nonostante i milioni di euro spesi per farli parlare tra loro numeri e dati gi\u00e0 in possesso della pubblica amministrazione giacciono inutilizzati?E se infine questi e altri disastri non fossero il frutto di complicate inchieste o fonti anonime, ma fosse tutto certificato, nero su bianco, su documenti pubblici depositati in Parlamento?<\/p>\n<p>In un Paese normale forse scoppierebbe un putiferio. Ma in un Paese normale tutto questo non<br \/>\nsarebbe possibile.<\/p>\n<p>E se invece fosse davvero cos\u00ec<\/p>\n","protected":false},"excerpt":{"rendered":"<p><strong>Titolo:<\/strong> Se i conti non tornano \u2013 un\u2019inchiesta sulla statistica pubblica<br \/>\n<strong>Autore:<\/strong> Francesco Bardaro Grella<br \/>\n<strong>Male Edizioni:<\/strong> Marzo 2019<\/p>\n","protected":false},"featured_media":336,"comment_status":"closed","ping_status":"closed","template":"","meta":[],"product_brand":[],"product_cat":[20],"product_tag":[],"class_list":{"0":"post-165","1":"product","2":"type-product","3":"status-publish","4":"has-post-thumbnail","6":"product_cat-le-indagini","8":"first","9":"instock","10":"taxable","11":"shipping-taxable","12":"purchasable","13":"product-type-simple"},"yoast_head":"<!-- This site is optimized with the Yoast SEO plugin v24.6 - https:\/\/yoast.com\/wordpress\/plugins\/seo\/ -->\n<title>Se i conti non tornano \u2013 un\u2019inchiesta sulla statistica pubblica - Male Edizioni<\/title>\n<meta name=\"robots\" content=\"index, follow, max-snippet:-1, max-image-preview:large, max-video-preview:-1\" \/>\n<link rel=\"canonical\" href=\"https:\/\/maleedizione.it\/negozio\/prodotto\/se-i-conti-non-tornano-uninchiesta-sulla-statistica-pubblica\/\" \/>\n<meta property=\"og:locale\" content=\"it_IT\" \/>\n<meta property=\"og:type\" content=\"article\" \/>\n<meta property=\"og:title\" content=\"Se i conti non tornano \u2013 un\u2019inchiesta sulla statistica pubblica - Male Edizioni\" \/>\n<meta property=\"og:description\" content=\"Titolo: Se i conti non tornano \u2013 un\u2019inchiesta sulla statistica pubblica Autore: Francesco Bardaro Grella Male Edizioni: Marzo 2019\" \/>\n<meta property=\"og:url\" content=\"https:\/\/maleedizione.it\/negozio\/prodotto\/se-i-conti-non-tornano-uninchiesta-sulla-statistica-pubblica\/\" \/>\n<meta property=\"og:site_name\" content=\"Male Edizioni\" \/>\n<meta property=\"og:image\" content=\"https:\/\/maleedizione.it\/negozio\/wp-content\/uploads\/2023\/11\/se-i-conti-non-tornano-libro-maleedizioni.webp\" \/>\n\t<meta property=\"og:image:width\" content=\"600\" \/>\n\t<meta property=\"og:image:height\" content=\"900\" \/>\n\t<meta property=\"og:image:type\" content=\"image\/webp\" \/>\n<meta name=\"twitter:card\" content=\"summary_large_image\" \/>\n<meta name=\"twitter:label1\" content=\"Tempo di lettura stimato\" \/>\n\t<meta name=\"twitter:data1\" content=\"2 minuti\" \/>\n<script type=\"application\/ld+json\" class=\"yoast-schema-graph\">{\"@context\":\"https:\/\/schema.org\",\"@graph\":[{\"@type\":\"WebPage\",\"@id\":\"https:\/\/maleedizione.it\/negozio\/prodotto\/se-i-conti-non-tornano-uninchiesta-sulla-statistica-pubblica\/\",\"url\":\"https:\/\/maleedizione.it\/negozio\/prodotto\/se-i-conti-non-tornano-uninchiesta-sulla-statistica-pubblica\/\",\"name\":\"Se i conti non tornano \u2013 un\u2019inchiesta sulla statistica pubblica - Male Edizioni\",\"isPartOf\":{\"@id\":\"https:\/\/maleedizione.it\/negozio\/#website\"},\"primaryImageOfPage\":{\"@id\":\"https:\/\/maleedizione.it\/negozio\/prodotto\/se-i-conti-non-tornano-uninchiesta-sulla-statistica-pubblica\/#primaryimage\"},\"image\":{\"@id\":\"https:\/\/maleedizione.it\/negozio\/prodotto\/se-i-conti-non-tornano-uninchiesta-sulla-statistica-pubblica\/#primaryimage\"},\"thumbnailUrl\":\"https:\/\/maleedizione.it\/negozio\/wp-content\/uploads\/2023\/11\/se-i-conti-non-tornano-libro-maleedizioni.webp\",\"datePublished\":\"2023-11-14T10:01:46+00:00\",\"breadcrumb\":{\"@id\":\"https:\/\/maleedizione.it\/negozio\/prodotto\/se-i-conti-non-tornano-uninchiesta-sulla-statistica-pubblica\/#breadcrumb\"},\"inLanguage\":\"it-IT\",\"potentialAction\":[{\"@type\":\"ReadAction\",\"target\":[\"https:\/\/maleedizione.it\/negozio\/prodotto\/se-i-conti-non-tornano-uninchiesta-sulla-statistica-pubblica\/\"]}]},{\"@type\":\"ImageObject\",\"inLanguage\":\"it-IT\",\"@id\":\"https:\/\/maleedizione.it\/negozio\/prodotto\/se-i-conti-non-tornano-uninchiesta-sulla-statistica-pubblica\/#primaryimage\",\"url\":\"https:\/\/maleedizione.it\/negozio\/wp-content\/uploads\/2023\/11\/se-i-conti-non-tornano-libro-maleedizioni.webp\",\"contentUrl\":\"https:\/\/maleedizione.it\/negozio\/wp-content\/uploads\/2023\/11\/se-i-conti-non-tornano-libro-maleedizioni.webp\",\"width\":600,\"height\":900,\"caption\":\"Copertina del libro se i conti non tornano\"},{\"@type\":\"BreadcrumbList\",\"@id\":\"https:\/\/maleedizione.it\/negozio\/prodotto\/se-i-conti-non-tornano-uninchiesta-sulla-statistica-pubblica\/#breadcrumb\",\"itemListElement\":[{\"@type\":\"ListItem\",\"position\":1,\"name\":\"Home\",\"item\":\"https:\/\/maleedizione.it\/negozio\/\"},{\"@type\":\"ListItem\",\"position\":2,\"name\":\"Shop\",\"item\":\"https:\/\/maleedizione.it\/negozio\/catalogo\/\"},{\"@type\":\"ListItem\",\"position\":3,\"name\":\"Se i conti non tornano \u2013 un\u2019inchiesta sulla statistica pubblica\"}]},{\"@type\":\"WebSite\",\"@id\":\"https:\/\/maleedizione.it\/negozio\/#website\",\"url\":\"https:\/\/maleedizione.it\/negozio\/\",\"name\":\"Male Edizioni\",\"description\":\"L&#039;editoria Indipendente\",\"publisher\":{\"@id\":\"https:\/\/maleedizione.it\/negozio\/#organization\"},\"potentialAction\":[{\"@type\":\"SearchAction\",\"target\":{\"@type\":\"EntryPoint\",\"urlTemplate\":\"https:\/\/maleedizione.it\/negozio\/?s={search_term_string}\"},\"query-input\":{\"@type\":\"PropertyValueSpecification\",\"valueRequired\":true,\"valueName\":\"search_term_string\"}}],\"inLanguage\":\"it-IT\"},{\"@type\":\"Organization\",\"@id\":\"https:\/\/maleedizione.it\/negozio\/#organization\",\"name\":\"Male Edizioni\",\"url\":\"https:\/\/maleedizione.it\/negozio\/\",\"logo\":{\"@type\":\"ImageObject\",\"inLanguage\":\"it-IT\",\"@id\":\"https:\/\/maleedizione.it\/negozio\/#\/schema\/logo\/image\/\",\"url\":\"https:\/\/maleedizione.it\/negozio\/wp-content\/uploads\/2024\/01\/male-edizioni-ecommerce-logo-editoria-indipendente.webp\",\"contentUrl\":\"https:\/\/maleedizione.it\/negozio\/wp-content\/uploads\/2024\/01\/male-edizioni-ecommerce-logo-editoria-indipendente.webp\",\"width\":397,\"height\":100,\"caption\":\"Male Edizioni\"},\"image\":{\"@id\":\"https:\/\/maleedizione.it\/negozio\/#\/schema\/logo\/image\/\"}}]}<\/script>\n<!-- \/ Yoast SEO plugin. -->","yoast_head_json":{"title":"Se i conti non tornano \u2013 un\u2019inchiesta sulla statistica pubblica - Male Edizioni","robots":{"index":"index","follow":"follow","max-snippet":"max-snippet:-1","max-image-preview":"max-image-preview:large","max-video-preview":"max-video-preview:-1"},"canonical":"https:\/\/maleedizione.it\/negozio\/prodotto\/se-i-conti-non-tornano-uninchiesta-sulla-statistica-pubblica\/","og_locale":"it_IT","og_type":"article","og_title":"Se i conti non tornano \u2013 un\u2019inchiesta sulla statistica pubblica - Male Edizioni","og_description":"Titolo: Se i conti non tornano \u2013 un\u2019inchiesta sulla statistica pubblica Autore: Francesco Bardaro Grella Male Edizioni: Marzo 2019","og_url":"https:\/\/maleedizione.it\/negozio\/prodotto\/se-i-conti-non-tornano-uninchiesta-sulla-statistica-pubblica\/","og_site_name":"Male Edizioni","og_image":[{"width":600,"height":900,"url":"https:\/\/maleedizione.it\/negozio\/wp-content\/uploads\/2023\/11\/se-i-conti-non-tornano-libro-maleedizioni.webp","type":"image\/webp"}],"twitter_card":"summary_large_image","twitter_misc":{"Tempo di lettura stimato":"2 minuti"},"schema":{"@context":"https:\/\/schema.org","@graph":[{"@type":"WebPage","@id":"https:\/\/maleedizione.it\/negozio\/prodotto\/se-i-conti-non-tornano-uninchiesta-sulla-statistica-pubblica\/","url":"https:\/\/maleedizione.it\/negozio\/prodotto\/se-i-conti-non-tornano-uninchiesta-sulla-statistica-pubblica\/","name":"Se i conti non tornano \u2013 un\u2019inchiesta sulla statistica pubblica - Male Edizioni","isPartOf":{"@id":"https:\/\/maleedizione.it\/negozio\/#website"},"primaryImageOfPage":{"@id":"https:\/\/maleedizione.it\/negozio\/prodotto\/se-i-conti-non-tornano-uninchiesta-sulla-statistica-pubblica\/#primaryimage"},"image":{"@id":"https:\/\/maleedizione.it\/negozio\/prodotto\/se-i-conti-non-tornano-uninchiesta-sulla-statistica-pubblica\/#primaryimage"},"thumbnailUrl":"https:\/\/maleedizione.it\/negozio\/wp-content\/uploads\/2023\/11\/se-i-conti-non-tornano-libro-maleedizioni.webp","datePublished":"2023-11-14T10:01:46+00:00","breadcrumb":{"@id":"https:\/\/maleedizione.it\/negozio\/prodotto\/se-i-conti-non-tornano-uninchiesta-sulla-statistica-pubblica\/#breadcrumb"},"inLanguage":"it-IT","potentialAction":[{"@type":"ReadAction","target":["https:\/\/maleedizione.it\/negozio\/prodotto\/se-i-conti-non-tornano-uninchiesta-sulla-statistica-pubblica\/"]}]},{"@type":"ImageObject","inLanguage":"it-IT","@id":"https:\/\/maleedizione.it\/negozio\/prodotto\/se-i-conti-non-tornano-uninchiesta-sulla-statistica-pubblica\/#primaryimage","url":"https:\/\/maleedizione.it\/negozio\/wp-content\/uploads\/2023\/11\/se-i-conti-non-tornano-libro-maleedizioni.webp","contentUrl":"https:\/\/maleedizione.it\/negozio\/wp-content\/uploads\/2023\/11\/se-i-conti-non-tornano-libro-maleedizioni.webp","width":600,"height":900,"caption":"Copertina del libro se i conti non tornano"},{"@type":"BreadcrumbList","@id":"https:\/\/maleedizione.it\/negozio\/prodotto\/se-i-conti-non-tornano-uninchiesta-sulla-statistica-pubblica\/#breadcrumb","itemListElement":[{"@type":"ListItem","position":1,"name":"Home","item":"https:\/\/maleedizione.it\/negozio\/"},{"@type":"ListItem","position":2,"name":"Shop","item":"https:\/\/maleedizione.it\/negozio\/catalogo\/"},{"@type":"ListItem","position":3,"name":"Se i conti non tornano \u2013 un\u2019inchiesta sulla statistica pubblica"}]},{"@type":"WebSite","@id":"https:\/\/maleedizione.it\/negozio\/#website","url":"https:\/\/maleedizione.it\/negozio\/","name":"Male Edizioni","description":"L&#039;editoria Indipendente","publisher":{"@id":"https:\/\/maleedizione.it\/negozio\/#organization"},"potentialAction":[{"@type":"SearchAction","target":{"@type":"EntryPoint","urlTemplate":"https:\/\/maleedizione.it\/negozio\/?s={search_term_string}"},"query-input":{"@type":"PropertyValueSpecification","valueRequired":true,"valueName":"search_term_string"}}],"inLanguage":"it-IT"},{"@type":"Organization","@id":"https:\/\/maleedizione.it\/negozio\/#organization","name":"Male Edizioni","url":"https:\/\/maleedizione.it\/negozio\/","logo":{"@type":"ImageObject","inLanguage":"it-IT","@id":"https:\/\/maleedizione.it\/negozio\/#\/schema\/logo\/image\/","url":"https:\/\/maleedizione.it\/negozio\/wp-content\/uploads\/2024\/01\/male-edizioni-ecommerce-logo-editoria-indipendente.webp","contentUrl":"https:\/\/maleedizione.it\/negozio\/wp-content\/uploads\/2024\/01\/male-edizioni-ecommerce-logo-editoria-indipendente.webp","width":397,"height":100,"caption":"Male Edizioni"},"image":{"@id":"https:\/\/maleedizione.it\/negozio\/#\/schema\/logo\/image\/"}}]}},"_links":{"self":[{"href":"https:\/\/maleedizione.it\/negozio\/wp-json\/wp\/v2\/product\/165","targetHints":{"allow":["GET"]}}],"collection":[{"href":"https:\/\/maleedizione.it\/negozio\/wp-json\/wp\/v2\/product"}],"about":[{"href":"https:\/\/maleedizione.it\/negozio\/wp-json\/wp\/v2\/types\/product"}],"replies":[{"embeddable":true,"href":"https:\/\/maleedizione.it\/negozio\/wp-json\/wp\/v2\/comments?post=165"}],"wp:featuredmedia":[{"embeddable":true,"href":"https:\/\/maleedizione.it\/negozio\/wp-json\/wp\/v2\/media\/336"}],"wp:attachment":[{"href":"https:\/\/maleedizione.it\/negozio\/wp-json\/wp\/v2\/media?parent=165"}],"wp:term":[{"taxonomy":"product_brand","embeddable":true,"href":"https:\/\/maleedizione.it\/negozio\/wp-json\/wp\/v2\/product_brand?post=165"},{"taxonomy":"product_cat","embeddable":true,"href":"https:\/\/maleedizione.it\/negozio\/wp-json\/wp\/v2\/product_cat?post=165"},{"taxonomy":"product_tag","embeddable":true,"href":"https:\/\/maleedizione.it\/negozio\/wp-json\/wp\/v2\/product_tag?post=165"}],"curies":[{"name":"wp","href":"https:\/\/api.w.org\/{rel}","templated":true}]}}