{"id":665,"date":"2024-02-02T10:45:23","date_gmt":"2024-02-02T10:45:23","guid":{"rendered":"https:\/\/maleedizione.it\/negozio\/?page_id=665"},"modified":"2024-05-27T09:28:55","modified_gmt":"2024-05-27T09:28:55","slug":"condizioni-di-vendita","status":"publish","type":"page","link":"https:\/\/maleedizione.it\/negozio\/condizioni-di-vendita\/","title":{"rendered":"Condizioni di vendita"},"content":{"rendered":"<p class=\"has-normal-font-size\"><strong>Riepilogo delle Condizioni Generali di Contrattazione<\/strong><\/p><p class=\"has-normal-font-size\">Le Condizioni Generali di Contrattazione forniscono una panoramica dei nostri servizi su<br>Maleedizioni.it Le nostre offerte sono rivolte esclusivamente ai consumatori che effettuano<br>l&#8217;acquisto per scopi privati.<\/p><ol class=\"wp-block-list\"><li class=\"has-normal-font-size\"><strong>Stipula del contratto:<\/strong><br>effettuando un ordine sul sito web di Maleedizioni, l&#8217;utente dichiara di agire esclusivamente<br>per scopi privati. Il contratto entra in vigore facendo clic sul pulsante \u201cAcquista\u201d e alla<br>ricezione della conferma dell&#8217;ordine. Ci riserviamo il diritto di rifiutare o annullare gli ordini<br>generati da programmi o servizi automatici di terze parti.<\/li>\n\n<li class=\"has-normal-font-size\"><strong>Prezzi, spese di spedizione e condizioni di fornitura:<\/strong><br>Le spese di spedizione sono a carico di Maleedizioni.<\/li>\n\n<li class=\"has-normal-font-size\"><strong>Diversi metodi di pagamento:<\/strong><br>sono disponibili diverse opzioni di pagamento, ad esempio carta di credito, tramite fattura<br>o Stripe o bonifico bancario.<\/li>\n\n<li class=\"has-normal-font-size\"><strong>Diritto di recesso:<\/strong><br>in qualit\u00e0 di consumatori, godete del diritto di recesso previsto per legge. Ci\u00f2 significa che<br>\u00e8 possibile recedere dal presente contratto online entro 14 giorni dal ricevimento della<br>merce senza indicarne i motivi, comunicandoci 1.) (ad esempio via e-mail o posta) che<br>non desiderate pi\u00f9 attenervi al contratto e 2.) restituendo il vostro ordine a noi. Tutte le<br>altre informazioni sul recesso sono disponibili nelle CGC.<\/li>\n\n<li class=\"has-normal-font-size\"><strong>Diritto di restituzione volontario:<\/strong><br>vi offriamo un ulteriore diritto di restituzione volontario, che vi concediamo volontariamente<br>e indipendentemente dal diritto di recesso di 14 giorni. Ci\u00f2 non pregiudica il vostro diritto di<br>recesso stabilito dalla legge. Ulteriori informazioni sulle condizioni e sulla durata del diritto<br>di restituzione volontario sono disponibili nelle CGC.<\/li>\n\n<li class=\"has-normal-font-size\"><strong>Rimborsi:<\/strong>gli eventuali rimborsi saranno effettuati automaticamente mediante lo stesso<br>metodo di pagamento usato per l\u2019acquisto.<\/li>\n\n<li class=\"has-normal-font-size\"><strong>Assistenza clienti:<\/strong><br>in caso di domande, si prega di consultare le nostre pagine di assistenza o di contattarci.<\/li>\n\n<li><strong>Potenziali reclami:<\/strong><br>abbiamo istituito una procedura di segnalazione e reclamo per la verifica di contenuti<br>potenzialmente illegittimi. Se non siete d&#8217;accordo con la nostra decisione, avete a<br>disposizione diversi mezzi di ricorso.<\/li>\n\n<li><strong>Altro:<\/strong><br>si applicano i diritti di garanzia previsti dalla legge. Per ulteriori informazioni, consultare le<br>CGC. All\u2019interno della sezione avete anche la possibilit\u00e0 di scaricare e salvare le<br>Condizioni Generali di Contrattazione. <\/li><\/ol><hr class=\"wp-block-separator has-alpha-channel-opacity is-style-wide\" \/><h2 class=\"wp-block-heading\">Condizioni Generali di Vendita<\/h2><p class=\"has-normal-font-size\"><strong>PDF download<\/strong><br><strong>Condizioni Generali di Vendita (CGV) per gli acquisti effettuati online sul<br>sito <a href=\"http:\/\/www.maleedizioni.it\" data-type=\"link\" data-id=\"www.maleedizioni.it\">www.maleedizioni.it<\/a><\/strong><\/p><p class=\"has-normal-font-size\"><br>MALE srl Via IV Novembre, 114 00187 ROMA invita gli utenti a prendere visione delle<br>presenti Condizioni Generali di Vendita (\u201cCGV\u201d) che regolano l\u2019acquisto dei prodotti e la<br>gestione degli ordini effettuati sul sito.<\/p><p class=\"has-normal-font-size\"><br><strong>Le offerte sul nostro sito Internet www.maleedizioni.it si rivolgono esclusivamente<br>ai consumatori che concludono l&#8217;acquisto per uno scopo che non pu\u00f2 essere<br>attribuito n\u00e9 a un&#8217;attivit\u00e0 commerciale n\u00e9 professionale.<\/strong><\/p><p class=\"has-normal-font-size\"><br>Sul sito www.maleedizioni.it sono offerti in vendita i libri prodotti dalla mostra casa editrice<\/p><ol class=\"wp-block-list\"><li class=\"has-normal-font-size\"><strong>Conclusione del contratto e consegna dei prodotti<\/strong><br><strong>1.1<\/strong> Effettuando un ordine, dichiari di agire esclusivamente per scopi privati.<br><strong>1.2<\/strong> Ogni ordine effettuato su <a href=\"http:\/\/www.maleedizioni.it\" data-type=\"link\" data-id=\"www.maleedizioni.it\">www.maleedizioni.it<\/a> implica la conclusione di un contratto di<br>compravendita in lingua italiana. Le informazioni sul rispettivo rapporto contrattuale \u00e8<br>visualizzato su ogni pagina dei dettagli del prodotto.<br><strong>1.3 <\/strong>Cliccando sul tasto \u201cAcquista ora\u201d il cliente effettua un ordine vincolante relativamente<br>agli oggetti contenuti nel carrello virtuale. Una volta trasmesso l\u2019ordine, Maleedizioni<br>invier\u00e0 entro 1 ora al cliente una e-mail di conferma dell\u2019ordine. Un contratto si considera<br>concluso in modo vincolante al ricevimento di una nostra conferma d\u2019ordine. Qualora il<br>cliente non riceva alcuna conferma dell\u2019ordine entro il termine indicato al presente art. 1.2.,<br>il relativo ordine dovr\u00e0 intendersi rifiutato da Maleedizioni e, dunque, privo di effetti. Gli<br>ordini in relazione ai quali il cliente ha optato per il pagamento anticipato saranno spediti<br>non appena Maleedizioni.it ricever\u00e0 il pagamento complessivo del prezzo di acquisto e<br>delle eventuali spese di spedizione. Maleedizioni invita, per-tanto, il cliente a provvedere al<br>pagamento del prezzo non appena ricevuta la conferma dell\u2019ordine e comunque entro i 7<br>giorni successivi.<br><strong>1.4<\/strong> L\u2019acquirente d\u00e0 il proprio consenso preventivo alla cessione a terzi, in particolare a<br>Maleedizioni.it, dei crediti per il pagamento del prezzo di acquisto.<br><strong>1.5<\/strong> Laddove i prodotti oggetto dell\u2019ordine non siano disponibili per cause indipendenti dalla<br>condotta di Maleedizioni quest\u2019ultima dovr\u00e0 avvisare tempestivamente il cliente. In tal<br>caso, non sussiste alcun obbligo di consegnare le merci ordinate, salvo se Maleedizioni si<br>sia assunta il rischio della consegna dei prodotti facenti parte dell\u2019ordine in questione.<br>In ogni caso, qualora i prodotti ordinati non siano disponibili Maleedizioni provveder\u00e0<br>senza alcun ritardo al rimborso, in favore del cliente, di ogni somma eventualmente gi\u00e0<br>pagata.<br><strong>1.6 <\/strong>Maleedizioni non si assume la responsabilit\u00e0 di dover ricercare e reperire da altre fonti<br>i prodotti non disponibili. Maleedizioni effettua le consegne nel solo territorio italiano. Se il<br>tempo di consegna \u00e8 espresso in giorni lavorativi, si intendono come tali tutti quelli<br>compresi tra il luned\u00ec e il venerd\u00ec inclusi, con espressa esclusione di eventuali giorni festivi.<br><strong>1.7<\/strong> Ci riserviamo il diritto di non accettare o di cancellare un ordine, laddove questo sia<br>stato inviato servendosi di un software, robot, crawler, spider o di un qualsiasi sistema<br>automatizzato oppure mediante un comportamento basato su script e un qualsiasi utilizzo<br>di servizi di terzi, al fine di inviare un ordine a nome dell\u2019utente.<\/li>\n\n<li><strong>Prezzi, spese di spedizione e consegna espressa<\/strong><br><strong>2.1 <\/strong>Il cliente \u00e8 tenuto al pagamento del prezzo pubblicato nella pagina del prodotto al<br>momento dell\u2019invio dell\u2019ordine. Il prezzo indicato \u00e8 definitivo e comprensivo dell\u2019IVA.<br><strong>2.2<\/strong> Le spese di spedizione. Nel caso in cui il Cliente restituisca i prodotti in conformit\u00e0 alla<br>procedura prevista da questa condizioni e dalla normativa applicabile, i costi di spedizione<br>saranno rimborsati.<br><strong>2.3<\/strong> Le spese di spedizione sono sempre a carico del venditore.<br><strong>2.4<\/strong> La consegna espressa non \u00e8 disponibile<\/li>\n\n<li><strong>Pagamento<\/strong><br><strong>3.1<\/strong> Maleedizioni accetta diverse modalit\u00e0 di pagamento tra cui, a scopo indicativo:, con<br>carta di credito, mediante bonifico bancario , Stripe e in contanti alla consegna.<br>Maleedizioni si riserva il diritto di rifiutare alcuni metodi di pagamento e di richiedere<br>metodi di pagamento diversi per determinati ordini. Si noti che Maleedizioni accetta solo<br>pagamenti provenienti da conti bancari interni all\u2019Unione Europea (UE) e che il cliente \u00e8<br>responsabile per ogni costo associato alla transazione.<br><strong>3.2<\/strong> In caso di acquisto effettuato con la carta di credito, l\u2019addebito avviene al momento<br>della spedizione dell\u2019ordine.<br><strong>3.3<\/strong> L\u2019acquirente accetta di ricevere le fatture e gli accrediti esclusivamente in formato<br>elettronico.<\/li>\n\n<li><strong>Diritto di recesso per i Prodotti Maleedizioni<\/strong><br>Il cliente ha il diritto di recedere da ogni ordine che riguardi i Prodotti Maleedizioni, senza<br>fornire alcuna motivazione e con qualsiasi dichiarazione, purch\u00e9 esplicita, recapitata a<br>Maleedizioni. Il diritto di recesso \u00e8 tuttavia escluso relativamente a Prodotti Maleedizioni<br>sigillati che siano stati aperti dopo la consegna.<br><strong>6.1<\/strong> Informazioni riguardo al diritto di recesso (ex art. 49, comma 1, lett. (h) del d.lgs.<br>n. 206\/2005 \u201cCodice del Consumo\u201d)<br>Il cliente ha il diritto di recedere dal contratto, senza indicarne le ragioni, entro 14 giorni. Il<br>periodo di recesso scade dopo 14 giorni a partire dal giorno in cui il cliente o un terzo,<br>diverso dal vettore e designato dal cliente stesso, ac-quisisce il possesso fisico dell\u2019ultimo<br>bene ordinato. In caso di contratto relativo a molteplici beni ordinati dal cliente in un solo<br>ordine e consegnati separatamente, il termine di 14 giorni decorre dal giorno in cui il<br>cliente o un terzo, diverso dal vettore da quest\u2019ultimo designato, acquisisce il possesso<br>fisico dell\u2019ultimo bene.<br>Per esercitare il diritto di recesso, \u00e8 necessario informare Maleedizioni (MALE srl via IV<br>Novembre 114 00187 ROMA mail: <a href=\"mailto:macchioni.ufficiale@gmail.com\" target=\"_blank\" rel=\"noreferrer noopener\">macchioni.ufficiale@gmail.com<\/a> ) della decisione di<br>recedere dal presente contratto tramite una qualsiasi esplicita dichiarazione in tal senso<br>(ad esempio, con una lettera inviata per posta, e-mail). A<br>Il termine fissato per il recesso si intende rispettato se il cliente trasmette la propria<br>dichiarazione prima della scadenza del termine di 14 giorni a partire dal giorno in cui il<br>cliente o un terzo, diverso dal vettore e designato dal cliente stesso, acquisisce il<br>possesso fisico dell\u2019ultimo bene ordinato. In caso di contratto relativo a molteplici beni<br>ordinati dal cliente in un solo ordine e consegnati separatamente, il termine di 14 giorni<br>decorre dal giorno in cui il cliente o un terzo, diverso dal vettore da quest\u2019ultimo designato,<br>acquisisce il possesso fisico dell\u2019ultimo bene.<br><strong>6.2 Effetti del recesso<\/strong><br>A seguito del recesso dal presente contratto, Maleedizioni rimborser\u00e0 tutti i pagamenti<br>effettuati dall\u2019acquirente, senza indebito ritardo e in ogni caso non oltre 14 giorni dal giorno<br>in cui Maleedizioni viene informato dal cliente della decisione di esercitare il diritto di<br>recesso. Tali rimborsi saranno effettuati utilizzando lo stesso strumento di pagamento<br>utilizzato dal cliente in fase di acquisto, salvo non si sia stabilito altrimenti. In ogni caso, il<br>cliente non dovr\u00e0 sostenere alcun costo quale conseguenza di tale rimborso. Il rimborso<br>potr\u00e0 essere sospeso fino al ricevimento, da parte di Maleedizioni, dei prodotti oggetto del<br>reso ovvero fino alla dimostrazione da parte del cliente dell\u2019avvenuta spedizione di tali<br>beni, se antecedente.<br>Il cliente \u00e8 tenuto a restituire o a consegnare i prodotti senza indebito ritardo e in ogni caso<br>entro 14 giorni dal giorno in cui ha comunicato la sua volont\u00e0 di recedere dal contratto di<br>compravendita.<br>I Prodotti dovranno essere restituiti<\/li><\/ol><ul class=\"wp-block-list\"><li>correttamente imballati nella loro confezione originale, non rovinati, danneggiati o<br>sporcati. In caso di smarrimento della confezione originale, il Cliente dovr\u00e0, a propria cura<br>e spese, provvedere alla sostituzione della stessa al fine di poter procedere alla<br>restituzione dei Prodotti Maleedizioni;<ul class=\"wp-block-list\"><li class=\"has-normal-font-size\">muniti del documento di trasporto (presente nell\u2019imballo originale), in modo da permettere<br>a Maleedizioni di identificare il cliente (numero dell\u2019Ordine, nome, cognome e indirizzo);<br>I costi della restituzione dei beni sono a carico di Maleedizioni purch\u00e9 il cliente utilizzi i<br>documenti per il reso forniti da Maleedizioni e spedisca la merce dal Paese nel quale \u00e8<br>avvenuta la consegna. In caso contrario, i costi della restituzione saranno a carico del<br>cliente. Il cliente \u00e8 responsabile per ogni diminuzione del valore della merce risultante da<br>una manipolazione dei beni diversa da quella necessaria per stabilire la natura, le<br>caratteristiche e il funzionamento dei prodotti stessi.<br><\/li><\/ul><\/li><\/ul><p class=\"has-normal-font-size\"><strong>6.3 Modulo standard di recesso<\/strong><br>Il cliente che intende recedere dal contratto \u00e8 pregato di spedirlo a:<\/p><p class=\"has-normal-font-size\">MALE srl via IV Novembre 114, 00187 ROMA mail: <a href=\"mailto:macchioni.ufficiale@gmail.com\" target=\"_blank\" rel=\"noreferrer noopener\">macchioni.ufficiale@gmail.com<\/a><\/p><p class=\"has-normal-font-size\"><br>Ferma restando la possibilit\u00e0 per il cliente di esercitare il diritto di recesso comunicando a<br>Maleedizioni qualsiasi altra dichiarazione esplicita della sua decisione di recedere dal<br>contratto sopra indicato il cliente pu\u00f2 utilizzare il seguente testo standard: Con la presente<br>io\/noi (<em>) notifico il recesso dal mio\/nostro (<\/em>) contratto concluso per l\u2019acquisto dei seguenti<br>beni<\/p><ul class=\"wp-block-list\"><li class=\"has-normal-font-size\">ordinato il (<em>) \/ ricevuto il (<\/em>)<\/li>\n\n<li class=\"has-normal-font-size\">nome dell\u2019acquirente(i)<\/li>\n\n<li class=\"has-normal-font-size\">indirizzo dell\u2019acquirente(i)<\/li>\n\n<li class=\"has-normal-font-size\">data<\/li>\n\n<li class=\"has-normal-font-size\">codice IBAN su cui effettuare l\u2019accredito:<\/li><\/ul><p class=\"has-normal-font-size\"><strong>7.Rimborsi<\/strong><br>Le fatture verranno emesse esclusivamente in formato elettronico.<br><strong>7.1<\/strong> I rimborsi sono accreditati direttamente sul conto o sullo strumento di pagamento<br>utilizzato in sede di acquisto. Per i pagamenti effettuati tramite bonifico bancario, il<br>rimborso sar\u00e0 effettuato sul conto utilizzato per il pagamento. Per i pagamenti effettuati<br>tramite Stripe o carta di credito, il rimborso sar\u00e0 effettuato sul conto Stripe o sulla carta di<br>credito.<\/p><p class=\"has-normal-font-size\"><strong>8.Servizio Clienti<\/strong><br>Per qualsiasi domanda inoltra mail a: macchioni.ufficiale@gmail.com<\/p><p class=\"has-normal-font-size\"><strong>9.Legge applicabile<\/strong><br><strong>9.1<\/strong> Le presenti CGV e i contratti di compravendita sono disciplinati dal diritto italiano (e in<br>particolare dal Codice del Consumo \u2013 che agli artt. da 46 a 67 disciplina i contratti a<br>distanza &#8211; e dal Decreto Legislativo 70 del 09\/04\/2003 in materia di commercio elettronico)<br>e alla luce di questo devono essere interpretate.<\/p><p class=\"has-normal-font-size\"><br><strong>I nostri migliori saluti,<br>MALE srl<\/strong><br>Via IV Novembre 114<br>00187 ROMA<\/p>","protected":false},"excerpt":{"rendered":"<p>Riepilogo delle Condizioni Generali di Contrattazione Le Condizioni Generali di Contrattazione forniscono una panoramica dei nostri servizi suMaleedizioni.it Le nostre offerte sono rivolte esclusivamente ai consumatori che effettuanol&#8217;acquisto per scopi privati. Condizioni Generali di Vendita PDF downloadCondizioni Generali di Vendita (CGV) per gli acquisti effettuati online sulsito www.maleedizioni.it MALE srl Via IV Novembre, 114 00187 [&hellip;]<\/p>\n","protected":false},"author":2,"featured_media":0,"parent":0,"menu_order":0,"comment_status":"closed","ping_status":"closed","template":"","meta":{"footnotes":""},"class_list":["post-665","page","type-page","status-publish","hentry"],"yoast_head":"<!-- This site is optimized with the Yoast SEO plugin v24.6 - https:\/\/yoast.com\/wordpress\/plugins\/seo\/ -->\n<title>Condizioni di vendita Male Edizioni Casa editrice<\/title>\n<meta name=\"description\" content=\"Condizioni di vendita Male Edizioni Casa editrice\" \/>\n<meta name=\"robots\" content=\"index, follow, max-snippet:-1, max-image-preview:large, max-video-preview:-1\" \/>\n<link rel=\"canonical\" href=\"https:\/\/maleedizione.it\/negozio\/condizioni-di-vendita\/\" \/>\n<meta property=\"og:locale\" content=\"it_IT\" \/>\n<meta property=\"og:type\" content=\"article\" \/>\n<meta property=\"og:title\" content=\"Condizioni di vendita Male Edizioni Casa editrice\" \/>\n<meta property=\"og:description\" content=\"Condizioni di vendita Male Edizioni Casa editrice\" \/>\n<meta property=\"og:url\" content=\"https:\/\/maleedizione.it\/negozio\/condizioni-di-vendita\/\" \/>\n<meta property=\"og:site_name\" content=\"Male Edizioni\" \/>\n<meta property=\"article:modified_time\" content=\"2024-05-27T09:28:55+00:00\" \/>\n<meta name=\"twitter:card\" content=\"summary_large_image\" \/>\n<meta name=\"twitter:label1\" content=\"Tempo di lettura stimato\" \/>\n\t<meta name=\"twitter:data1\" content=\"11 minuti\" \/>\n<script type=\"application\/ld+json\" class=\"yoast-schema-graph\">{\"@context\":\"https:\/\/schema.org\",\"@graph\":[{\"@type\":\"WebPage\",\"@id\":\"https:\/\/maleedizione.it\/negozio\/condizioni-di-vendita\/\",\"url\":\"https:\/\/maleedizione.it\/negozio\/condizioni-di-vendita\/\",\"name\":\"Condizioni di vendita Male Edizioni Casa editrice\",\"isPartOf\":{\"@id\":\"https:\/\/maleedizione.it\/negozio\/#website\"},\"datePublished\":\"2024-02-02T10:45:23+00:00\",\"dateModified\":\"2024-05-27T09:28:55+00:00\",\"description\":\"Condizioni di vendita Male Edizioni Casa editrice\",\"breadcrumb\":{\"@id\":\"https:\/\/maleedizione.it\/negozio\/condizioni-di-vendita\/#breadcrumb\"},\"inLanguage\":\"it-IT\",\"potentialAction\":[{\"@type\":\"ReadAction\",\"target\":[\"https:\/\/maleedizione.it\/negozio\/condizioni-di-vendita\/\"]}]},{\"@type\":\"BreadcrumbList\",\"@id\":\"https:\/\/maleedizione.it\/negozio\/condizioni-di-vendita\/#breadcrumb\",\"itemListElement\":[{\"@type\":\"ListItem\",\"position\":1,\"name\":\"Home\",\"item\":\"https:\/\/maleedizione.it\/negozio\/\"},{\"@type\":\"ListItem\",\"position\":2,\"name\":\"Condizioni di vendita\"}]},{\"@type\":\"WebSite\",\"@id\":\"https:\/\/maleedizione.it\/negozio\/#website\",\"url\":\"https:\/\/maleedizione.it\/negozio\/\",\"name\":\"Male Edizioni\",\"description\":\"L&#039;editoria Indipendente\",\"publisher\":{\"@id\":\"https:\/\/maleedizione.it\/negozio\/#organization\"},\"potentialAction\":[{\"@type\":\"SearchAction\",\"target\":{\"@type\":\"EntryPoint\",\"urlTemplate\":\"https:\/\/maleedizione.it\/negozio\/?s={search_term_string}\"},\"query-input\":{\"@type\":\"PropertyValueSpecification\",\"valueRequired\":true,\"valueName\":\"search_term_string\"}}],\"inLanguage\":\"it-IT\"},{\"@type\":\"Organization\",\"@id\":\"https:\/\/maleedizione.it\/negozio\/#organization\",\"name\":\"Male Edizioni\",\"url\":\"https:\/\/maleedizione.it\/negozio\/\",\"logo\":{\"@type\":\"ImageObject\",\"inLanguage\":\"it-IT\",\"@id\":\"https:\/\/maleedizione.it\/negozio\/#\/schema\/logo\/image\/\",\"url\":\"https:\/\/maleedizione.it\/negozio\/wp-content\/uploads\/2024\/01\/male-edizioni-ecommerce-logo-editoria-indipendente.webp\",\"contentUrl\":\"https:\/\/maleedizione.it\/negozio\/wp-content\/uploads\/2024\/01\/male-edizioni-ecommerce-logo-editoria-indipendente.webp\",\"width\":397,\"height\":100,\"caption\":\"Male Edizioni\"},\"image\":{\"@id\":\"https:\/\/maleedizione.it\/negozio\/#\/schema\/logo\/image\/\"}}]}<\/script>\n<!-- \/ Yoast SEO plugin. -->","yoast_head_json":{"title":"Condizioni di vendita Male Edizioni Casa editrice","description":"Condizioni di vendita Male Edizioni Casa editrice","robots":{"index":"index","follow":"follow","max-snippet":"max-snippet:-1","max-image-preview":"max-image-preview:large","max-video-preview":"max-video-preview:-1"},"canonical":"https:\/\/maleedizione.it\/negozio\/condizioni-di-vendita\/","og_locale":"it_IT","og_type":"article","og_title":"Condizioni di vendita Male Edizioni Casa editrice","og_description":"Condizioni di vendita Male Edizioni Casa editrice","og_url":"https:\/\/maleedizione.it\/negozio\/condizioni-di-vendita\/","og_site_name":"Male Edizioni","article_modified_time":"2024-05-27T09:28:55+00:00","twitter_card":"summary_large_image","twitter_misc":{"Tempo di lettura stimato":"11 minuti"},"schema":{"@context":"https:\/\/schema.org","@graph":[{"@type":"WebPage","@id":"https:\/\/maleedizione.it\/negozio\/condizioni-di-vendita\/","url":"https:\/\/maleedizione.it\/negozio\/condizioni-di-vendita\/","name":"Condizioni di vendita Male Edizioni Casa editrice","isPartOf":{"@id":"https:\/\/maleedizione.it\/negozio\/#website"},"datePublished":"2024-02-02T10:45:23+00:00","dateModified":"2024-05-27T09:28:55+00:00","description":"Condizioni di vendita Male Edizioni Casa editrice","breadcrumb":{"@id":"https:\/\/maleedizione.it\/negozio\/condizioni-di-vendita\/#breadcrumb"},"inLanguage":"it-IT","potentialAction":[{"@type":"ReadAction","target":["https:\/\/maleedizione.it\/negozio\/condizioni-di-vendita\/"]}]},{"@type":"BreadcrumbList","@id":"https:\/\/maleedizione.it\/negozio\/condizioni-di-vendita\/#breadcrumb","itemListElement":[{"@type":"ListItem","position":1,"name":"Home","item":"https:\/\/maleedizione.it\/negozio\/"},{"@type":"ListItem","position":2,"name":"Condizioni di vendita"}]},{"@type":"WebSite","@id":"https:\/\/maleedizione.it\/negozio\/#website","url":"https:\/\/maleedizione.it\/negozio\/","name":"Male Edizioni","description":"L&#039;editoria Indipendente","publisher":{"@id":"https:\/\/maleedizione.it\/negozio\/#organization"},"potentialAction":[{"@type":"SearchAction","target":{"@type":"EntryPoint","urlTemplate":"https:\/\/maleedizione.it\/negozio\/?s={search_term_string}"},"query-input":{"@type":"PropertyValueSpecification","valueRequired":true,"valueName":"search_term_string"}}],"inLanguage":"it-IT"},{"@type":"Organization","@id":"https:\/\/maleedizione.it\/negozio\/#organization","name":"Male Edizioni","url":"https:\/\/maleedizione.it\/negozio\/","logo":{"@type":"ImageObject","inLanguage":"it-IT","@id":"https:\/\/maleedizione.it\/negozio\/#\/schema\/logo\/image\/","url":"https:\/\/maleedizione.it\/negozio\/wp-content\/uploads\/2024\/01\/male-edizioni-ecommerce-logo-editoria-indipendente.webp","contentUrl":"https:\/\/maleedizione.it\/negozio\/wp-content\/uploads\/2024\/01\/male-edizioni-ecommerce-logo-editoria-indipendente.webp","width":397,"height":100,"caption":"Male Edizioni"},"image":{"@id":"https:\/\/maleedizione.it\/negozio\/#\/schema\/logo\/image\/"}}]}},"_links":{"self":[{"href":"https:\/\/maleedizione.it\/negozio\/wp-json\/wp\/v2\/pages\/665","targetHints":{"allow":["GET"]}}],"collection":[{"href":"https:\/\/maleedizione.it\/negozio\/wp-json\/wp\/v2\/pages"}],"about":[{"href":"https:\/\/maleedizione.it\/negozio\/wp-json\/wp\/v2\/types\/page"}],"author":[{"embeddable":true,"href":"https:\/\/maleedizione.it\/negozio\/wp-json\/wp\/v2\/users\/2"}],"replies":[{"embeddable":true,"href":"https:\/\/maleedizione.it\/negozio\/wp-json\/wp\/v2\/comments?post=665"}],"version-history":[{"count":3,"href":"https:\/\/maleedizione.it\/negozio\/wp-json\/wp\/v2\/pages\/665\/revisions"}],"predecessor-version":[{"id":854,"href":"https:\/\/maleedizione.it\/negozio\/wp-json\/wp\/v2\/pages\/665\/revisions\/854"}],"wp:attachment":[{"href":"https:\/\/maleedizione.it\/negozio\/wp-json\/wp\/v2\/media?parent=665"}],"curies":[{"name":"wp","href":"https:\/\/api.w.org\/{rel}","templated":true}]}}